{"id":2701,"date":"2020-12-24T23:13:01","date_gmt":"2020-12-24T23:13:01","guid":{"rendered":"https:\/\/proterm.md\/?page_id=2701"},"modified":"2022-03-18T08:49:43","modified_gmt":"2022-03-18T06:49:43","slug":"cariera","status":"publish","type":"page","link":"https:\/\/proterm.md\/ro\/cariera\/","title":{"rendered":"Cariera"},"content":{"rendered":"<div class=\"wpb-content-wrapper\"><p>[vc_row][vc_column][vc_single_image image=&#8221;3306&#8243; img_size=&#8221;full&#8221; alignment=&#8221;center&#8221; parallax_scroll=&#8221;no&#8221;][\/vc_column][\/vc_row][vc_row][vc_column mobile_bg_img_hidden=&#8221;no&#8221; tablet_bg_img_hidden=&#8221;no&#8221; woodmart_parallax=&#8221;0&#8243; woodmart_sticky_column=&#8221;false&#8221; parallax_scroll=&#8221;no&#8221; mobile_reset_margin=&#8221;no&#8221; tablet_reset_margin=&#8221;no&#8221;][vc_column_text text_larger=&#8221;no&#8221;]<\/p>\n<h3><strong>Deveni\u021bi parte a echipei noastre!<\/strong><\/h3>\n<p>Suntem interesa\u021bi de cooperarea cu tineri speciali\u0219ti \u00een domeniul dat. Vei fi mul\u021bumit s\u0103 lucrezi cu noi. Dac\u0103 sunte\u021bi muncitor, ave\u021bi o g\u00e2ndire simpl\u0103 \u0219i sunte\u021bi gata s\u0103 lua\u021bi decizii responsabile, v\u0103 vom admite cu pl\u0103cere \u00een echipa noastr\u0103 de profesioni\u0219ti.<\/p>\n<p>De peste 20 de ani oferim clien\u021bilor no\u0219tri servicii si produse de cea mai \u00eenalt\u0103 calitate. \u00cei trat\u0103m pe fiecare dintre angaja\u021bii no\u0219tri cu grij\u0103, preg\u0103tire \u0219i profesionalism. De asemenea, suntem deschi\u0219i la idei noi care ne vor ajuta s\u0103 atingem noi obiective.<\/p>\n<p>Toate condi\u021biile au fost create \u00een compania noastr\u0103, astfel \u00eenc\u00e2t fiecare angajat s\u0103 se simt\u0103 ca o parte important\u0103 a companiei noastre \u0219i o echip\u0103 prietenoas\u0103.<\/p>\n<p>Este foarte u\u0219or s\u0103 face\u021bi parte din echipa noastr\u0103, contacta\u021bi-ne \u0219i v\u0103 vom ajuta s\u0103 v\u0103 construi\u021bi cariera de vis.[\/vc_column_text][\/vc_column][\/vc_row][vc_row][vc_column][vc_single_image image=&#8221;2984&#8243; alignment=&#8221;center&#8221; parallax_scroll=&#8221;no&#8221;][\/vc_column][\/vc_row]<\/p>\n<\/div>","protected":false},"excerpt":{"rendered":"<p>[vc_row][vc_column][vc_single_image image=&#8221;3306&#8243; img_size=&#8221;full&#8221; alignment=&#8221;center&#8221; parallax_scroll=&#8221;no&#8221;][\/vc_column][\/vc_row][vc_row][vc_column mobile_bg_img_hidden=&#8221;no&#8221; tablet_bg_img_hidden=&#8221;no&#8221; woodmart_parallax=&#8221;0&#8243; woodmart_sticky_column=&#8221;false&#8221; parallax_scroll=&#8221;no&#8221; mobile_reset_margin=&#8221;no&#8221; tablet_reset_margin=&#8221;no&#8221;][vc_column_text text_larger=&#8221;no&#8221;] Deveni\u021bi parte a echipei noastre! Suntem interesa\u021bi<\/p>\n","protected":false},"author":1,"featured_media":0,"parent":0,"menu_order":0,"comment_status":"closed","ping_status":"closed","template":"","meta":{"_joinchat":[],"footnotes":""},"class_list":["post-2701","page","type-page","status-publish","hentry"],"_links":{"self":[{"href":"https:\/\/proterm.md\/ro\/wp-json\/wp\/v2\/pages\/2701","targetHints":{"allow":["GET"]}}],"collection":[{"href":"https:\/\/proterm.md\/ro\/wp-json\/wp\/v2\/pages"}],"about":[{"href":"https:\/\/proterm.md\/ro\/wp-json\/wp\/v2\/types\/page"}],"author":[{"embeddable":true,"href":"https:\/\/proterm.md\/ro\/wp-json\/wp\/v2\/users\/1"}],"replies":[{"embeddable":true,"href":"https:\/\/proterm.md\/ro\/wp-json\/wp\/v2\/comments?post=2701"}],"version-history":[{"count":0,"href":"https:\/\/proterm.md\/ro\/wp-json\/wp\/v2\/pages\/2701\/revisions"}],"wp:attachment":[{"href":"https:\/\/proterm.md\/ro\/wp-json\/wp\/v2\/media?parent=2701"}],"curies":[{"name":"wp","href":"https:\/\/api.w.org\/{rel}","templated":true}]}}