{"id":2740,"date":"2020-12-27T10:37:56","date_gmt":"2020-12-27T10:37:56","guid":{"rendered":"https:\/\/proterm.md\/?page_id=2740"},"modified":"2024-07-26T12:48:07","modified_gmt":"2024-07-26T10:48:07","slug":"despre-noi","status":"publish","type":"page","link":"https:\/\/proterm.md\/ro\/despre-noi\/","title":{"rendered":"DESPRE NOI"},"content":{"rendered":"<div class=\"wpb-content-wrapper\"><p>[vc_row][vc_column][vc_single_image image=&#8221;15241&#8243; img_size=&#8221;full&#8221; alignment=&#8221;center&#8221; parallax_scroll=&#8221;no&#8221;][\/vc_column][\/vc_row][vc_row][vc_column][vc_column_text text_larger=&#8221;no&#8221;]Filosofia de baz\u0103 a companiei noastre; pentru a atinge cea mai \u00eenalt\u0103 calitate \u00een toate domeniile de v\u00e2nz\u0103ri \u0219i servicii post-v\u00e2nzare, pentru a reprezenta clien\u021bii no\u0219tri \u0219i a asigura continuitatea acestora. Ca ,,Proterm Grup\u201c SRL, ne \u00eendeplinim datoria \u00een sector de peste 20 de ani, f\u0103r\u0103 a ne \u00eenc\u0103lca regulile, \u00een a\u0219a fel \u00eenc\u00e2t calitatea s\u0103 se \u00eembun\u0103t\u0103\u021beasc\u0103 \u00een fiecare zi.<\/p>\n<p>Compania Proterm Grup ofer\u0103 o gam\u0103 larg\u0103 de echipamente \u0219i instrumente pentru sistemele de \u00eenc\u0103lzire, instala\u021bii sanitare \u0219i de aer condi\u021bionat, oferind solu\u021bii din ce \u00een ce mai performate \u0219i de genera\u021bie nou\u0103. La Proterm Grup pute\u021bi achizi\u021biona sau comanda orice echipament de inginerie la pre\u021buri accesibile.<\/p>\n<p><strong>,,Proterm Grup\u201c SRL<\/strong>\u00a0 este unul din furnizorii deja cunoscu\u021bi pe pia\u021ba Republicii Moldova \u00een comercializarea sistemelor autonome de \u00eenc\u0103lzire , climatizare \u0219i aprovizionare\u00a0 cu ap\u0103, importate din str\u0103in\u0103tate.<\/p>\n<p>\u00centreprinderea a fost \u00eenregistrat\u0103 la Camera\u00a0 \u00cenregistr\u0103rii de Stat pe l\u00e2ng\u0103\u00a0 Ministerul Justi\u021biei\u00a0 a Republicii Moldova \u00een 14.11.2001. cu num\u0103r de \u00eenregistrare\u00a0 1003600070298.<\/p>\n<p>Pe parcursul anilor de la \u00eenfiin\u021bare, <strong>Proterm Grup<\/strong> a reu\u0219it s\u0103 c\u00e2\u0219tige \u00eencrederea cump\u0103r\u0103torilor\u00a0 \u0219i respectul concuren\u021bilor. \u00cen afar\u0103 de sistemele autonome de \u00eenc\u0103lzire\u00a0 standard, firma comercializeaz\u0103 diverse tipuri de\u00a0 utilaj la cererea clientului. Un plus considerabil al activit\u0103\u021bii companiei este \u00eendeplinirea \u00eentregului complex de lucr\u0103ri, \u00eencep\u00e2nd de la proiectarea\u00a0 sistemului autonom p\u00e2n\u0103 la instalarea lui. De asemenea,\u00a0\u00a0 firma poart\u0103 r\u0103spundere\u00a0 pentru\u00a0 exploatarea \u00eentregului sistem. Societatea\u00a0 are propriul departament de \u201eservice\u201d, cu orar de func\u021bionare 24\/24, care are ca activitate\u00a0 repara\u021bia\u00a0 \u0219i deservirea tehnic\u0103 a utilajului de gaze si accesorii sisteme termice si hidraulice. Mai mult dec\u00e2t at\u00e2t, 40% din serviciile prestate sunt destinate sferei industriale. Astfel, produc\u021bia comercializat\u0103 de <strong>Proterm Grup SRL<\/strong> nu numai creeaz\u0103\u00a0 confort, ci \u0219i contribuie la realizarea unor procese tehnologice\u00a0 la \u00eentreprinderile industriale.<\/p>\n<p>\u00cen prezent, direc\u021bia principal\u0103 a Societ\u0103\u021bii\u00a0 reprezint\u0103 sistemele autonome de \u00eenc\u0103lzire, climatizare \u0219i asigurare cu ap\u0103 sanitar\u0103 (cazangerii, minicentrale\u00a0 termice, pompe, diverse tipuri de radiatoare, fitinguri \u0219i \u021bevi de diferite tipuri si domenii de aplicare), automatizarea centralelor termice de capacitate sporit\u0103, procesul fiind\u00a0 conceput de la elaborarea\u00a0 proiectului, construirea utilajului automatizat\u00a0 propriu-zis \u0219i montarea acestuia, sisteme fotovoltaice si generatoare eoliene.<\/p>\n<p>Ast\u0103zi <strong>Proterm Grup<\/strong> <strong>SRL<\/strong> men\u021bine rela\u021bii de colaborare cu\u00a0 firmele din Italia, Germania, Cehia, Slovacia, China \u0219i alte \u021b\u0103ri: Conti SRI, ARCA SRL, UNICAL SPA, SEA-LAND SRL, Yuhuan Xinfan Copper Industry LTD (China), EMMETI SPA, CIUWA, Drazice, Unmak, etc. reprezentan\u021b\u0103\u00a0 vestitului concern American CARRIER\u00a0 din Turcia\u00a0 etc.<\/p>\n<p>Speciali\u0219tii tehnici ai companiei au efectuat stagiare nemijlocit la produc\u0103torii de utilaj, ob\u021bin\u00e2nd certificatele de confirmare tehnico-profesionale.<\/p>\n<p>Compania ofer\u0103\u00a0 produsele si serviciile sale \u00eentr-un sortiment larg\u00a0 \u0219i \u00een conformitate\u00a0 cu preferin\u021bele\u00a0 consumatorilor, ceea ce, speram, va permite companiei s\u0103 fie competitiv\u0103 pe pia\u021ba si sa reac\u021bioneze la orice solicitare.[\/vc_column_text][\/vc_column][\/vc_row]<\/p>\n<\/div>","protected":false},"excerpt":{"rendered":"<p>[vc_row][vc_column][vc_single_image image=&#8221;15241&#8243; img_size=&#8221;full&#8221; alignment=&#8221;center&#8221; parallax_scroll=&#8221;no&#8221;][\/vc_column][\/vc_row][vc_row][vc_column][vc_column_text text_larger=&#8221;no&#8221;]Filosofia de baz\u0103 a companiei noastre; pentru a atinge cea mai \u00eenalt\u0103 calitate \u00een toate<\/p>\n","protected":false},"author":1,"featured_media":0,"parent":0,"menu_order":0,"comment_status":"closed","ping_status":"closed","template":"","meta":{"_joinchat":[],"footnotes":""},"class_list":["post-2740","page","type-page","status-publish","hentry"],"_links":{"self":[{"href":"https:\/\/proterm.md\/ro\/wp-json\/wp\/v2\/pages\/2740","targetHints":{"allow":["GET"]}}],"collection":[{"href":"https:\/\/proterm.md\/ro\/wp-json\/wp\/v2\/pages"}],"about":[{"href":"https:\/\/proterm.md\/ro\/wp-json\/wp\/v2\/types\/page"}],"author":[{"embeddable":true,"href":"https:\/\/proterm.md\/ro\/wp-json\/wp\/v2\/users\/1"}],"replies":[{"embeddable":true,"href":"https:\/\/proterm.md\/ro\/wp-json\/wp\/v2\/comments?post=2740"}],"version-history":[{"count":0,"href":"https:\/\/proterm.md\/ro\/wp-json\/wp\/v2\/pages\/2740\/revisions"}],"wp:attachment":[{"href":"https:\/\/proterm.md\/ro\/wp-json\/wp\/v2\/media?parent=2740"}],"curies":[{"name":"wp","href":"https:\/\/api.w.org\/{rel}","templated":true}]}}