{"id":2988,"date":"2021-01-15T18:11:07","date_gmt":"2021-01-15T18:11:07","guid":{"rendered":"https:\/\/proterm.md\/?page_id=2988"},"modified":"2024-06-28T10:29:55","modified_gmt":"2024-06-28T08:29:55","slug":"informatia_de_confidentialitate","status":"publish","type":"page","link":"https:\/\/proterm.md\/ro\/informatia_de_confidentialitate\/","title":{"rendered":"Politica de Confiden\u021bialitate"},"content":{"rendered":"<div class=\"wpb-content-wrapper\"><p>[vc_row][vc_column][vc_column_text text_larger=&#8221;no&#8221;]1. Confiden\u021bialitatea dvs. este important\u0103 pentru noi. Acest site folose\u0219te cookie-uri si colecteaza date automat doar pentru a usura navigarea pe el (nu mai mult). Alte date colectate &#8211; sunt colectate in mod automat de partea de server , nici de cum de persoane fixice.<\/p>\n<p>2. Politica proterm.md este de a v\u0103 respecta confiden\u021bialitatea cu privire la orice informa\u021bii pe care le putem colecta de la dvs. pe site-ul nostru web https:\/\/proterm.md\/, \u0219i alte site-uri pe care le de\u021binem \u0219i oper\u0103m. Nu \u00eemp\u0103rt\u0103\u0219im niciun fel de informa\u021bii de identificare personal\u0103 \u00een mod public sau cu ter\u021bi, cu excep\u021bia cazului \u00een care legea impune acest lucru.<\/p>\n<p>3. Materialele care apar pe site-ul https:\/\/proterm.md\/ pot include erori tehnice, tipografice sau fotografice. proterm.md nu garanteaz\u0103 c\u0103 oricare dintre materialele de pe site-ul s\u0103u web este corect, complet sau actual. https:\/\/proterm.md\/ poate aduce modific\u0103ri materialelor con\u021binute pe site-ul s\u0103u web \u00een orice moment, f\u0103r\u0103 notificare prealabil\u0103. Totu\u0219i proterm.md nu \u00ee\u0219i asum\u0103 angajamentul de a actualiza materialele.<\/p>\n<p>4. Folosi\u021bi licen\u021ba<br \/>\nSe acord\u0103 permisiunea de a desc\u0103rca temporar o copie a materialelor (informa\u021bii sau software) pe proterm.md numai pentru vizualizare tranzitorie personal\u0103, necomercial\u0103. Aceasta este acordarea unei licen\u021be, nu a unui transfer de titlu, iar \u00een baza acestei licen\u021be nu pute\u021bi:<br \/>\nmodifica\u021bi sau copia\u021bi materialele;<\/p>\n<p>5. \u00cen niciun caz https:\/\/proterm.md\/ sau furnizorii s\u0103i nu vor fi r\u0103spunz\u0103tori pentru orice daune (inclusiv, f\u0103r\u0103 limitare, daune pentru pierderea de date sau profit, sau din cauza \u00eentreruperii afacerii) rezultate din utilizarea sau incapacitatea de a utiliza materialele de pe site-ul proterm, chiar dac\u0103 proterm.md sau un reprezentant \u0430utorizat proterm.md a fost notificat oral sau \u00een scris cu privire la posibilitatea unei astfel de daune. Deoarece unele jurisdic\u021bii nu permit limit\u0103ri ale garan\u021biilor implicite sau limit\u0103ri ale r\u0103spunderii pentru daunele indirecte sau incidentale, este posibil ca aceste limit\u0103ri s\u0103 nu se aplice pentru dvs.<\/p>\n<p>6. Link-uri<br \/>\nhttps:\/\/proterm.md\/ nu a revizuit toate site-urile legate de site-ul s\u0103u \u0219i nu este responsabil pentru con\u021binutul unui astfel de site conectat. Includerea oric\u0103rui link nu implic\u0103 aprobarea de c\u0103tre https:\/\/proterm.md\/ a site-ului. Utilizarea oric\u0103rui astfel de site web conectat se face la propriul utilizator.<\/p>\n<p>7. Aceste cookie-uri sunt anonime, ele stocheaza informatii despre continutul vizualizat, nu despre utilizatori.<br \/>\nUtilizatorul este in drept de a nu accesa site-ul https:\/\/proterm.md . Pentru aceasta el trebuie sa citeasca cu atentie politica de confidentialitate.<br \/>\nPute\u021bi bloca cookie-urile din set\u0103rile browserului, care v\u0103 permite s\u0103 refuza\u021bi par\u021bial sau total cookie-urile. Cu toate acestea, dac\u0103 utiliza\u021bi set\u0103rile browserului pentru a bloca toate cookie-urile (inclusiv cookie-urile esen\u021biale), este posibil s\u0103 nu pute\u021bi accesa site-ul sau p\u0103r\u021bi din site-ul nostru.<\/p>\n<p>8. Toate centralele termice \u00een condensare obligatoriu trebuie s\u0103 fie montate cu filtru magnetic. \u00cen caz contrar garan\u021bia nu va putea fi valida.<\/p>\n<p>Modul prin care se pot dezactiva cookie-urile pentru cele mai populare browsere:<\/p>\n<p>Mozilla Firefox: https:\/\/support.mozilla.org\/ro\/kb\/activarea-si-dezactivarea-cookie-urilor<br \/>\nGoogle Chrome: https:\/\/support.google.com\/accounts\/answer\/61416?co=GENIE.Platform%3DDesktop&amp;hl=en<br \/>\nInternet Explorer: https:\/\/support.microsoft.com\/ro-ro\/help\/17442\/windows-internet-explorer-delete-manage-cookies<br \/>\nSafari: https:\/\/support.apple.com\/kb\/PH21411?locale=en_US<br \/>\nOpera: https:\/\/www.opera.com\/help\/tutorials\/security\/privacy\/<br \/>\nEdge: https:\/\/privacy.microsoft.com\/en-us\/windows-10-microsoft-edge-and-privacy[\/vc_column_text][\/vc_column][\/vc_row]<\/p>\n<\/div>","protected":false},"excerpt":{"rendered":"<p>[vc_row][vc_column][vc_column_text text_larger=&#8221;no&#8221;]1. Confiden\u021bialitatea dvs. este important\u0103 pentru noi. Acest site folose\u0219te cookie-uri si colecteaza date automat doar pentru a usura<\/p>\n","protected":false},"author":1,"featured_media":0,"parent":0,"menu_order":0,"comment_status":"closed","ping_status":"closed","template":"","meta":{"_joinchat":[],"footnotes":""},"class_list":["post-2988","page","type-page","status-publish","hentry"],"_links":{"self":[{"href":"https:\/\/proterm.md\/ro\/wp-json\/wp\/v2\/pages\/2988","targetHints":{"allow":["GET"]}}],"collection":[{"href":"https:\/\/proterm.md\/ro\/wp-json\/wp\/v2\/pages"}],"about":[{"href":"https:\/\/proterm.md\/ro\/wp-json\/wp\/v2\/types\/page"}],"author":[{"embeddable":true,"href":"https:\/\/proterm.md\/ro\/wp-json\/wp\/v2\/users\/1"}],"replies":[{"embeddable":true,"href":"https:\/\/proterm.md\/ro\/wp-json\/wp\/v2\/comments?post=2988"}],"version-history":[{"count":0,"href":"https:\/\/proterm.md\/ro\/wp-json\/wp\/v2\/pages\/2988\/revisions"}],"wp:attachment":[{"href":"https:\/\/proterm.md\/ro\/wp-json\/wp\/v2\/media?parent=2988"}],"curies":[{"name":"wp","href":"https:\/\/api.w.org\/{rel}","templated":true}]}}