{"id":10034,"date":"2025-06-23T11:14:31","date_gmt":"2025-06-23T09:14:31","guid":{"rendered":"https:\/\/proterm.md\/?post_type=product&#038;p=10034"},"modified":"2025-06-23T11:14:31","modified_gmt":"2025-06-23T09:14:31","slug":"unical_kon_b_28kw","status":"publish","type":"product","link":"https:\/\/proterm.md\/ro\/product\/unical_kon_b_28kw\/","title":{"rendered":"Cazan pe gaz Unical KON B 28 KW"},"content":{"rendered":"<div class=\"wpb-content-wrapper\"><p>[vc_row][vc_column][vc_column_text text_larger=&#8221;no&#8221;]Schimb\u0103tor de c\u0103ldur\u0103 din aliaj de aluminiu\/siliciu\/magneziu<br \/>\nArz\u0103tor de premix complet cu raport de ardere constant, supap\u0103 de gaz controlat\u0103 complet electronic \u0219i ventilator modulator<br \/>\nCazan \u201eUltra-rapid\u201d din o\u021bel inoxidabil de 60 de litri cu difuzor pentru eficien\u021b\u0103 maxim\u0103 \u0219i anod de magneziu.<br \/>\nGrup hidraulic \u00eencorporat care include:<br \/>\n&#8211; Pompa modulanta anti-blocare cu aerisire automata pentru circuitul de incalzire si prepararea ACM (umplerea cazanului) cu prioritate ACM<br \/>\n&#8211; Van\u0103 electric\u0103 cu trei c\u0103i cu prioritate la \u00eenc\u0103rcarea cazanului<br \/>\n&#8211; Bypass diferen\u021bial automat<br \/>\nRaport de modula\u021bie 1:6,3<br \/>\nPanou de control electronic care poate fi mutat in pozitie verticala<br \/>\nConexiune pentru termostat modulator\/termostat pornit\/oprit \u0219i senzor de temperatur\u0103 exterioar\u0103<br \/>\nUn electrod asigur\u0103 aprinderea \u0219i controlul electronic al fl\u0103c\u0103rii<br \/>\nPomp\u0103 de \u00eenalt\u0103 performan\u021b\u0103 conform Directivei ErP 2015, modulant\u0103 \u00een func\u021bie de puterea cerut\u0103 \u0219i controlat\u0103 de o unitate electronic\u0103 de control al programului<br \/>\nSupapa de siguran\u021b\u0103 setat\u0103 la 3 bar<br \/>\nTermostat de siguranta<br \/>\nSenzor temperatur\u0103 tur\/retur<br \/>\nSenzor de temperatura apei calde (situat in cazan)<br \/>\nRezervor de expansiune al circuitului de \u00eenc\u0103lzire cu un volum de 10 litri<br \/>\nVas de expansiune al circuitului ACM cu un volum de 3 litri<br \/>\nControl a 2 circuite: temperatura inalta si scazuta, cu prioritate diferentiala<br \/>\nFunc\u021bie anti-blocare pomp\u0103<br \/>\nFunc\u021bia de dep\u0103\u0219ire a pompei<br \/>\nFunc\u021bia anti-legionella<br \/>\nFunc\u021bia ANTIFAST reduce ciclurile de pornire \u0219i oprire care au ca rezultat un consum crescut de combustibil.<br \/>\nReglarea puterii maxime \u00een regim de \u00eenc\u0103lzire<br \/>\nVizualizarea blocajului \u00een absen\u021ba unei fl\u0103c\u0103ri \u0219i diagnosticare cu un cod de eroare alfanumeric pe multifunc\u021bional<br \/>\nafi\u0219aj cu cristale lichide (func\u021bioneaz\u0103 \u00een modul de economisire a energiei)<br \/>\nReglarea temperaturii circuitului de \u00eenc\u0103lzire de la 30 la 85 \u00b0C<br \/>\nReglarea temperaturii circuitului ACM de la 25 la 65 \u00b0 C<br \/>\nSistemul electronic de control al cazanului are functie de protectie la inghet.<br \/>\nSifon pentru evacuarea condensului[\/vc_column_text][\/vc_column][\/vc_row]<\/p>\n<\/div>","protected":false},"excerpt":{"rendered":"<p>PUTERE UTIL\u0102 MINIM\u0102 \/ Nominal\u0103 \u00een CONDENS &#8211; 4,56 &#8211; 28,5 kW<br \/>\nVOLUM BOILER &#8211; 60 Litri<br \/>\nPUTERE UTIL\u0102 minim\u0103 \/ nominal\u0103 &#8211; 4,2 &#8211; 27 kW<br \/>\nCAPACITATE TERMIC\u0102 minim \/ maxim &#8211; 4,4 &#8211; 28kW<br \/>\nCLASA DE PERFORMAN\u021a\u0102 (conform directivei CEE 92\/42) ****<br \/>\nEFICIENTA UTIL\u0102 la sarcin\u0103 nominal\u0103 \u00een CONDENS &#8211; 101,9%<br \/>\nEFICIENTA UTIL\u0102 la sarcin\u0103 minim\u0103 \u00een CONDENS &#8211; 103.7%<br \/>\nRENTABILITATE la 30% din sarcin\u0103 &#8211; 108,5%<br \/>\nEFICIENTA UTIL\u0102 la 100% sarcin\u0103 nominal\u0103 &#8211; 93.3%<br \/>\nCO2 (putere min.\/max) &#8211; 9,5%<br \/>\nCO la 0% O2 min.\/max ppm 13 &#8211; 102<br \/>\nNOx (valoare ponderat\u0103 conform EN 297 \/ A3 \u0219i EN 483) &#8211; 58mg \/ kWh<br \/>\nPRODUCERE CONDENS max &#8211; 4,5kg\/h<br \/>\nNOx clasa &#8211; 5<br \/>\nTEMPERATURA de functionare in incalzire min.\/max &#8211; 30 C\u00b0 &#8211; 85 C\u00b0<br \/>\nTEMPERATUR\u0102 REGLABIL\u0102 \u00ceN OBIECTE SANITARE &#8211; 25C\u00b0 &#8211; 65C\u00b0<br \/>\nPRODUCERE ACM amestecat cu 25 &#8211; 16l\/min<br \/>\nCAPACITATEA VASOULUI DE EXPANSIUNE &#8211; 10l<br \/>\nTENSIUNE \/ FRECVENTA DE ALIMENTARE &#8211; 230-50V-Hz<br \/>\nPUTEREA MAXIM\u0102 ABSORB\u0102 &#8211; 86W<br \/>\nDIMENSIUNI (HxLxD) 900x680x486 mm<br \/>\nGREUTATE NET\u0102 &#8211; 70,5 kg<br \/>\nGRAD DE PROTECTIE IP X4D<br \/>\nCATEGORIA DE APARATE II2H3P<\/p>\n<p data-wp-editing=\"1\"><a href=\"https:\/\/proterm.md\/wp-content\/uploads\/2022\/03\/Unical Kon B pdf.pdf&quot;\" target=\"_blank\" rel=\"noopener\" data-wp-editing=\"1\"><img decoding=\"async\" class=\"alignnone wp-image-7710\" src=\"https:\/\/proterm.md\/wp-content\/uploads\/2021\/02\/pdf.png\" alt=\"PDF download\" width=\"30\" height=\"30\" \/>Catalog<\/a><\/p>\n","protected":false},"featured_media":10036,"template":"","meta":{"_joinchat":[]},"product_brand":[],"product_cat":[84,53,15],"product_tag":[139],"class_list":{"0":"post-10034","1":"product","2":"type-product","3":"status-publish","4":"has-post-thumbnail","6":"product_cat-cazane_gaz_unical_ami","7":"product_cat-cazane_gaz","8":"product_cat-instalatii_incalzire","9":"product_tag-unical","10":"pa_brand-unical-gas-boilers","11":"pa_classic-boiler-or-condensed-condesed","12":"pa_heating-surface-236","13":"pa_power-boiler-kw-235","15":"first","16":"instock","17":"shipping-taxable","18":"product-type-simple"},"_links":{"self":[{"href":"https:\/\/proterm.md\/ro\/wp-json\/wp\/v2\/product\/10034","targetHints":{"allow":["GET"]}}],"collection":[{"href":"https:\/\/proterm.md\/ro\/wp-json\/wp\/v2\/product"}],"about":[{"href":"https:\/\/proterm.md\/ro\/wp-json\/wp\/v2\/types\/product"}],"wp:featuredmedia":[{"embeddable":true,"href":"https:\/\/proterm.md\/ro\/wp-json\/wp\/v2\/media\/10036"}],"wp:attachment":[{"href":"https:\/\/proterm.md\/ro\/wp-json\/wp\/v2\/media?parent=10034"}],"wp:term":[{"taxonomy":"product_brand","embeddable":true,"href":"https:\/\/proterm.md\/ro\/wp-json\/wp\/v2\/product_brand?post=10034"},{"taxonomy":"product_cat","embeddable":true,"href":"https:\/\/proterm.md\/ro\/wp-json\/wp\/v2\/product_cat?post=10034"},{"taxonomy":"product_tag","embeddable":true,"href":"https:\/\/proterm.md\/ro\/wp-json\/wp\/v2\/product_tag?post=10034"}],"curies":[{"name":"wp","href":"https:\/\/api.w.org\/{rel}","templated":true}]}}