{"id":10222,"date":"2022-03-18T13:39:15","date_gmt":"2022-03-18T11:39:15","guid":{"rendered":"https:\/\/proterm.md\/?post_type=product&#038;p=10222"},"modified":"2025-05-30T14:05:57","modified_gmt":"2025-05-30T12:05:57","slug":"instalare-pentru-bideu-kkpol","status":"publish","type":"product","link":"https:\/\/proterm.md\/ro\/product\/instalare-pentru-bideu-kkpol\/","title":{"rendered":"Cadru metalic pentru bideu KKPOL"},"content":{"rendered":"<p>Instalatii bideu Creavit la pret avantajos in magazinul online Proterm Grup \u2713 Reduceri \u2713 Garantie<\/p>","protected":false},"excerpt":{"rendered":"<p>Inaltime reglabila 1120 \u2013 1290 mm<br \/>\nLatime &#8211; 500 mm<br \/>\nAd\u00e2ncime reglabil\u0103 155 \u2013 235 mm<br \/>\nGreutate &#8211; 11,5 kg<br \/>\nProducator &#8211; Polonia<\/p>\n<p>\u2022 Dou\u0103 cuplaje din alam\u0103 G 1\/2\u2033 incluse<br \/>\n\u2022 Proiectat pentru ag\u0103\u021barea bideurilor \u00een construc\u021bii din gips carton<br \/>\n\u2022 Potrivit pentru majoritatea tipurilor de ceramic\u0103 de la diver\u0219i produc\u0103tori<br \/>\n\u2022 Echipat cu o plac\u0103 de leg\u0103tur\u0103 metalic\u0103<\/p>\n","protected":false},"featured_media":14108,"template":"","meta":{"_joinchat":[]},"product_brand":[],"product_cat":[121,343],"product_tag":[],"class_list":{"0":"post-10222","1":"product","2":"type-product","3":"status-publish","4":"has-post-thumbnail","6":"product_cat-carcase_butoane_veceu","7":"product_cat-baie-bucatarie","9":"first","10":"instock","11":"shipping-taxable","12":"product-type-simple"},"_links":{"self":[{"href":"https:\/\/proterm.md\/ro\/wp-json\/wp\/v2\/product\/10222","targetHints":{"allow":["GET"]}}],"collection":[{"href":"https:\/\/proterm.md\/ro\/wp-json\/wp\/v2\/product"}],"about":[{"href":"https:\/\/proterm.md\/ro\/wp-json\/wp\/v2\/types\/product"}],"wp:featuredmedia":[{"embeddable":true,"href":"https:\/\/proterm.md\/ro\/wp-json\/wp\/v2\/media\/14108"}],"wp:attachment":[{"href":"https:\/\/proterm.md\/ro\/wp-json\/wp\/v2\/media?parent=10222"}],"wp:term":[{"taxonomy":"product_brand","embeddable":true,"href":"https:\/\/proterm.md\/ro\/wp-json\/wp\/v2\/product_brand?post=10222"},{"taxonomy":"product_cat","embeddable":true,"href":"https:\/\/proterm.md\/ro\/wp-json\/wp\/v2\/product_cat?post=10222"},{"taxonomy":"product_tag","embeddable":true,"href":"https:\/\/proterm.md\/ro\/wp-json\/wp\/v2\/product_tag?post=10222"}],"curies":[{"name":"wp","href":"https:\/\/api.w.org\/{rel}","templated":true}]}}