{"id":10369,"date":"2022-03-28T08:48:54","date_gmt":"2022-03-28T06:48:54","guid":{"rendered":"https:\/\/proterm.md\/?post_type=product&#038;p=10369"},"modified":"2025-05-30T14:05:40","modified_gmt":"2025-05-30T12:05:40","slug":"robinet_lavuar_1-2_x_1-2_m-m","status":"publish","type":"product","link":"https:\/\/proterm.md\/ro\/product\/robinet_lavuar_1-2_x_1-2_m-m\/","title":{"rendered":"Robinet lavuar 1\/2&#8243; x 1\/2&#8243; M\/M"},"content":{"rendered":"<p>Robinetul sub lavuar din o\u021bel inoxidabil v\u0103 permite s\u0103 deconecta\u021bi \u00een mod autonom instala\u021biile sanitare \u0219i electrocasnicele de la sistemul de alimentare cu ap\u0103. Datorit\u0103 acestui fapt, poate fi oric\u00e2nd reparat sau \u00eenlocuit. Robinetul sub lavuar este fabricat din o\u021bel inoxidabil, prin urmare nu este supus oxid\u0103rii sub ac\u021biunea umidit\u0103\u021bii. \u0218i cartu\u0219ul s\u0103u ceramic blocheaz\u0103 str\u00e2ns trecerea atunci c\u00e2nd este \u00eenchis \u0219i nu se teme de ac\u021biunea apei.<\/p>","protected":false},"excerpt":{"rendered":"<p>Dimensiuni: DN 1\/2&#8243;x1\/2&#8243; M\/M<br \/>\nScop: Pentru cas\u0103<br \/>\nNume: robinet lavoar<br \/>\nTip supap\u0103: \u00cenchidere\/deschidere<br \/>\nMontare supap\u0103: Montare \u00een exterior<br \/>\nCuloare: Metalic<\/p>\n","protected":false},"featured_media":10370,"template":"","meta":{"_joinchat":[]},"product_brand":[],"product_cat":[714],"product_tag":[],"class_list":{"0":"post-10369","1":"product","2":"type-product","3":"status-publish","4":"has-post-thumbnail","6":"product_cat-robineti_lavuar_masina-de-spalat","8":"first","9":"instock","10":"shipping-taxable","11":"product-type-simple"},"_links":{"self":[{"href":"https:\/\/proterm.md\/ro\/wp-json\/wp\/v2\/product\/10369","targetHints":{"allow":["GET"]}}],"collection":[{"href":"https:\/\/proterm.md\/ro\/wp-json\/wp\/v2\/product"}],"about":[{"href":"https:\/\/proterm.md\/ro\/wp-json\/wp\/v2\/types\/product"}],"wp:featuredmedia":[{"embeddable":true,"href":"https:\/\/proterm.md\/ro\/wp-json\/wp\/v2\/media\/10370"}],"wp:attachment":[{"href":"https:\/\/proterm.md\/ro\/wp-json\/wp\/v2\/media?parent=10369"}],"wp:term":[{"taxonomy":"product_brand","embeddable":true,"href":"https:\/\/proterm.md\/ro\/wp-json\/wp\/v2\/product_brand?post=10369"},{"taxonomy":"product_cat","embeddable":true,"href":"https:\/\/proterm.md\/ro\/wp-json\/wp\/v2\/product_cat?post=10369"},{"taxonomy":"product_tag","embeddable":true,"href":"https:\/\/proterm.md\/ro\/wp-json\/wp\/v2\/product_tag?post=10369"}],"curies":[{"name":"wp","href":"https:\/\/api.w.org\/{rel}","templated":true}]}}