{"id":10375,"date":"2022-03-28T10:08:12","date_gmt":"2022-03-28T08:08:12","guid":{"rendered":"https:\/\/proterm.md\/?post_type=product&#038;p=10375"},"modified":"2026-05-11T11:23:02","modified_gmt":"2026-05-11T09:23:02","slug":"pasta-de-etansare-combinata-pentru-tevi-filetate-gasseal","status":"publish","type":"product","link":"https:\/\/proterm.md\/ro\/product\/pasta-de-etansare-combinata-pentru-tevi-filetate-gasseal\/","title":{"rendered":"Pasta de etansare combinata pentru tevi filetate Gasseal"},"content":{"rendered":"<div class=\"wpb-content-wrapper\"><p>[vc_row][vc_column][vc_column_text css=&#8221;&#8221; text_larger=&#8221;no&#8221;]<\/p>\n<p data-start=\"0\" data-end=\"254\">Sigilant anaerob monocomponent cu rezisten\u021b\u0103 medie \u0219i ridicat\u0103 la desfacere mecanic\u0103. Este destinat fix\u0103rii \u0219i etan\u0219\u0103rii \u00eembin\u0103rilor filetate \u0219i a conexiunilor netede. Ofer\u0103 rezisten\u021b\u0103 excelent\u0103 la varia\u021bii de temperatur\u0103, vibra\u021bii \u0219i sarcini mecanice.<\/p>\n<p data-start=\"256\" data-end=\"555\">Asigur\u0103 etan\u0219eitate fiabil\u0103 pentru gaz, gaz petrolier lichefiat (GPL), metan, hidrocarburi, uleiuri, combustibili, ap\u0103 \u0219i alte medii de lucru, \u00eentr-un interval de temperatur\u0103 de la -50 \u00b0C p\u00e2n\u0103 la +150 \u00b0C. Poate fi utilizat \u0219i pe materiale plastice, \u00een combina\u021bie cu activatorul special ACTIV SEAL.<\/p>\n<p>[\/vc_column_text][\/vc_column][\/vc_row]<\/p>\n<\/div>","protected":false},"excerpt":{"rendered":"<p data-start=\"8\" data-end=\"27\"><strong data-start=\"8\" data-end=\"27\">CARACTERISTICI:<\/strong><\/p>\n<ul data-start=\"28\" data-end=\"612\">\n<li data-section-id=\"zax2r4\" data-start=\"28\" data-end=\"75\">Natur\u0103 chimic\u0103: r\u0103\u0219in\u0103 metacrilic\u0103 anaerob\u0103<\/li>\n<li data-section-id=\"1j587xy\" data-start=\"76\" data-end=\"120\">Form\u0103 fizic\u0103: lichid ro\u0219u, foarte v\u00e2scos<\/li>\n<li data-section-id=\"un4d0j\" data-start=\"121\" data-end=\"154\">Greutate specific\u0103: 1,07 g\/ml<\/li>\n<li data-section-id=\"3wygvl\" data-start=\"155\" data-end=\"202\">V\u00e2scozitate la 25 \u00b0C: 40.000 \u2013 70.000 mPa\u2219s<\/li>\n<li data-section-id=\"qdrs1\" data-start=\"203\" data-end=\"235\">Punct de aprindere: &gt; 100 \u00b0C<\/li>\n<li data-section-id=\"12iht6v\" data-start=\"236\" data-end=\"272\">Con\u021binut substan\u021b\u0103 activ\u0103: 100 %<\/li>\n<li data-section-id=\"1lohnyk\" data-start=\"273\" data-end=\"322\">Pre-\u00eent\u0103rire pe o\u021bel la 20 \u00b0C: 15 \u2013 20 minute<\/li>\n<li data-section-id=\"1q4kb5u\" data-start=\"323\" data-end=\"358\">\u00cent\u0103rire func\u021bional\u0103: 1 \u2013 2 ore<\/li>\n<li data-section-id=\"9xt3e0\" data-start=\"359\" data-end=\"391\">\u00cent\u0103rire final\u0103: 12 \u2013 24 ore<\/li>\n<li data-section-id=\"1263l2\" data-start=\"392\" data-end=\"436\">Rezisten\u021b\u0103 la desfacere: 30 \u2013 50 daN\/cm\u00b2<\/li>\n<li data-section-id=\"nz7kam\" data-start=\"437\" data-end=\"482\">Rezisten\u021b\u0103 la forfecare: 60 \u2013 100 daN\/cm\u00b2<\/li>\n<li data-section-id=\"n2yv58\" data-start=\"483\" data-end=\"542\">Rezisten\u021b\u0103 la temperatur\u0103: de la -50 \u00b0C p\u00e2n\u0103 la +150 \u00b0C<\/li>\n<li data-section-id=\"1mdgnm6\" data-start=\"543\" data-end=\"612\">Stabilitate la depozitare: minimum 2 ani la temperaturi sub 28 \u00b0C<\/li>\n<\/ul>\n<p data-start=\"614\" data-end=\"763\">Sigilant anaerob pentru \u00eembin\u0103ri filetate metalice \u00een aparate de gaz, instala\u021bii de gaz \u0219i sisteme de \u00eenc\u0103lzire a apei, conform DIN EN 751-1 CL. H.<\/p>\n<p>&nbsp;<\/p>\n<p>\u00cenainte de aplicare, cur\u0103\u021ba\u021bi \u0219i degresa\u021bi bine suprafe\u021bele filetate. Aplica\u021bi o cantitate mic\u0103 de produs pe primele dou\u0103 spire ale filetului exterior \u0219i interior. Fixarea ini\u021bial\u0103 are loc \u00een 30\u201360 de minute, \u00een func\u021bie de temperatura ambiental\u0103, iar \u00eent\u0103rirea complet\u0103 se realizeaz\u0103 \u00een 24 de ore.<\/p>\n<p data-wp-editing=\"1\"><a href=\"https:\/\/proterm.md\/wp-content\/uploads\/2022\/03\/GAS-SEAL-rosu.pdf\" data-wp-editing=\"1\"><img loading=\"lazy\" decoding=\"async\" class=\"alignnone wp-image-7559\" src=\"https:\/\/proterm.md\/wp-content\/uploads\/2021\/12\/icopdf-min-250x250.png\" alt=\"\" width=\"32\" height=\"32\" srcset=\"https:\/\/proterm.md\/wp-content\/uploads\/2021\/12\/icopdf-min-250x250.png 250w, https:\/\/proterm.md\/wp-content\/uploads\/2021\/12\/icopdf-min-150x150.png 150w, https:\/\/proterm.md\/wp-content\/uploads\/2021\/12\/icopdf-min-450x450.png 450w, https:\/\/proterm.md\/wp-content\/uploads\/2021\/12\/icopdf-min-300x300.png 300w, https:\/\/proterm.md\/wp-content\/uploads\/2021\/12\/icopdf-min-500x500.png 500w, https:\/\/proterm.md\/wp-content\/uploads\/2021\/12\/icopdf-min-100x100.png 100w, https:\/\/proterm.md\/wp-content\/uploads\/2021\/12\/icopdf-min.png 512w\" sizes=\"auto, (max-width: 32px) 100vw, 32px\" \/><\/a><a href=\"https:\/\/proterm.md\/wp-content\/uploads\/2022\/03\/GAS-SEAL-rosu.pdf\">Fisa tehnica<\/a><\/p>\n","protected":false},"featured_media":10377,"template":"","meta":{"_joinchat":[]},"product_brand":[],"product_cat":[681],"product_tag":[2177],"class_list":{"0":"post-10375","1":"product","2":"type-product","3":"status-publish","4":"has-post-thumbnail","6":"product_cat-solutii_antiinghet_antigel","7":"product_tag-tecnade","9":"first","10":"instock","11":"shipping-taxable","12":"product-type-simple"},"_links":{"self":[{"href":"https:\/\/proterm.md\/ro\/wp-json\/wp\/v2\/product\/10375","targetHints":{"allow":["GET"]}}],"collection":[{"href":"https:\/\/proterm.md\/ro\/wp-json\/wp\/v2\/product"}],"about":[{"href":"https:\/\/proterm.md\/ro\/wp-json\/wp\/v2\/types\/product"}],"wp:featuredmedia":[{"embeddable":true,"href":"https:\/\/proterm.md\/ro\/wp-json\/wp\/v2\/media\/10377"}],"wp:attachment":[{"href":"https:\/\/proterm.md\/ro\/wp-json\/wp\/v2\/media?parent=10375"}],"wp:term":[{"taxonomy":"product_brand","embeddable":true,"href":"https:\/\/proterm.md\/ro\/wp-json\/wp\/v2\/product_brand?post=10375"},{"taxonomy":"product_cat","embeddable":true,"href":"https:\/\/proterm.md\/ro\/wp-json\/wp\/v2\/product_cat?post=10375"},{"taxonomy":"product_tag","embeddable":true,"href":"https:\/\/proterm.md\/ro\/wp-json\/wp\/v2\/product_tag?post=10375"}],"curies":[{"name":"wp","href":"https:\/\/api.w.org\/{rel}","templated":true}]}}