{"id":10386,"date":"2022-03-28T13:48:28","date_gmt":"2022-03-28T11:48:28","guid":{"rendered":"https:\/\/proterm.md\/?post_type=product&#038;p=10386"},"modified":"2025-05-30T14:05:39","modified_gmt":"2025-05-30T12:05:39","slug":"flansa-boiler-drazice-o225-210mm","status":"publish","type":"product","link":"https:\/\/proterm.md\/ro\/product\/flansa-boiler-drazice-o225-210mm\/","title":{"rendered":"Flansa boiler Drazice \u00d8225\/210mm"},"content":{"rendered":"","protected":false},"excerpt":{"rendered":"<p>Flan\u0219a redusa este utilizat\u0103 pentru a reduce diametrul de la 225 mm la 210 mm. Folosind flanse de reducere, \u00eenc\u0103lzitoarele electrice \u00eencorporate cu flan\u0219e de tip REU, RDU, RDW \u0219i RSW pot fi utilizate pentru tipurile \u0219i modelele de \u00eenc\u0103lzitoare de ap\u0103 OKCE \u0219i OKC x NTR(R) de la 750 la 1000 litri.<br \/>\nElementele electrice de \u00eenc\u0103lzire TPK 210- 2,2 kW \u0219i TPK 210- 12\/3-6 kW, TPK 210- 12\/5-9 kW \u0219i TPK 210- 12\/8-12 kWm pot fi instalate pe boilerele cu un volum de 750 \u0219i 1000 litri.<\/p>\n","protected":false},"featured_media":10387,"template":"","meta":{"_joinchat":[]},"product_brand":[],"product_cat":[732],"product_tag":[219],"class_list":{"0":"post-10386","1":"product","2":"type-product","3":"status-publish","4":"has-post-thumbnail","6":"product_cat-boiler_piese_schimb","7":"product_tag-drazice","8":"pa_brand-drazice","10":"first","11":"instock","12":"shipping-taxable","13":"product-type-simple"},"_links":{"self":[{"href":"https:\/\/proterm.md\/ro\/wp-json\/wp\/v2\/product\/10386","targetHints":{"allow":["GET"]}}],"collection":[{"href":"https:\/\/proterm.md\/ro\/wp-json\/wp\/v2\/product"}],"about":[{"href":"https:\/\/proterm.md\/ro\/wp-json\/wp\/v2\/types\/product"}],"wp:featuredmedia":[{"embeddable":true,"href":"https:\/\/proterm.md\/ro\/wp-json\/wp\/v2\/media\/10387"}],"wp:attachment":[{"href":"https:\/\/proterm.md\/ro\/wp-json\/wp\/v2\/media?parent=10386"}],"wp:term":[{"taxonomy":"product_brand","embeddable":true,"href":"https:\/\/proterm.md\/ro\/wp-json\/wp\/v2\/product_brand?post=10386"},{"taxonomy":"product_cat","embeddable":true,"href":"https:\/\/proterm.md\/ro\/wp-json\/wp\/v2\/product_cat?post=10386"},{"taxonomy":"product_tag","embeddable":true,"href":"https:\/\/proterm.md\/ro\/wp-json\/wp\/v2\/product_tag?post=10386"}],"curies":[{"name":"wp","href":"https:\/\/api.w.org\/{rel}","templated":true}]}}