{"id":10503,"date":"2022-04-04T09:43:36","date_gmt":"2022-04-04T07:43:36","guid":{"rendered":"https:\/\/proterm.md\/?post_type=product&#038;p=10503"},"modified":"2026-01-26T12:58:18","modified_gmt":"2026-01-26T10:58:18","slug":"arzator-pe-baza-de-ulei-uzat-mtm","status":"publish","type":"product","link":"https:\/\/proterm.md\/ro\/product\/arzator-pe-baza-de-ulei-uzat-mtm\/","title":{"rendered":"ARZATOR PE BAZA DE ULEI UZAT MTM Polonia"},"content":{"rendered":"<div class=\"wpb-content-wrapper\"><p>[vc_row mobile_bg_img_hidden=&#8221;no&#8221; tablet_bg_img_hidden=&#8221;no&#8221; woodmart_parallax=&#8221;0&#8243; woodmart_gradient_switch=&#8221;no&#8221; row_reverse_mobile=&#8221;0&#8243; row_reverse_tablet=&#8221;0&#8243; woodmart_disable_overflow=&#8221;0&#8243;][vc_column][vc_column_text text_larger=&#8221;no&#8221;]Arz\u0103torul pe ulei prelucrat MTM CTB-400 cu o putere cuprins\u0103 \u00eentre 200 kW \u0219i 430 kW este un arz\u0103tor universal cu combustibil lichid de la inginerii polonezi.<\/p>\n<p>Pentru depozitele auto, centrele mari de service auto, dealerii auto, industrii, uzinele de repara\u021bii navale, arz\u0103torul va oferi o oportunitate de a economisi semnificativ la \u00eenc\u0103lzire \u0219i, \u00een acela\u0219i timp, de a avea grij\u0103 de protejarea mediului. Uleiul uzat poate fi folosit la fa\u021ba locului, f\u0103r\u0103 transport, eliminare, costuri suplimentare cu combustibil. Capabil s\u0103 lucreze la diferite uleiuri \u0219i amestecurile acestora. Materiile prime se ob\u021bin de obicei ieftin, dac\u0103 nu gratuit.[\/vc_column_text][\/vc_column][\/vc_row]<\/p>\n<\/div>","protected":false},"excerpt":{"rendered":"<h3><strong>Aducem la comanda o gama larga de arzatoare de diferite puteri.<\/strong><\/h3>\n<p><strong>Arzatoare pe ulei uzat, Arzatoare pe uleiuri multiple, Arzatoare pe gaz, Arzatoare pe peleti si accesorii.<\/strong><\/p>\n<p>Producator &#8211; MTM<br \/>\n\u021aara de origine &#8211; Polonia<br \/>\nPutere nominal\u0103 &#8211; 430 kW<br \/>\nTipuri de combustibil &#8211; Lichid<br \/>\nTipuri de combustibil lichid &#8211; Ulei uzat, Cuptor, Diesel<br \/>\nConsumul nominal de combustibil lichid pe arzator &#8211; 42 kg\/h<br \/>\nReglementare &#8211; O singur\u0103 etap\u0103<br \/>\nTip de func\u021bionare a arz\u0103torului &#8211; ventilator<br \/>\nEficien\u021b\u0103 &#8211; 92%<br \/>\nCapacitatea necesar\u0103 a compresorului pentru aer comprimat &#8211; 230 litri\/min<\/p>\n<p><a href=\"https:\/\/proterm.md\/wp-content\/uploads\/2022\/04\/ctb_400.pdf\" target=\"_blank\" rel=\"noopener\"><img decoding=\"async\" class=\"alignnone size-full wp-image-7710\" src=\"https:\/\/proterm.md\/wp-content\/uploads\/2021\/02\/pdf.png\" alt=\"PDF download\" width=\"40\" height=\"40\" \/>Instructiune<\/a><br \/>\nLa comanda produsului verificati disponibilitatea si pretul.<\/p>\n","protected":false},"featured_media":10504,"template":"","meta":{"_joinchat":[]},"product_brand":[],"product_cat":[58,15],"product_tag":[1505],"class_list":{"0":"post-10503","1":"product","2":"type-product","3":"status-publish","4":"has-post-thumbnail","6":"product_cat-arzatoare","7":"product_cat-instalatii_incalzire","8":"product_tag-mtmfirma_poland","9":"pa_availability-for-pre-order-pre-order","10":"pa_brand-firmamtm","12":"first","13":"instock","14":"shipping-taxable","15":"product-type-simple"},"_links":{"self":[{"href":"https:\/\/proterm.md\/ro\/wp-json\/wp\/v2\/product\/10503","targetHints":{"allow":["GET"]}}],"collection":[{"href":"https:\/\/proterm.md\/ro\/wp-json\/wp\/v2\/product"}],"about":[{"href":"https:\/\/proterm.md\/ro\/wp-json\/wp\/v2\/types\/product"}],"wp:featuredmedia":[{"embeddable":true,"href":"https:\/\/proterm.md\/ro\/wp-json\/wp\/v2\/media\/10504"}],"wp:attachment":[{"href":"https:\/\/proterm.md\/ro\/wp-json\/wp\/v2\/media?parent=10503"}],"wp:term":[{"taxonomy":"product_brand","embeddable":true,"href":"https:\/\/proterm.md\/ro\/wp-json\/wp\/v2\/product_brand?post=10503"},{"taxonomy":"product_cat","embeddable":true,"href":"https:\/\/proterm.md\/ro\/wp-json\/wp\/v2\/product_cat?post=10503"},{"taxonomy":"product_tag","embeddable":true,"href":"https:\/\/proterm.md\/ro\/wp-json\/wp\/v2\/product_tag?post=10503"}],"curies":[{"name":"wp","href":"https:\/\/api.w.org\/{rel}","templated":true}]}}