{"id":11155,"date":"2022-06-18T08:58:30","date_gmt":"2022-06-18T06:58:30","guid":{"rendered":"https:\/\/proterm.md\/?post_type=product&#038;p=11155"},"modified":"2026-04-06T13:26:36","modified_gmt":"2026-04-06T11:26:36","slug":"membrana_pentru_vas_de_expansiune_24l","status":"publish","type":"product","link":"https:\/\/proterm.md\/ro\/product\/membrana_pentru_vas_de_expansiune_24l\/","title":{"rendered":"Membrana pentru vas de expansiune 24L"},"content":{"rendered":"<p>V\u0103 rug\u0103m s\u0103 verifica\u021bi matri\u021ba la intervale regulate (aproximativ la fiecare 3-4 luni) \u0219i ad\u0103uga\u021bi aer dac\u0103 este necesar. Dac\u0103 prepresiunea este prea sc\u0103zut\u0103, diafragma poate s\u0103 se sparg\u0103, aceasta nu este acoperit\u0103 de garan\u021bie. Re\u021bine\u021bi, de asemenea, informa\u021biile relevante ale produc\u0103torului.<\/p>","protected":false},"excerpt":{"rendered":"<p>Volumul vasului &#8211; 24 l<\/p>\n","protected":false},"featured_media":11156,"template":"","meta":{"_joinchat":[]},"product_brand":[],"product_cat":[60],"product_tag":[286,348,354],"class_list":{"0":"post-11155","1":"product","2":"type-product","3":"status-publish","4":"has-post-thumbnail","6":"product_cat-vas_expansiune","7":"product_tag-cacheng-brend","8":"product_tag-cimm-brend","9":"product_tag-zilmet-brend","10":"pa_availability-for-pre-order-pre-order","11":"pa_expansion-tank-volume-397","13":"first","14":"instock","15":"shipping-taxable","16":"product-type-simple"},"_links":{"self":[{"href":"https:\/\/proterm.md\/ro\/wp-json\/wp\/v2\/product\/11155","targetHints":{"allow":["GET"]}}],"collection":[{"href":"https:\/\/proterm.md\/ro\/wp-json\/wp\/v2\/product"}],"about":[{"href":"https:\/\/proterm.md\/ro\/wp-json\/wp\/v2\/types\/product"}],"wp:featuredmedia":[{"embeddable":true,"href":"https:\/\/proterm.md\/ro\/wp-json\/wp\/v2\/media\/11156"}],"wp:attachment":[{"href":"https:\/\/proterm.md\/ro\/wp-json\/wp\/v2\/media?parent=11155"}],"wp:term":[{"taxonomy":"product_brand","embeddable":true,"href":"https:\/\/proterm.md\/ro\/wp-json\/wp\/v2\/product_brand?post=11155"},{"taxonomy":"product_cat","embeddable":true,"href":"https:\/\/proterm.md\/ro\/wp-json\/wp\/v2\/product_cat?post=11155"},{"taxonomy":"product_tag","embeddable":true,"href":"https:\/\/proterm.md\/ro\/wp-json\/wp\/v2\/product_tag?post=11155"}],"curies":[{"name":"wp","href":"https:\/\/api.w.org\/{rel}","templated":true}]}}