{"id":11189,"date":"2022-06-24T07:49:19","date_gmt":"2022-06-24T05:49:19","guid":{"rendered":"https:\/\/proterm.md\/?post_type=product&#038;p=11189"},"modified":"2025-06-19T09:48:20","modified_gmt":"2025-06-19T07:48:20","slug":"arca_pixel_mx_35-35_pn","status":"publish","type":"product","link":"https:\/\/proterm.md\/ro\/product\/arca_pixel_mx_35-35_pn\/","title":{"rendered":"Cazan Arca Pixel MX 35\/35 PN"},"content":{"rendered":"<div class=\"wpb-content-wrapper\"><p>[vc_row][vc_column][vc_column_text css_animation=&#8221;none&#8221; text_larger=&#8221;no&#8221;]Cazan Arca Pixel MX 35\/35 PN este un cazan cu condensare cu preamestec miniaturizat\u0103 cu tehnologie electronic\u0103 digital\u0103.<br \/>\nCazanul utilizeaza un schimb\u0103tor din o\u021bel inox monotub pentru a oferi utilizatorului maximum confort \u0219i economisire energetica.<br \/>\nModularea fl\u0103c\u0103rii optimale limitate la 1:7 pentru a garanta cea mai mare silen\u021biozitate oferit\u0103 de un ventilator cu tura\u021bii variabile, folosit cu vitez\u0103 redus\u0103 \u0219i cu range-ul cel mai performant.<\/p>\n<p>Gestiunea centralei, controalele, reglajele, autodiagnosticarea \u0219i siguran\u021bele sunt asigurate de o electronic\u0103 digital\u0103 de ultima genera\u021bie care arat\u0103 pe un display luminos toate func\u021biile generatorului.<br \/>\nMaximizarea randamentului \u0219i deci reducerea consumului cer, pe l\u00e2ng\u0103 o electronic\u0103 performant\u0103 \u0219i dotarea cu o sond\u0103 exterioar\u0103 care \u00eei asigur\u0103 instala\u021biei o temperatur\u0103 minim\u0103 de func\u021bionare, \u00een orice anotimp, eviden\u021biind calit\u0103\u021bile condensatoare ale centralei, care, \u00een sezoanele intermediare, atinge randamente apropriate valorilor din tabel.<br \/>\nFunc\u021bionarea centralei, atinge minimum consumului de gaz c\u00e2nd temperatura turului este sub 55 \u00b0C. Randamentul poate atinge 108,66 % \u00een cele mai bune condi\u021bii de func\u021bionare, plec\u00e2nd de la un minim de 98% \u00een cele mai rele condi\u021bii (cu temperatura apei de 70\u00b0C rezult\u00e2nd imposibilitatea de a condensa).<br \/>\nUn ventilator din aluminiu turnat sub presiune \u0219i un circulator calitate superioara electronic cu consum redus, dau produsului o silen\u021biozitate de func\u021bionare dintre cele mai \u00eenalte ale categoriei.<br \/>\nGrupul hidraulic este realizat din monobloc de alam\u0103 cu robinet de \u00eenc\u0103rcare cu debitul redus \u0219i by-pass de serie. Schimb\u0103torul din inox ap\u0103-ap\u0103 cu 14 pl\u0103ci permite erogarea apei calde menajere \u00een mare cantitate \u0219i cu temperatura controlat\u0103 oferind o mare rezisten\u021ba la depuneri de calcar.<br \/>\nSolu\u021bia cu van\u0103 cu 3 c\u0103i motorizate cu consum electric redus, permite un control mai rapid al func\u021biei anti \u00eenghe\u021b \u0219i cel al producerii apei calde menajere chiar cu debite limitate.[\/vc_column_text][\/vc_column][\/vc_row]<\/p>\n<\/div>","protected":false},"excerpt":{"rendered":"<p>Putere Termic\u0103 Nominal\u0103 rif. PCI (80\u00b0C\/60\u00b0C): 33 kW<br \/>\nPutere Termic\u0103 Minim\u0103 rif. PCI (80\u00b0C\/60\u00b0C): 4 kW<br \/>\nPutere Nominal\u0103 rif. PCI (80\u00b0C\/60\u00b0C): 31.5 kW<br \/>\nPutere Nominal\u0103 cu condensare rif. PCI (50\u00b0C\/30\u00b0C): 34.4 kW<br \/>\nPutere Minim\u0103 rif. PCI (80\u00b0C\/60\u00b0C): 3.7 kW<br \/>\nPutere Minim\u0103 cu condensare rif. PCI (50\u00b0C\/30\u00b0C): 4 kW<br \/>\nDebit termic util sanitar: 34.8 kW<br \/>\nRandament Util Debit rif. PCI (80\u00b0C\/60\u00b0C): 95.46 %<br \/>\nRandament cu sarcin\u0103 redus\u0103 rif. PCI (30% di Pn-50\u00b0C\/30\u00b0C): 97.9 %<br \/>\nDebit Gaz cu debit nom. Metan G20 (2E+): 3.4 m3\/h<br \/>\nPresiune gaz din re\u021bea Metan G20 (2E+): 20 mbar<br \/>\nCO2 (G20): 9%<br \/>\nNOx: clasa 6<br \/>\n\u00cenc\u0103lzire ap\u0103 profil de sarcin\u0103 declarat: profil XL<br \/>\n\u00cenc\u0103lzire ambient clas\u0103 energetic\u0103: clasa A<br \/>\nEficen\u021b\u0103 energetic\u0103 de sezon \u00eenc\u0103lzire: 92.6 %<br \/>\nSet point minim \u00cenc\u0103lzire: 35 \u00b0C<br \/>\nSet point maxim \u00cenc\u0103lzire: 80 \u00b0C<br \/>\nVolum de ap\u0103 \u00een central\u0103: 0.8 l<br \/>\nVolum de ap\u0103 vas de expansiune: 10 l<br \/>\nPresiune vas de expansiune: 1 bar<br \/>\nPresiune minim\u0103 circuit primar: 0.5 bar<br \/>\nPresiune maxim\u0103 circuit primar: 3 bar<br \/>\nPresiune pomp\u0103 disponibil\u0103 instala\u021bie de \u00eenc\u0103lzire la debit de Q=1000: 230 mbar<br \/>\nSet point minim Sanitar: 35 \u00b0C<br \/>\nSet point maxim Sanitar: 60 \u00b0C<br \/>\nDebit continuu ap\u0103 cald\u0103 \u2206T= 30\u00b0C: 16.2 l\/min<br \/>\nDebit continuu ap\u0103 cald\u0103 \u2206T= 35\u00b0C: 13.8 l\/min<br \/>\nDebit Sanitar Minim: 3 l\/min<br \/>\nPresiune Sanitar Maxim\u0103: 20 bar<br \/>\nPresiune Sanitar Minim\u0103: 0.8 bar<br \/>\nTensiune\/frecven\u021b\u0103 de alimentare: 230\/50 V\/Hz<br \/>\nPutere electric\u0103 absorbit\u0103: 45 W<br \/>\nRacorduri \u00cenc\u0103lzire: 3\/4&#8243;<br \/>\nRacorduri Sanitar: 1\/2&#8243;<br \/>\nRacorduri Gaz: 3\/4&#8243;<br \/>\n\u00cen\u0103l\u0163ime: 700 mm<br \/>\nAd\u00e2ncime: 250 mm<br \/>\nL\u0103\u021bime: 400 mm<br \/>\nGreutate: 35 Kg<br \/>\nGrad de protec\u021bie: IPX4D<br \/>\nOmologare CE: 1312<\/p>\n<p><a href=\"https:\/\/proterm.md\/wp-content\/uploads\/2021\/12\/Arca MX Seriesi.pdf\" target=\"_blank\" rel=\"nofollow noopener\"><img decoding=\"async\" class=\"alignnone size-full wp-image-7710\" src=\"https:\/\/proterm.md\/wp-content\/uploads\/2021\/02\/pdf.png\" alt=\"PDF download\" width=\"40\" height=\"40\" \/>Catalog<\/a><\/p>\n","protected":false},"featured_media":7725,"template":"","meta":{"_joinchat":[]},"product_brand":[],"product_cat":[83,53,15],"product_tag":[126],"class_list":{"0":"post-11189","1":"product","2":"type-product","3":"status-publish","4":"has-post-thumbnail","6":"product_cat-cazane_gaz_arca","7":"product_cat-cazane_gaz","8":"product_cat-instalatii_incalzire","9":"product_tag-arca","10":"pa_availability-for-pre-order-pre-order","11":"pa_brand-arca","12":"pa_classic-boiler-or-condensed-condesed","13":"pa_heating-surface-615","14":"pa_power-boiler-kw-249","16":"first","17":"instock","18":"shipping-taxable","19":"product-type-simple"},"_links":{"self":[{"href":"https:\/\/proterm.md\/ro\/wp-json\/wp\/v2\/product\/11189","targetHints":{"allow":["GET"]}}],"collection":[{"href":"https:\/\/proterm.md\/ro\/wp-json\/wp\/v2\/product"}],"about":[{"href":"https:\/\/proterm.md\/ro\/wp-json\/wp\/v2\/types\/product"}],"wp:featuredmedia":[{"embeddable":true,"href":"https:\/\/proterm.md\/ro\/wp-json\/wp\/v2\/media\/7725"}],"wp:attachment":[{"href":"https:\/\/proterm.md\/ro\/wp-json\/wp\/v2\/media?parent=11189"}],"wp:term":[{"taxonomy":"product_brand","embeddable":true,"href":"https:\/\/proterm.md\/ro\/wp-json\/wp\/v2\/product_brand?post=11189"},{"taxonomy":"product_cat","embeddable":true,"href":"https:\/\/proterm.md\/ro\/wp-json\/wp\/v2\/product_cat?post=11189"},{"taxonomy":"product_tag","embeddable":true,"href":"https:\/\/proterm.md\/ro\/wp-json\/wp\/v2\/product_tag?post=11189"}],"curies":[{"name":"wp","href":"https:\/\/api.w.org\/{rel}","templated":true}]}}