{"id":11243,"date":"2022-07-15T11:39:04","date_gmt":"2022-07-15T09:39:04","guid":{"rendered":"https:\/\/proterm.md\/?post_type=product&#038;p=11243"},"modified":"2025-05-30T14:05:08","modified_gmt":"2025-05-30T12:05:08","slug":"pompa_rjm90_-_1500a","status":"publish","type":"product","link":"https:\/\/proterm.md\/ro\/product\/pompa_rjm90_-_1500a\/","title":{"rendered":"Pompa RJm90 &#8211; 1500A"},"content":{"rendered":"<div class=\"wpb-content-wrapper\"><p>[vc_row][vc_column][vc_column_text css_animation=&#8221;bounceIn&#8221; text_larger=&#8221;no&#8221;]Pompa de apa din seria RHEKEN este primul tip de pompa cu autoamorsare care ofer\u0103 adev\u0103ratul sens al unei pompe cu autoamorsare complet\u0103 pentru a realiza capul complet, oferind confort clientului.[\/vc_column_text][\/vc_column][\/vc_row]<\/p>\n<\/div>","protected":false},"excerpt":{"rendered":"<p>Temperatura lichidului\u00a0 0\u00b0C &#8211; 90 \u00b0C<br \/>\nTemperatura ambientala\u00a0 \u00a02\u00b0C &#8211; 40\u00b0C<br \/>\nComanda &#8211; cu automatica<br \/>\nMaterial &#8211; fonta, aluminiu<br \/>\nTensiune \u2013 230V, 3 faze<br \/>\nPuterea &#8211; 1500W<br \/>\nAdincimea aspiratiei (max) &#8211; 8m<br \/>\nInal\u021bimea pomparii ( h max) \u2013 60 m<br \/>\nProductivitate (max) \u2013 6 m\u00b3\/h<br \/>\nViteza de rotatie \u2013 2860 rpm<\/p>\n","protected":false},"featured_media":11244,"template":"","meta":{"_joinchat":[]},"product_brand":[],"product_cat":[40,64],"product_tag":[319],"class_list":{"0":"post-11243","1":"product","2":"type-product","3":"status-publish","4":"has-post-thumbnail","6":"product_cat-pompa_apa","7":"product_cat-pompe_hidrofor","8":"product_tag-brend-rheken","9":"pa_brand-brend-rheken","10":"pa_maximum-productivity-1465","11":"pa_pumping-height-1462","13":"first","14":"instock","15":"shipping-taxable","16":"product-type-simple"},"_links":{"self":[{"href":"https:\/\/proterm.md\/ro\/wp-json\/wp\/v2\/product\/11243","targetHints":{"allow":["GET"]}}],"collection":[{"href":"https:\/\/proterm.md\/ro\/wp-json\/wp\/v2\/product"}],"about":[{"href":"https:\/\/proterm.md\/ro\/wp-json\/wp\/v2\/types\/product"}],"wp:featuredmedia":[{"embeddable":true,"href":"https:\/\/proterm.md\/ro\/wp-json\/wp\/v2\/media\/11244"}],"wp:attachment":[{"href":"https:\/\/proterm.md\/ro\/wp-json\/wp\/v2\/media?parent=11243"}],"wp:term":[{"taxonomy":"product_brand","embeddable":true,"href":"https:\/\/proterm.md\/ro\/wp-json\/wp\/v2\/product_brand?post=11243"},{"taxonomy":"product_cat","embeddable":true,"href":"https:\/\/proterm.md\/ro\/wp-json\/wp\/v2\/product_cat?post=11243"},{"taxonomy":"product_tag","embeddable":true,"href":"https:\/\/proterm.md\/ro\/wp-json\/wp\/v2\/product_tag?post=11243"}],"curies":[{"name":"wp","href":"https:\/\/api.w.org\/{rel}","templated":true}]}}