{"id":11301,"date":"2022-08-11T08:51:17","date_gmt":"2022-08-11T06:51:17","guid":{"rendered":"https:\/\/proterm.md\/?post_type=product&#038;p=11301"},"modified":"2025-05-30T14:05:08","modified_gmt":"2025-05-30T12:05:08","slug":"automat_pentru_arzatoare_pe_gaz_siemens_lme11-330c2","status":"publish","type":"product","link":"https:\/\/proterm.md\/ro\/product\/automat_pentru_arzatoare_pe_gaz_siemens_lme11-330c2\/","title":{"rendered":"Automat pentru arzatoare pe gaz SIEMENS LME11.330C2"},"content":{"rendered":"<div class=\"wpb-content-wrapper\"><p><\/p>\n<p>[vc_row mobile_bg_img_hidden=&#8221;no&#8221; tablet_bg_img_hidden=&#8221;no&#8221; woodmart_parallax=&#8221;0&#8243; woodmart_gradient_switch=&#8221;no&#8221; row_reverse_mobile=&#8221;0&#8243; row_reverse_tablet=&#8221;0&#8243; woodmart_disable_overflow=&#8221;0&#8243;][vc_column][vc_column_text text_larger=&#8221;no&#8221;]Posibilitate de resetare electrica de la distanta;<br \/>\nControlul presiunii aerului prin verificarea func\u021bional\u0103 a presostatului aerului \u00een timpul pornirii \u0219i \u00een timpul func\u021bion\u0103rii;<br \/>\nDetectare subtensiune;<br \/>\nIndica\u021bie multicolor\u0103 a st\u0103rii de defec\u021biune \u0219i a mesajelor opera\u021bionale;<br \/>\nFunc\u021bionare intermitent\u0103 controlat\u0103 dup\u0103 24 de ore de func\u021bionare continu\u0103;<br \/>\nSecven\u021b\u0103 de control precis\u0103 datorit\u0103 proces\u0103rii semnalului digital;<br \/>\nLimitarea num\u0103rului de repet\u0103ri[\/vc_column_text][\/vc_column][\/vc_row]<\/p>\n<p><\/p>\n<\/div>","protected":false},"excerpt":{"rendered":"<p>Automat comenzi arzatoare pe gaz pentru controlul arzatoarelor pe gaz cu 1 sau 2 trepte de capacitate mica si medie cu functionare intermitenta.<\/p>\n<p>Tensiune &#8211; AC 230 V<br \/>\nFrecven\u021ba re\u021belei &#8211; 50&#8230;60 Hz \u00b16%<br \/>\nSiguran\u021b\u0103 termic\u0103 (\u00eencorporat\u0103) &#8211; Max. 10 A (lent)<br \/>\nSiguran\u021b\u0103 primar\u0103 (extern\u0103) &#8211;<br \/>\nConsum de energie &#8211; AC 12 VA<br \/>\nGrad de protectie &#8211; IP 40<br \/>\nClasa de siguranta &#8211; I<br \/>\ntw &#8211; Timp de a\u0219teptare 2,5 sec<br \/>\nTSA &#8211; Timp de aprindere sigur 3 sec<br \/>\nt1 &#8211; Timp de purjare cu clapeta de aer deschis 30 sec<br \/>\nt3 &#8211; Timp p\u00e2n\u0103 la aprindere 2 sec<br \/>\nt3n &#8211; Timp dup\u0103 aprindere 2,5 sec<br \/>\nt4 &#8211; Interval de timp \u00eentre tensiunea la bornele 18 \u0219i 19<br \/>\nt8 &#8211; Durata secven\u021bei de pornire (f\u0103r\u0103 \u201et11\u201d \u0219i \u201et12\u201d)<br \/>\nt10 &#8211; Interval de timp de la \u00eenceputul p\u00e2n\u0103 la \u00eenceputul testului de presiune a aerului,<br \/>\nexcluz\u00e2nd timpul de func\u021bionare a clapetei de aer 5 sec<br \/>\nt11 &#8211; Timp de func\u021bionare a clapetei de aer \u00een pozi\u021bia DESCHIS (deschis)<br \/>\nt12 &#8211; Timp de func\u0163ionare al clapetei de aer \u00een pozi\u0163ia de temperatur\u0103 joas\u0103 MIN<br \/>\nt13 &#8211; Timp permis dup\u0103 ardere<br \/>\nt16 &#8211; Interval de timp p\u00e2n\u0103 la emiterea comenzii DESCHIS pentru clapeta de aer<br \/>\nt20 &#8211; Interval de timp pentru auto-oprirea comutatorului programului dup\u0103 pornire<\/p>\n","protected":false},"featured_media":11302,"template":"","meta":{"_joinchat":[]},"product_brand":[],"product_cat":[58,15],"product_tag":[345,559],"class_list":{"0":"post-11301","1":"product","2":"type-product","3":"status-publish","4":"has-post-thumbnail","6":"product_cat-arzatoare","7":"product_cat-instalatii_incalzire","8":"product_tag-fbr-bruciatori","9":"product_tag-siemens","10":"pa_brand-fbr-bruciatori","11":"pa_brand-siemens","13":"first","14":"instock","15":"shipping-taxable","16":"product-type-simple"},"_links":{"self":[{"href":"https:\/\/proterm.md\/ro\/wp-json\/wp\/v2\/product\/11301","targetHints":{"allow":["GET"]}}],"collection":[{"href":"https:\/\/proterm.md\/ro\/wp-json\/wp\/v2\/product"}],"about":[{"href":"https:\/\/proterm.md\/ro\/wp-json\/wp\/v2\/types\/product"}],"wp:featuredmedia":[{"embeddable":true,"href":"https:\/\/proterm.md\/ro\/wp-json\/wp\/v2\/media\/11302"}],"wp:attachment":[{"href":"https:\/\/proterm.md\/ro\/wp-json\/wp\/v2\/media?parent=11301"}],"wp:term":[{"taxonomy":"product_brand","embeddable":true,"href":"https:\/\/proterm.md\/ro\/wp-json\/wp\/v2\/product_brand?post=11301"},{"taxonomy":"product_cat","embeddable":true,"href":"https:\/\/proterm.md\/ro\/wp-json\/wp\/v2\/product_cat?post=11301"},{"taxonomy":"product_tag","embeddable":true,"href":"https:\/\/proterm.md\/ro\/wp-json\/wp\/v2\/product_tag?post=11301"}],"curies":[{"name":"wp","href":"https:\/\/api.w.org\/{rel}","templated":true}]}}