{"id":11329,"date":"2026-01-02T10:41:55","date_gmt":"2026-01-02T08:41:55","guid":{"rendered":"https:\/\/proterm.md\/?post_type=product&#038;p=11329"},"modified":"2026-01-02T10:41:55","modified_gmt":"2026-01-02T08:41:55","slug":"cazan_electric_teknix_espro_9kw","status":"publish","type":"product","link":"https:\/\/proterm.md\/ro\/product\/cazan_electric_teknix_espro_9kw\/","title":{"rendered":"Cazan electric Teknix ESPRO &#8211; 9kW"},"content":{"rendered":"<p>Seria ESPRO sunt elemente de \u00eenc\u0103lzire cu un singur circuit elegante \u0219i \u00een acela\u0219i timp foarte eficiente, concepute ca o surs\u0103 universal\u0103 de c\u0103ldur\u0103 pentru spa\u021biile reziden\u021biale \u0219i de birouri.<\/p>\n<p>Centrala electrica Teknix ESPRO are un nivel ridicat de siguranta, atat pentru oameni, cat si pentru mediu. Cazanele electrice din seria ESPRO au o eficien\u021b\u0103 de 99%, ceea ce face ca utilizarea lor s\u0103 fie economic\u0103 \u0219i eficient\u0103 energetic. Toate elementele structurale &#8211; elemente de incalzire, pompa, balon &#8211; sunt realizate din otel inoxidabil de calitate europeana AISI 304.<br \/>\nNu face\u021bi o alegere cu privire la aspectul cazanului. Cel mai bun cazan electric este cel care \u00ee\u021bi \u00eenc\u0103lze\u0219te eficient casa. \u00cen primul r\u00e2nd, acorda\u021bi aten\u021bie metodei de conectare la re\u021bea, reglarea puterii cazanului \u0219i a structurii interne. Decide\u021bi asupra func\u021biilor pe care le va \u00eendeplini sistemul electric de \u00eenc\u0103lzire. Dac\u0103, pe l\u00e2ng\u0103 \u00eenc\u0103lzirea \u00eenc\u0103perii, dori\u021bi s\u0103 asigura\u021bi casa cu ap\u0103 cald\u0103, ve\u021bi avea nevoie de un cazan electric cu dublu circuit.<\/p>","protected":false},"excerpt":{"rendered":"<p>Consum de energie 9 kW<br \/>\nPutere neta 9 kW<br \/>\nEficien\u021b\u0103 99%<br \/>\nRe\u021bea electric\u0103, V, \u00b110% 380 \/ N \/ PE \/ 50Hz<br \/>\nCurent nominal (max), A, \u00b110% 3 x 13<br \/>\nCurentul nominal al comutatorului de protec\u021bie, A 3 x 16<br \/>\nSec\u021biunea cablului mm2 Cupru, CU 5 x 2,5<br \/>\nSec\u021biunea cablului mm2 Aluminiu, AL 5 x 4<br \/>\nPresiunea de func\u021bionare \u00een cazan, bar 0,5 &#8211; 1,5<br \/>\nPresiune maxim\u0103 \u00een cazan, bar 3,0<br \/>\nPompa de circulatie Wilo Para (Germania) sau Dab Evosta (Italia)<br \/>\nControlul temperaturii apei \u00een cazan, 0\u0421 electronic, de la + 30 la + 80<br \/>\nTemperatura maxim\u0103 a apei \u00een cazan, 0\u00b0\u0421 + 80<br \/>\nReglarea temperaturii aerului \u00een camer\u0103, 0\u00b0\u0421 Electronic, de la + 10 la + 40<br \/>\nReglarea temperaturii apei \u00een rezervorul ACM, 0\u00b0\u0421 Electronic, de la + 30 la + 60<br \/>\nPompa de circulatie WILO Para 15\/6<br \/>\nPuterea pompei, W 3 &#8211; 43<br \/>\nTemperatura de func\u021bionare a termostatului de supra\u00eenc\u0103lzire de urgen\u021b\u0103, 0\u00b0C + 105<br \/>\nDebitul minim de ap\u0103 prin cazan, l\/min 3,7<br \/>\nVolumul vasului de expansiune, l 6<br \/>\nDimensiuni totale, mm<br \/>\nlatime mm 375<br \/>\nad\u00e2ncime mm 248<br \/>\ninaltime mm 744<br \/>\nGreutate, kg 24<br \/>\nDimensiunea conductelor de leg\u0103tur\u0103:<br \/>\n\u2014 Retur ap\u0103 rece G 3\/4\u2033<br \/>\n\u2013 Iesire apa calda, alimentare G 3\/4\u2033<br \/>\nGrad de protectie IP30<\/p>\n<p data-wp-editing=\"1\"><img decoding=\"async\" class=\"alignnone wp-image-7559\" src=\"https:\/\/proterm.md\/wp-content\/uploads\/2021\/12\/icopdf-min-300x300.png\" alt=\"\" width=\"28\" height=\"28\" srcset=\"https:\/\/proterm.md\/wp-content\/uploads\/2021\/12\/icopdf-min-300x300.png 300w, https:\/\/proterm.md\/wp-content\/uploads\/2021\/12\/icopdf-min-150x150.png 150w, https:\/\/proterm.md\/wp-content\/uploads\/2021\/12\/icopdf-min-250x250.png 250w, https:\/\/proterm.md\/wp-content\/uploads\/2021\/12\/icopdf-min-450x450.png 450w, https:\/\/proterm.md\/wp-content\/uploads\/2021\/12\/icopdf-min-500x500.png 500w, https:\/\/proterm.md\/wp-content\/uploads\/2021\/12\/icopdf-min-100x100.png 100w, https:\/\/proterm.md\/wp-content\/uploads\/2021\/12\/icopdf-min.png 512w\" sizes=\"(max-width: 28px) 100vw, 28px\" \/><a href=\"https:\/\/proterm.md\/\/wp-content\/uploads\/2022\/11\/TEKNIX_RU.pdf\" target=\"_blank\" rel=\"noopener\">Instructiuni<\/a><\/p>\n<p data-wp-editing=\"1\"><a href=\"https:\/\/www.youtube.com\/playlist?list=PLuJNrPhQSScX8SmB3K4YWPRcwXtpfZvA4\" target=\"_blank\" rel=\"noopener\"><img decoding=\"async\" class=\"alignnone size-full wp-image-7732\" src=\"https:\/\/proterm.md\/wp-content\/uploads\/2021\/02\/video.png\" alt=\"Video Player\" width=\"40\" height=\"40\" \/>Video Service<\/a><\/p>\n","protected":false},"featured_media":11334,"template":"","meta":{"_joinchat":[]},"product_brand":[],"product_cat":[1469],"product_tag":[1472],"class_list":{"0":"post-11329","1":"product","2":"type-product","3":"status-publish","4":"has-post-thumbnail","6":"product_cat-cazane_electrice","7":"product_tag-sk-technik","8":"pa_brand-teknix-sk-technik","9":"pa_heating-surface-1475","10":"pa_power-boiler-kw-1474","12":"first","13":"instock","14":"shipping-taxable","15":"product-type-simple"},"_links":{"self":[{"href":"https:\/\/proterm.md\/ro\/wp-json\/wp\/v2\/product\/11329","targetHints":{"allow":["GET"]}}],"collection":[{"href":"https:\/\/proterm.md\/ro\/wp-json\/wp\/v2\/product"}],"about":[{"href":"https:\/\/proterm.md\/ro\/wp-json\/wp\/v2\/types\/product"}],"wp:featuredmedia":[{"embeddable":true,"href":"https:\/\/proterm.md\/ro\/wp-json\/wp\/v2\/media\/11334"}],"wp:attachment":[{"href":"https:\/\/proterm.md\/ro\/wp-json\/wp\/v2\/media?parent=11329"}],"wp:term":[{"taxonomy":"product_brand","embeddable":true,"href":"https:\/\/proterm.md\/ro\/wp-json\/wp\/v2\/product_brand?post=11329"},{"taxonomy":"product_cat","embeddable":true,"href":"https:\/\/proterm.md\/ro\/wp-json\/wp\/v2\/product_cat?post=11329"},{"taxonomy":"product_tag","embeddable":true,"href":"https:\/\/proterm.md\/ro\/wp-json\/wp\/v2\/product_tag?post=11329"}],"curies":[{"name":"wp","href":"https:\/\/api.w.org\/{rel}","templated":true}]}}