{"id":11497,"date":"2022-10-10T09:02:22","date_gmt":"2022-10-10T07:02:22","guid":{"rendered":"https:\/\/proterm.md\/?post_type=product&#038;p=11497"},"modified":"2025-05-30T14:04:52","modified_gmt":"2025-05-30T12:04:52","slug":"dulap-distribuitor-spe-b3","status":"publish","type":"product","link":"https:\/\/proterm.md\/ro\/product\/dulap-distribuitor-spe-b3\/","title":{"rendered":"Dulap distribuitor interior SPE-B3 (760*580*110)"},"content":{"rendered":"<p>Dulapurile distribu\u021bie (caseta distribuitor) metalice sau zincate sunt utilizate pentru instalare \u00een cl\u0103diri noi sau \u00een cl\u0103diri \u00een repara\u021bie. Dulapurile sunt destinate pentru montarea colectoarelor si sistemelor de apeduct si incalzire in pardosea.<\/p>","protected":false},"excerpt":{"rendered":"<p>Grad de protectie &#8211; IP54<br \/>\n\u00cen\u0103l\u021bime &#8211; 580 mm<br \/>\nLatime &#8211; 760 mm<br \/>\nAd\u00e2ncime &#8211; 110 mm<br \/>\nGrosimea peretelui &#8211; 0,7 mm<br \/>\nKit de montare in perete<\/p>\n","protected":false},"featured_media":11498,"template":"","meta":{"_joinchat":[]},"product_brand":[],"product_cat":[509],"product_tag":[],"class_list":{"0":"post-11497","1":"product","2":"type-product","3":"status-publish","4":"has-post-thumbnail","6":"product_cat-dulap_distributie","7":"pa_adancime-1532","8":"pa_heated-towel-rail-height-1526","9":"pa_heated-towel-rail-width-2192","10":"pa_heating-type-for-underfloor-heating","11":"pa_intern-extern-intern","13":"first","14":"instock","15":"shipping-taxable","16":"product-type-simple"},"_links":{"self":[{"href":"https:\/\/proterm.md\/ro\/wp-json\/wp\/v2\/product\/11497","targetHints":{"allow":["GET"]}}],"collection":[{"href":"https:\/\/proterm.md\/ro\/wp-json\/wp\/v2\/product"}],"about":[{"href":"https:\/\/proterm.md\/ro\/wp-json\/wp\/v2\/types\/product"}],"wp:featuredmedia":[{"embeddable":true,"href":"https:\/\/proterm.md\/ro\/wp-json\/wp\/v2\/media\/11498"}],"wp:attachment":[{"href":"https:\/\/proterm.md\/ro\/wp-json\/wp\/v2\/media?parent=11497"}],"wp:term":[{"taxonomy":"product_brand","embeddable":true,"href":"https:\/\/proterm.md\/ro\/wp-json\/wp\/v2\/product_brand?post=11497"},{"taxonomy":"product_cat","embeddable":true,"href":"https:\/\/proterm.md\/ro\/wp-json\/wp\/v2\/product_cat?post=11497"},{"taxonomy":"product_tag","embeddable":true,"href":"https:\/\/proterm.md\/ro\/wp-json\/wp\/v2\/product_tag?post=11497"}],"curies":[{"name":"wp","href":"https:\/\/api.w.org\/{rel}","templated":true}]}}