{"id":11961,"date":"2022-12-02T08:55:15","date_gmt":"2022-12-02T06:55:15","guid":{"rendered":"https:\/\/proterm.md\/?post_type=product&#038;p=11961"},"modified":"2025-05-30T14:04:52","modified_gmt":"2025-05-30T12:04:52","slug":"arzator-mtm-ctb-80-40-80kw-ulei-uzat","status":"publish","type":"product","link":"https:\/\/proterm.md\/ro\/product\/arzator-mtm-ctb-80-40-80kw-ulei-uzat\/","title":{"rendered":"Arzator MTM CTB 80 (40-80kW) Ulei uzat"},"content":{"rendered":"<div class=\"wpb-content-wrapper\"><p>[vc_row][vc_column][vc_column_text css_animation=&#8221;bounceIn&#8221; text_larger=&#8221;no&#8221;]Arz\u0103torul pe baza de ulei uzat MTM CTB-80 cu o putere cuprins\u0103 \u00eentre 40 kW \u0219i 80 kW este o dezvoltare modern\u0103 a inginerilor polonezi. Con\u021bine multe func\u021bii, \u00eentre\u021binere u\u0219oar\u0103 \u0219i economie. Aloca\u021bi eliminarea complet\u0103 a uleiurilor uzate \u0219i, \u00eempreun\u0103 cu un cazan \u00eenc\u0103lzit, furniza\u021bi c\u0103ldur\u0103 pentru diferite tipuri de spa\u021bii.<\/p>\n<p>\u00cen combina\u021bie cu un cazan , care genereaz\u0103 energie termic\u0103 \u00een timpul elimin\u0103rii, poate fi folosit pentru \u00eenc\u0103lzirea spa\u021biilor. \u00cen plus, mu\u0219tiucul MTM este ideal pentru un generator de c\u0103ldur\u0103 cu aer. Deci, pute\u021bi distinge dou\u0103 func\u021bii principale \u00eendeplinite de acest dispozitiv: eliminarea de\u0219eurilor \u0219i \u00eembun\u0103t\u0103\u021birea \u00eenc\u0103lzirii.<\/p>\n<p>Gata de lucru direct din cutie<br \/>\nCalitate european\u0103 a arz\u0103toarelor \u0219i componentelor<br \/>\nPosibilitate de instalare pe cazane puternic inundate<br \/>\nVersatilitatea arderii combustibililor<br \/>\nEficien\u021b\u0103 ridicat\u0103 \u0219i emisii sc\u0103zute<br \/>\nGama mare de putere de la 40 kW la 80 kW.<\/p>\n<p>[\/vc_column_text][\/vc_column][\/vc_row]<\/p>\n<\/div>","protected":false},"excerpt":{"rendered":"<p>MTM CTB 80<br \/>\nPutere &#8211; 40-80 kW<br \/>\nConsum ulei min\/max &#8211; 3,3-8,0 l\/h<br \/>\nAlimentarea electrica &#8211; 230V\/50Hz<br \/>\nCaracteristicile necesare ale compresorului &#8211; 63l\/min \u2013 2,5 atm<br \/>\nConector combustibil &#8211; 3\/8\u201dconector , \u00bc\u201d tub izolat lungime de 1100mm<br \/>\nSenzori de siguranta &#8211; Valve diferentiale ,sensor optic , sensor temperatura<br \/>\nDimensiuni &#8211; 340x275x550mm<br \/>\nGreutate &#8211; 17.5 Kg<\/p>\n<p>Tip de combustibil :  Ulei uzat , ulei de motor , ulei de cutie de viteze , ulei hydraulic , ulei vegetal , biodiesel , ulei de rapita , ulei de floarea soarelui , ulei alimentar etc.<br \/>\nToate sistemele includ pompa de ulei , nu includ compresor de aer comprimat si rezervor de ulei . <\/p>\n<p><a href=\"https:\/\/proterm.md\/wp-content\/uploads\/2022\/12\/ctb_80.pdf\" target=\"_blank\" rel=\"noopener\"><img decoding=\"async\" class=\"alignnone size-full wp-image-7710\" src=\"https:\/\/proterm.md\/wp-content\/uploads\/2021\/02\/pdf.png\" alt=\"PDF download\" width=\"40\" height=\"40\" \/>Catalog<\/a><\/p>\n","protected":false},"featured_media":10504,"template":"","meta":{"_joinchat":[]},"product_brand":[],"product_cat":[58],"product_tag":[1505],"class_list":{"0":"post-11961","1":"product","2":"type-product","3":"status-publish","4":"has-post-thumbnail","6":"product_cat-arzatoare","7":"product_tag-mtmfirma_poland","8":"pa_brand-firmamtm","9":"pa_heating-surface-400-800","10":"pa_power-boiler-kw-40-80","12":"first","13":"instock","14":"shipping-taxable","15":"product-type-simple"},"_links":{"self":[{"href":"https:\/\/proterm.md\/ro\/wp-json\/wp\/v2\/product\/11961","targetHints":{"allow":["GET"]}}],"collection":[{"href":"https:\/\/proterm.md\/ro\/wp-json\/wp\/v2\/product"}],"about":[{"href":"https:\/\/proterm.md\/ro\/wp-json\/wp\/v2\/types\/product"}],"wp:featuredmedia":[{"embeddable":true,"href":"https:\/\/proterm.md\/ro\/wp-json\/wp\/v2\/media\/10504"}],"wp:attachment":[{"href":"https:\/\/proterm.md\/ro\/wp-json\/wp\/v2\/media?parent=11961"}],"wp:term":[{"taxonomy":"product_brand","embeddable":true,"href":"https:\/\/proterm.md\/ro\/wp-json\/wp\/v2\/product_brand?post=11961"},{"taxonomy":"product_cat","embeddable":true,"href":"https:\/\/proterm.md\/ro\/wp-json\/wp\/v2\/product_cat?post=11961"},{"taxonomy":"product_tag","embeddable":true,"href":"https:\/\/proterm.md\/ro\/wp-json\/wp\/v2\/product_tag?post=11961"}],"curies":[{"name":"wp","href":"https:\/\/api.w.org\/{rel}","templated":true}]}}