{"id":11965,"date":"2022-12-02T09:21:31","date_gmt":"2022-12-02T07:21:31","guid":{"rendered":"https:\/\/proterm.md\/?post_type=product&#038;p=11965"},"modified":"2025-05-30T14:04:52","modified_gmt":"2025-05-30T12:04:52","slug":"arzator-mtm-ctb-180-80-220kw-ulei-uzat","status":"publish","type":"product","link":"https:\/\/proterm.md\/ro\/product\/arzator-mtm-ctb-180-80-220kw-ulei-uzat\/","title":{"rendered":"Arzator MTM CTB 180 (80-220kW) Ulei uzat"},"content":{"rendered":"<div class=\"wpb-content-wrapper\"><p>[vc_row][vc_column][vc_column_text css_animation=&#8221;bounceIn&#8221; text_larger=&#8221;no&#8221;]Acest model CTB-180 este cel mai popular de pe pia\u021ba noastr\u0103, deoarece este capabil s\u0103 acopere nevoile de \u00eenc\u0103lzire ale majorit\u0103\u021bii sta\u021biilor de service, de la 800 mp p\u00e2n\u0103 la 2500 mp.<br \/>\nArz\u0103torul pe baza de ulei uzat MTM CTB-180 cu o putere cuprins\u0103 \u00eentre 80 kW \u0219i 220 kW este un echipament global care v\u0103 permite s\u0103 utiliza\u021bi \u00eenc\u0103lzirea \u0219i s\u0103 rezolva\u021bi problema elimin\u0103rii de\u0219eurilor. Marca MTM este aleas\u0103 pentru fiabilitate, durabilitate, cost accesibil, instalare u\u0219oar\u0103 \u0219i compatibilitate cu orice marc\u0103 de echipamente. Ideal pentru site-urile unde \u00eentre\u021binerea \u0219i \u00eenlocuirea rarit\u0103\u021bilor tehnice se efectueaz\u0103 \u00een mod regulat, cum ar fi sta\u021biile de service din atelierele industriale. Pentru a reduce semnificativ consumul de \u00eenc\u0103lzire, trebuie s\u0103 instala\u021bi un cazan din o\u021bel, gaz sau motorin\u0103.[\/vc_column_text][\/vc_column][\/vc_row]<\/p>\n<\/div>","protected":false},"excerpt":{"rendered":"<p>MTM CTB 180<br \/>\nPutere &#8211; 80-220 kW<br \/>\nConsum de ulei (func\u021bionare continu\u0103) &#8211; 22,8 l\/h<br \/>\nAlimentare &#8211; 230V\/50Hz<br \/>\nCapacitatea necesar\u0103 a compresorului pentru aer comprimat &#8211; 120 litri\/min<br \/>\nEficien\u021b\u0103 &#8211; 92%<br \/>\nDimensiuni &#8211; 430x360x770mm<br \/>\nGreutate &#8211; 17,8 kg<\/p>\n<p>Tip de combustibil :  Ulei uzat , ulei de motor , ulei de cutie de viteze , ulei hydraulic , ulei vegetal , biodiesel , ulei de rapita , ulei de floarea soarelui , ulei alimentar si motorina. <\/p>\n<p><a href=\"https:\/\/proterm.md\/wp-content\/uploads\/2022\/12\/ctb_180.pdf\" target=\"_blank\" rel=\"noopener\"><img decoding=\"async\" class=\"alignnone size-full wp-image-7710\" src=\"https:\/\/proterm.md\/wp-content\/uploads\/2021\/02\/pdf.png\" alt=\"PDF download\" width=\"40\" height=\"40\" \/>Catalog<\/a><\/p>\n","protected":false},"featured_media":10504,"template":"","meta":{"_joinchat":[]},"product_brand":[],"product_cat":[58],"product_tag":[1505],"class_list":{"0":"post-11965","1":"product","2":"type-product","3":"status-publish","4":"has-post-thumbnail","6":"product_cat-arzatoare","7":"product_tag-mtmfirma_poland","8":"pa_brand-firmamtm","9":"pa_heating-surface-800-2500","10":"pa_power-boiler-kw-80-220","12":"first","13":"instock","14":"shipping-taxable","15":"product-type-simple"},"_links":{"self":[{"href":"https:\/\/proterm.md\/ro\/wp-json\/wp\/v2\/product\/11965","targetHints":{"allow":["GET"]}}],"collection":[{"href":"https:\/\/proterm.md\/ro\/wp-json\/wp\/v2\/product"}],"about":[{"href":"https:\/\/proterm.md\/ro\/wp-json\/wp\/v2\/types\/product"}],"wp:featuredmedia":[{"embeddable":true,"href":"https:\/\/proterm.md\/ro\/wp-json\/wp\/v2\/media\/10504"}],"wp:attachment":[{"href":"https:\/\/proterm.md\/ro\/wp-json\/wp\/v2\/media?parent=11965"}],"wp:term":[{"taxonomy":"product_brand","embeddable":true,"href":"https:\/\/proterm.md\/ro\/wp-json\/wp\/v2\/product_brand?post=11965"},{"taxonomy":"product_cat","embeddable":true,"href":"https:\/\/proterm.md\/ro\/wp-json\/wp\/v2\/product_cat?post=11965"},{"taxonomy":"product_tag","embeddable":true,"href":"https:\/\/proterm.md\/ro\/wp-json\/wp\/v2\/product_tag?post=11965"}],"curies":[{"name":"wp","href":"https:\/\/api.w.org\/{rel}","templated":true}]}}