{"id":11968,"date":"2022-12-02T09:37:51","date_gmt":"2022-12-02T07:37:51","guid":{"rendered":"https:\/\/proterm.md\/?post_type=product&#038;p=11968"},"modified":"2025-05-30T14:04:51","modified_gmt":"2025-05-30T12:04:51","slug":"arzator-mtm-ctb-400-200-430kw-ulei-uzat","status":"publish","type":"product","link":"https:\/\/proterm.md\/ro\/product\/arzator-mtm-ctb-400-200-430kw-ulei-uzat\/","title":{"rendered":"Arzator MTM CTB 400 (200-430kW) Ulei uzat"},"content":{"rendered":"<div class=\"wpb-content-wrapper\"><p>[vc_row][vc_column][vc_column_text css_animation=&#8221;bounceIn&#8221; text_larger=&#8221;no&#8221;]Arz\u0103torul pe ulei uzat MTM CTB-400 cu o putere \u00een intervalul de la 200 kW la 430 kW este o pr\u0103jitur\u0103 universal\u0103 de combustibil lichid de la inginerii polonezi.<\/p>\n<p>Vodca va permite depozitelor de ma\u0219ini, centrelor mari de service auto, dealerilor de ma\u0219ini, fabricilor \u0219i \u0219antierelor navale s\u0103 economiseasc\u0103 semnificativ banii la \u00eenc\u0103lzire \u0219i, \u00een acela\u0219i timp, s\u0103 aib\u0103 grij\u0103 de protec\u021bia mediului. Uleiul tratat poate fi folosit la fa\u021ba locului, f\u0103r\u0103 costuri de transport, eliminare, costuri suplimentare cu combustibil. Pot lucra pe diferite uleiuri \u0219i pot r\u00e2de. De obicei, materiile prime sunt de acord s\u0103 fie cump\u0103rate ieftin, sau chiar gratuit.<\/p>\n<p>Arzatorul se instaleaza in centrala existenta in camera cazanului. \u00cen stare solid\u0103, gazoas\u0103 sau lichid\u0103.[\/vc_column_text][\/vc_column][\/vc_row]<\/p>\n<\/div>","protected":false},"excerpt":{"rendered":"<p>MTM CTB 400<br \/>\nPutere &#8211; 200-430 kW<br \/>\nConsum de ulei (func\u021bionare continu\u0103) &#8211; 42 l\/h<br \/>\nAlimentare &#8211; 230V\/50Hz<br \/>\nCapacitatea necesar\u0103 a compresorului pentru aer comprimat &#8211; 230 litri\/min<br \/>\nEficien\u021b\u0103 &#8211; 92%<br \/>\nDimensiuni &#8211; 423x420x770mm<br \/>\nGreutate &#8211; 34 kg<\/p>\n<p>Tip de combustibil :  Ulei uzat , ulei de motor , ulei de cutie de viteze , ulei hydraulic , ulei vegetal , biodiesel , ulei de rapita , ulei de floarea soarelui , ulei alimentar etc. <\/p>\n<p><a href=\"https:\/\/proterm.md\/wp-content\/uploads\/2022\/12\/na_otrabotke_ctb_400.pdf\" target=\"_blank\" rel=\"noopener\"><img decoding=\"async\" class=\"alignnone size-full wp-image-7710\" src=\"https:\/\/proterm.md\/wp-content\/uploads\/2021\/02\/pdf.png\" alt=\"PDF download\" width=\"40\" height=\"40\" \/>Catalog<\/a><\/p>\n","protected":false},"featured_media":11970,"template":"","meta":{"_joinchat":[]},"product_brand":[],"product_cat":[58],"product_tag":[1505],"class_list":{"0":"post-11968","1":"product","2":"type-product","3":"status-publish","4":"has-post-thumbnail","6":"product_cat-arzatoare","7":"product_tag-mtmfirma_poland","8":"pa_brand-firmamtm","9":"pa_heating-surface-2000-4300","10":"pa_power-boiler-kw-200-430","12":"first","13":"instock","14":"shipping-taxable","15":"product-type-simple"},"_links":{"self":[{"href":"https:\/\/proterm.md\/ro\/wp-json\/wp\/v2\/product\/11968","targetHints":{"allow":["GET"]}}],"collection":[{"href":"https:\/\/proterm.md\/ro\/wp-json\/wp\/v2\/product"}],"about":[{"href":"https:\/\/proterm.md\/ro\/wp-json\/wp\/v2\/types\/product"}],"wp:featuredmedia":[{"embeddable":true,"href":"https:\/\/proterm.md\/ro\/wp-json\/wp\/v2\/media\/11970"}],"wp:attachment":[{"href":"https:\/\/proterm.md\/ro\/wp-json\/wp\/v2\/media?parent=11968"}],"wp:term":[{"taxonomy":"product_brand","embeddable":true,"href":"https:\/\/proterm.md\/ro\/wp-json\/wp\/v2\/product_brand?post=11968"},{"taxonomy":"product_cat","embeddable":true,"href":"https:\/\/proterm.md\/ro\/wp-json\/wp\/v2\/product_cat?post=11968"},{"taxonomy":"product_tag","embeddable":true,"href":"https:\/\/proterm.md\/ro\/wp-json\/wp\/v2\/product_tag?post=11968"}],"curies":[{"name":"wp","href":"https:\/\/api.w.org\/{rel}","templated":true}]}}