{"id":12162,"date":"2022-12-23T12:37:36","date_gmt":"2022-12-23T10:37:36","guid":{"rendered":"https:\/\/proterm.md\/?post_type=product&#038;p=12162"},"modified":"2025-05-30T14:04:35","modified_gmt":"2025-05-30T12:04:35","slug":"dezaerator-solar-1-2m-150-c","status":"publish","type":"product","link":"https:\/\/proterm.md\/ro\/product\/dezaerator-solar-1-2m-150-c\/","title":{"rendered":"Dezaerator solar 1\/2&#8243;M 150\u00ad \u00b0C"},"content":{"rendered":"<p>Dezaeratorul automat con\u021bine un flotor conectat la un bra\u021b care deschide \u0219i \u00eenchide ventilul de aerisire de pe capac. Dac\u0103 exist\u0103 aer \u00een sistem, acesta se ridic\u0103 \u2013 din cauza densit\u0103\u021bii sale mai sc\u0103zute \u2013 c\u0103tre cel mai \u00eenalt punct \u00een care este amplasat dezaeratorul automat. Drept consecin\u021b\u0103, nivelul de ap\u0103 din dezaeratorul automat scade, flotorul trage bra\u021bul flotorului \u0219i apoi deschide zona etan\u0219\u0103rii. Acest lucru permite aerului s\u0103 ias\u0103. Nivelul de ap\u0103 \u0219i flotorul urc\u0103 din nou, iar bra\u021bul flotorului \u00eenchide zona de etan\u0219are.<br \/>\nDezaeratorul automat este folosit pentru aerisirea automat\u0103 a sistemelor r\u0103cite cu lichid, de preferin\u021b\u0103 \u00een instala\u021bii solare.<br \/>\nTemperatura maxim\u0103 de lucru este 150\u00b0C, la o presiune maxim\u0103 de lucru de 10 bar.<br \/>\nVentilul de aerisire nu este indicat pentru abur sau ap\u0103 cu vapori!<\/p>","protected":false},"excerpt":{"rendered":"<p>Producator &#8211; EMMETI<br \/>\nDezaerator automat &#8211; \u00d81\/2&#8243;M<br \/>\nFilet &#8211; Extern<br \/>\nPresiune maxim\u0103 admisibil\u0103 10 bar<br \/>\nPresiune de lucru 6 bar<br \/>\nTemperatura maxim\u0103 admisibil\u0103 150\u00b0C<br \/>\nDezaeratorul automat este folosit pentru aerisirea automat\u0103 a sistemelor r\u0103cite cu lichid, de preferin\u021b\u0103 \u00een instala\u021bii solare.<\/p>\n","protected":false},"featured_media":12163,"template":"","meta":{"_joinchat":[]},"product_brand":[],"product_cat":[112,123],"product_tag":[216],"class_list":{"0":"post-12162","1":"product","2":"type-product","3":"status-publish","4":"has-post-thumbnail","6":"product_cat-colectoare-distribuitoare","7":"product_cat-piese_de_schimb_centrale_termice","8":"product_tag-emmeti","9":"pa_brand-fiv-emmeti","11":"first","12":"instock","13":"shipping-taxable","14":"product-type-simple"},"_links":{"self":[{"href":"https:\/\/proterm.md\/ro\/wp-json\/wp\/v2\/product\/12162","targetHints":{"allow":["GET"]}}],"collection":[{"href":"https:\/\/proterm.md\/ro\/wp-json\/wp\/v2\/product"}],"about":[{"href":"https:\/\/proterm.md\/ro\/wp-json\/wp\/v2\/types\/product"}],"wp:featuredmedia":[{"embeddable":true,"href":"https:\/\/proterm.md\/ro\/wp-json\/wp\/v2\/media\/12163"}],"wp:attachment":[{"href":"https:\/\/proterm.md\/ro\/wp-json\/wp\/v2\/media?parent=12162"}],"wp:term":[{"taxonomy":"product_brand","embeddable":true,"href":"https:\/\/proterm.md\/ro\/wp-json\/wp\/v2\/product_brand?post=12162"},{"taxonomy":"product_cat","embeddable":true,"href":"https:\/\/proterm.md\/ro\/wp-json\/wp\/v2\/product_cat?post=12162"},{"taxonomy":"product_tag","embeddable":true,"href":"https:\/\/proterm.md\/ro\/wp-json\/wp\/v2\/product_tag?post=12162"}],"curies":[{"name":"wp","href":"https:\/\/api.w.org\/{rel}","templated":true}]}}