{"id":12909,"date":"2023-03-14T11:37:20","date_gmt":"2023-03-14T09:37:20","guid":{"rendered":"https:\/\/proterm.md\/?post_type=product&#038;p=12909"},"modified":"2025-05-30T14:04:18","modified_gmt":"2025-05-30T12:04:18","slug":"cap-electrotermic-230v-tech-storm","status":"publish","type":"product","link":"https:\/\/proterm.md\/ro\/product\/cap-electrotermic-230v-tech-storm\/","title":{"rendered":"Cap electrotermic 230V, Tech Storm"},"content":{"rendered":"<p>Cap electrotermic pentru colectoare.<br \/>\nCapetele electrotermice sunt folosite pentru deschiderea\/\u00eenchiderea automat\u0103 a supapelor radiatorului, colectoarelor \u0219i ventilo-convectorului.<br \/>\nCapetele sunt comandate de un termostat de camera amplasat in fiecare incapere, care in functie de solicitare deschide sau inchide circuitul de incalzire\/racire.<br \/>\nUnitatea are un brevet de model de utilitate privind leg\u0103tura dintre baz\u0103 \u0219i capac.<br \/>\nCapul electrotermic are un indicator mecanic de pozi\u021bie.<br \/>\n\u00cen capul TEC (interceptarea fluxului) f\u0103r\u0103 alimentare, indicatorul se aprinde ro\u0219u.<\/p>","protected":false},"excerpt":{"rendered":"<p>Cap electrotermic 230V, 4 fire Tech Storm<br \/>\nAlimentare 24-230V (+10% \/ -15%).<br \/>\nConsum de energie &#8211; 2,5 W<br \/>\nTimp de deschidere\/\u00eenchidere: 3-5 min.<br \/>\nLungime cablu: 0,9 m.<br \/>\nTemperatura de functionare: -5\/+60\u00b0\u0421.<br \/>\nGrad de protectie: IP54.<br \/>\nTara de origine &#8211; Italia<\/p>\n","protected":false},"featured_media":11470,"template":"","meta":{"_joinchat":[]},"product_brand":[],"product_cat":[112,72,2221],"product_tag":[],"class_list":{"0":"post-12909","1":"product","2":"type-product","3":"status-publish","4":"has-post-thumbnail","6":"product_cat-colectoare-distribuitoare","7":"product_cat-robineti_radiatoare","8":"product_cat-thermostat","10":"first","11":"instock","12":"shipping-taxable","13":"product-type-simple"},"_links":{"self":[{"href":"https:\/\/proterm.md\/ro\/wp-json\/wp\/v2\/product\/12909","targetHints":{"allow":["GET"]}}],"collection":[{"href":"https:\/\/proterm.md\/ro\/wp-json\/wp\/v2\/product"}],"about":[{"href":"https:\/\/proterm.md\/ro\/wp-json\/wp\/v2\/types\/product"}],"wp:featuredmedia":[{"embeddable":true,"href":"https:\/\/proterm.md\/ro\/wp-json\/wp\/v2\/media\/11470"}],"wp:attachment":[{"href":"https:\/\/proterm.md\/ro\/wp-json\/wp\/v2\/media?parent=12909"}],"wp:term":[{"taxonomy":"product_brand","embeddable":true,"href":"https:\/\/proterm.md\/ro\/wp-json\/wp\/v2\/product_brand?post=12909"},{"taxonomy":"product_cat","embeddable":true,"href":"https:\/\/proterm.md\/ro\/wp-json\/wp\/v2\/product_cat?post=12909"},{"taxonomy":"product_tag","embeddable":true,"href":"https:\/\/proterm.md\/ro\/wp-json\/wp\/v2\/product_tag?post=12909"}],"curies":[{"name":"wp","href":"https:\/\/api.w.org\/{rel}","templated":true}]}}