{"id":12915,"date":"2023-03-15T14:32:10","date_gmt":"2023-03-15T12:32:10","guid":{"rendered":"https:\/\/proterm.md\/?post_type=product&#038;p=12915"},"modified":"2025-05-30T14:04:17","modified_gmt":"2025-05-30T12:04:17","slug":"centru-de-comanda-podea-calda","status":"publish","type":"product","link":"https:\/\/proterm.md\/ro\/product\/centru-de-comanda-podea-calda\/","title":{"rendered":"Centru de comanda podea calda TPX08-RF"},"content":{"rendered":"<p>Acest centru de comanda regleaza temperatura pe contur in podea calda. Concomitent puteti instala acest centru de comanda la 8 camere max .\u00a0Un termostat poate regla temperatura concomitent de la un contur pana la opt. Termostatele lucreaza prin unde radio (nu aveti nevoie sa trageti cablu in fiecare camera ). Temperatura este reglat\u0103 separat \u00een fiecare camer\u0103 . Pentru mai multe informatii in privinta modului de operare ne puteti contacta la nr. +373 60 79 70 79<\/p>","protected":false},"excerpt":{"rendered":"<p>Num\u0103r de model: TPX08RF<br \/>\nTip: Centru de control al \u00eenc\u0103lzirii \u00een pardoseal\u0103<br \/>\nNume produs: centru de control al \u00eenc\u0103lzirii prin pardoseal\u0103 f\u0103r\u0103 fir cu 8 c\u0103i<br \/>\nCuloarea corpului: alb<br \/>\nAlimentare: AC230V<br \/>\nFunc\u021bie: Poate controla 8 termostate \u0219i un actuator termic.<br \/>\nCertificate: UE<br \/>\nInstalare: Montare pe perete<br \/>\nCaracteristic\u0103: max. 8 circuite<br \/>\nComunicare: wireless 868MHz<br \/>\nGarantie: 2 ani<br \/>\nServiciu pre-v\u00e2nzare: suport tehnic online,<br \/>\nAplica\u021bie: vil\u0103, hotel, villa.apartment.home.office, etc.<\/p>\n<p><a href=\"https:\/\/proterm.md\/wp-content\/uploads\/2023\/03\/TPX08RF-Centru-de-comanda-Instructiuni.pdf\" target=\"_blank\" rel=\"noopener\"><img decoding=\"async\" class=\"alignnone wp-image-7559\" src=\"https:\/\/proterm.md\/wp-content\/uploads\/2021\/12\/icopdf-min-300x300.png\" alt=\"\" width=\"34\" height=\"34\" srcset=\"https:\/\/proterm.md\/wp-content\/uploads\/2021\/12\/icopdf-min-300x300.png 300w, https:\/\/proterm.md\/wp-content\/uploads\/2021\/12\/icopdf-min-150x150.png 150w, https:\/\/proterm.md\/wp-content\/uploads\/2021\/12\/icopdf-min-250x250.png 250w, https:\/\/proterm.md\/wp-content\/uploads\/2021\/12\/icopdf-min-450x450.png 450w, https:\/\/proterm.md\/wp-content\/uploads\/2021\/12\/icopdf-min-500x500.png 500w, https:\/\/proterm.md\/wp-content\/uploads\/2021\/12\/icopdf-min-100x100.png 100w, https:\/\/proterm.md\/wp-content\/uploads\/2021\/12\/icopdf-min.png 512w\" sizes=\"(max-width: 34px) 100vw, 34px\" \/>Instruc\u021biuni de instalare TPX08RF<\/a><\/p>\n","protected":false},"featured_media":12924,"template":"","meta":{"_joinchat":[]},"product_brand":[],"product_cat":[42,2221],"product_tag":[1557],"class_list":{"0":"post-12915","1":"product","2":"type-product","3":"status-publish","4":"has-post-thumbnail","6":"product_cat-automatizari_elemente_de_actionare","7":"product_cat-thermostat","8":"product_tag-toupwell","9":"pa_brand-toupwell","11":"first","12":"instock","13":"shipping-taxable","14":"product-type-simple"},"_links":{"self":[{"href":"https:\/\/proterm.md\/ro\/wp-json\/wp\/v2\/product\/12915","targetHints":{"allow":["GET"]}}],"collection":[{"href":"https:\/\/proterm.md\/ro\/wp-json\/wp\/v2\/product"}],"about":[{"href":"https:\/\/proterm.md\/ro\/wp-json\/wp\/v2\/types\/product"}],"wp:featuredmedia":[{"embeddable":true,"href":"https:\/\/proterm.md\/ro\/wp-json\/wp\/v2\/media\/12924"}],"wp:attachment":[{"href":"https:\/\/proterm.md\/ro\/wp-json\/wp\/v2\/media?parent=12915"}],"wp:term":[{"taxonomy":"product_brand","embeddable":true,"href":"https:\/\/proterm.md\/ro\/wp-json\/wp\/v2\/product_brand?post=12915"},{"taxonomy":"product_cat","embeddable":true,"href":"https:\/\/proterm.md\/ro\/wp-json\/wp\/v2\/product_cat?post=12915"},{"taxonomy":"product_tag","embeddable":true,"href":"https:\/\/proterm.md\/ro\/wp-json\/wp\/v2\/product_tag?post=12915"}],"curies":[{"name":"wp","href":"https:\/\/api.w.org\/{rel}","templated":true}]}}