{"id":13584,"date":"2026-04-06T15:42:05","date_gmt":"2026-04-06T13:42:05","guid":{"rendered":"https:\/\/proterm.md\/?post_type=product&#038;p=13584"},"modified":"2026-04-06T15:42:05","modified_gmt":"2026-04-06T13:42:05","slug":"polistiren-extrudat-3cm","status":"publish","type":"product","link":"https:\/\/proterm.md\/ro\/product\/polistiren-extrudat-3cm\/","title":{"rendered":"Polistiren extrudat 3cm"},"content":{"rendered":"<div class=\"wpb-content-wrapper\"><p>[vc_row][vc_column][vc_column_text text_larger=&#8221;no&#8221;]Este folosit cu succes \u00een amenajarea sistemelor de izolare \u00een majoritatea structurilor de cl\u0103diri. Potrivit pentru utilizare \u00een subsol \u0219i p\u0103r\u021bi subterane ale cl\u0103dirilor, izolarea fa\u021badelor.[\/vc_column_text][\/vc_column][\/vc_row]<\/p>\n<\/div>","protected":false},"excerpt":{"rendered":"<p>Placa polistiren extrudat 3mm<br \/>\nPlaca polistiren expandat \u2013 \u00b191 lei\/placa sau 145 lei\/m\u00b2<br \/>\nUn list \u2013 0.66 m\u00b2<br \/>\nLungime \u2013 120cm<br \/>\nLatime \u2013 55cm<br \/>\nGrosime \u2013 3cm<\/p>\n<p><a href=\"https:\/\/proterm.md\/wp-content\/uploads\/2022\/01\/hidroizolare-min-min.png\"><img decoding=\"async\" class=\"alignnone size-medium wp-image-8267\" src=\"https:\/\/proterm.md\/wp-content\/uploads\/2022\/01\/hidroizolare-min-min-300x185.png\" alt=\"Podea calda eliminarea caldurii\" width=\"300\" height=\"185\" \/><\/a><\/p>\n","protected":false},"featured_media":8271,"template":"","meta":{"_joinchat":[]},"product_brand":[],"product_cat":[685],"product_tag":[],"class_list":{"0":"post-13584","1":"product","2":"type-product","3":"status-publish","4":"has-post-thumbnail","6":"product_cat-polistiren_extrudat","8":"first","9":"instock","10":"shipping-taxable","11":"product-type-simple"},"_links":{"self":[{"href":"https:\/\/proterm.md\/ro\/wp-json\/wp\/v2\/product\/13584","targetHints":{"allow":["GET"]}}],"collection":[{"href":"https:\/\/proterm.md\/ro\/wp-json\/wp\/v2\/product"}],"about":[{"href":"https:\/\/proterm.md\/ro\/wp-json\/wp\/v2\/types\/product"}],"wp:featuredmedia":[{"embeddable":true,"href":"https:\/\/proterm.md\/ro\/wp-json\/wp\/v2\/media\/8271"}],"wp:attachment":[{"href":"https:\/\/proterm.md\/ro\/wp-json\/wp\/v2\/media?parent=13584"}],"wp:term":[{"taxonomy":"product_brand","embeddable":true,"href":"https:\/\/proterm.md\/ro\/wp-json\/wp\/v2\/product_brand?post=13584"},{"taxonomy":"product_cat","embeddable":true,"href":"https:\/\/proterm.md\/ro\/wp-json\/wp\/v2\/product_cat?post=13584"},{"taxonomy":"product_tag","embeddable":true,"href":"https:\/\/proterm.md\/ro\/wp-json\/wp\/v2\/product_tag?post=13584"}],"curies":[{"name":"wp","href":"https:\/\/api.w.org\/{rel}","templated":true}]}}