{"id":13648,"date":"2023-05-04T08:56:32","date_gmt":"2023-05-04T06:56:32","guid":{"rendered":"https:\/\/proterm.md\/?post_type=product&#038;p=13648"},"modified":"2025-06-24T14:32:12","modified_gmt":"2025-06-24T12:32:12","slug":"biral-compax-25-4-130","status":"publish","type":"product","link":"https:\/\/proterm.md\/ro\/product\/biral-compax-25-4-130\/","title":{"rendered":"BIRAL CompAX 25-4 130"},"content":{"rendered":"<div class=\"wpb-content-wrapper\"><p>[vc_row][vc_column][vc_column_text css_animation=&#8221;none&#8221; text_larger=&#8221;no&#8221;]CompAX impresioneaz\u0103 prin designul s\u0103u extrem de compact, prin filozofia de operare simpl\u0103 \u0219i clar\u0103 tipic\u0103 produselor profesionale \u0219i prin factorul de eficien\u021b\u0103 ridicat. \u00cen plus, o gam\u0103 larg\u0103 de caracteristici, cum ar fi indicarea debitului \u0219i de dozare, \u00eel fac un produs de top.[\/vc_column_text][\/vc_column][\/vc_row]<\/p>\n<\/div>","protected":false},"excerpt":{"rendered":"<p>Diametru nominal DN 25<br \/>\nCap H max. 4 m<br \/>\nLungime de montare 130 mm<br \/>\nRacord filetat G 1 1\/2&#8243;<br \/>\npresiune de lucru max. 10 bare<br \/>\nTemperatura minim\u0103 a lichidului + 2\u00b0C<br \/>\nTemperatura maxima a lichidului +110\u00b0C<br \/>\nTemperatura camerei 0\u00b0C p\u00e2n\u0103 la 40\u00b0C<br \/>\nGreutate neta 1,8 kg<br \/>\nIEE \u22640,18 EEI<br \/>\nTensiune 1x230V<br \/>\nFrecventa 50\/60Hz<br \/>\nPutere P1 3-19W<br \/>\nCurent nominal 0,04-0,16A<br \/>\nProtector motor integrat<\/p>\n<p><img decoding=\"async\" class=\"alignnone size-full wp-image-7710\" src=\"https:\/\/proterm.md\/wp-content\/uploads\/2021\/02\/pdf.png\" alt=\"PDF download\" width=\"40\" height=\"40\" \/><a href=\"https:\/\/proterm.md\/wp-content\/uploads\/2023\/05\/PrimAX__ModulA__CompAX.pdf\" target=\"_blank\" rel=\"noopener\">Fi\u0219\u0103 tehnic\u0103<\/a><\/p>\n","protected":false},"featured_media":7932,"template":"","meta":{"_joinchat":[]},"product_brand":[],"product_cat":[62,40],"product_tag":[309],"class_list":{"0":"post-13648","1":"product","2":"type-product","3":"status-publish","4":"has-post-thumbnail","6":"product_cat-pompa_circulatie","7":"product_cat-pompa_apa","8":"product_tag-biral","9":"pa_brand-biral","10":"pa_maximum-productivity-337","11":"pa_pumping-height-4-1","13":"first","14":"instock","15":"shipping-taxable","16":"product-type-simple"},"_links":{"self":[{"href":"https:\/\/proterm.md\/ro\/wp-json\/wp\/v2\/product\/13648","targetHints":{"allow":["GET"]}}],"collection":[{"href":"https:\/\/proterm.md\/ro\/wp-json\/wp\/v2\/product"}],"about":[{"href":"https:\/\/proterm.md\/ro\/wp-json\/wp\/v2\/types\/product"}],"wp:featuredmedia":[{"embeddable":true,"href":"https:\/\/proterm.md\/ro\/wp-json\/wp\/v2\/media\/7932"}],"wp:attachment":[{"href":"https:\/\/proterm.md\/ro\/wp-json\/wp\/v2\/media?parent=13648"}],"wp:term":[{"taxonomy":"product_brand","embeddable":true,"href":"https:\/\/proterm.md\/ro\/wp-json\/wp\/v2\/product_brand?post=13648"},{"taxonomy":"product_cat","embeddable":true,"href":"https:\/\/proterm.md\/ro\/wp-json\/wp\/v2\/product_cat?post=13648"},{"taxonomy":"product_tag","embeddable":true,"href":"https:\/\/proterm.md\/ro\/wp-json\/wp\/v2\/product_tag?post=13648"}],"curies":[{"name":"wp","href":"https:\/\/api.w.org\/{rel}","templated":true}]}}