{"id":13725,"date":"2023-05-16T15:06:12","date_gmt":"2023-05-16T13:06:12","guid":{"rendered":"https:\/\/proterm.md\/?post_type=product&#038;p=13725"},"modified":"2025-05-30T14:04:01","modified_gmt":"2025-05-30T12:04:01","slug":"izolatie-sibral-usa-atmos-s0251","status":"publish","type":"product","link":"https:\/\/proterm.md\/ro\/product\/izolatie-sibral-usa-atmos-s0251\/","title":{"rendered":"Izolatie sibral usa Atmos S0251"},"content":{"rendered":"<p class=\"qtranxs-available-languages-message qtranxs-available-languages-message-ro\">Din p\u0103cate acest articol este disponibil doar \u00een <a href=\"https:\/\/proterm.md\/ru\/wp-json\/wp\/v2\/product\/13725\" class=\"qtranxs-available-language-link qtranxs-available-language-link-ru\" title=\"\u0420\u0443\u0441\u0441\u043a\u0438\u0439\">\u0420\u0443\u0441\u0441\u043a\u0438\u0439<\/a>.<\/p>","protected":false},"excerpt":{"rendered":"<p>Grosime 32 mm 2 suruburi M6x65 + 2 saibe incluse<br \/>\nPiesa de schimb pentru centrala termica pe combustibil solid Atmos<\/p>\n<p>Pentru izolarea u\u0219ilor superioare pentru cazanele Atmos \u0219i u\u0219ilor inferioare pentru cazanele f\u0103r\u0103 camer\u0103 sferic\u0103. Pentru izolarea u\u0219ilor inferioare ale cazanelor cu camer\u0103 sferic\u0103 este sibral S0251.<\/p>\n","protected":false},"featured_media":13726,"template":"","meta":{"_joinchat":[]},"product_brand":[],"product_cat":[54,15],"product_tag":[134],"class_list":{"0":"post-13725","1":"product","2":"type-product","3":"status-publish","4":"has-post-thumbnail","6":"product_cat-cazane_combustibil_solid","7":"product_cat-instalatii_incalzire","8":"product_tag-atmos","9":"pa_brand-atmos","11":"first","12":"instock","13":"shipping-taxable","14":"product-type-simple"},"_links":{"self":[{"href":"https:\/\/proterm.md\/ro\/wp-json\/wp\/v2\/product\/13725","targetHints":{"allow":["GET"]}}],"collection":[{"href":"https:\/\/proterm.md\/ro\/wp-json\/wp\/v2\/product"}],"about":[{"href":"https:\/\/proterm.md\/ro\/wp-json\/wp\/v2\/types\/product"}],"wp:featuredmedia":[{"embeddable":true,"href":"https:\/\/proterm.md\/ro\/wp-json\/wp\/v2\/media\/13726"}],"wp:attachment":[{"href":"https:\/\/proterm.md\/ro\/wp-json\/wp\/v2\/media?parent=13725"}],"wp:term":[{"taxonomy":"product_brand","embeddable":true,"href":"https:\/\/proterm.md\/ro\/wp-json\/wp\/v2\/product_brand?post=13725"},{"taxonomy":"product_cat","embeddable":true,"href":"https:\/\/proterm.md\/ro\/wp-json\/wp\/v2\/product_cat?post=13725"},{"taxonomy":"product_tag","embeddable":true,"href":"https:\/\/proterm.md\/ro\/wp-json\/wp\/v2\/product_tag?post=13725"}],"curies":[{"name":"wp","href":"https:\/\/api.w.org\/{rel}","templated":true}]}}