{"id":13757,"date":"2026-01-27T12:13:30","date_gmt":"2026-01-27T10:13:30","guid":{"rendered":"https:\/\/proterm.md\/?post_type=product&#038;p=13757"},"modified":"2026-02-03T11:27:08","modified_gmt":"2026-02-03T09:27:08","slug":"conditioner-inverter-starway-50m","status":"publish","type":"product","link":"https:\/\/proterm.md\/ro\/product\/conditioner-inverter-starway-50m\/","title":{"rendered":"Conditioner Inverter Starway 50m 18BTU"},"content":{"rendered":"<div class=\"wpb-content-wrapper\"><p>[vc_row][vc_column][vc_column_text css_animation=&#8221;bounceIn&#8221; text_larger=&#8221;no&#8221;]Aparat de aer conditionat tip inverter compact de perete cu sistem inverter cu pompa de caldura, pentru instalare in orice spatiu rezidential si de birou<\/p>\n<p>Func\u021bii controlate de telecomand\u0103:<br \/>\n&#8211; R\u0103cire, dezumidificare, \u00eenc\u0103lzire, doar ventila\u021bie, urm\u0103ri\u021bi-m\u0103, modul de repaus, func\u021bie de control al fluxului de aer, cronometru, mod de func\u021bionare automat, turbo, eco, auto-cur\u0103\u021bare, testare<\/p>\n<p>Corp elegant din PMMA<br \/>\nAfi\u0219aj \u201esoft\u201d.<br \/>\nControl de la distan\u021b\u0103 prin Wi-Fi (op\u021bional)<br \/>\nSistem \u201eDC Inverter\u201d cu modulare progresiv\u0103 constant\u0103 pentru economii de energie sezonier\u0103 \u0219i un confort sporit \u00een interior<br \/>\nFunc\u021bia de confort \u201eUrm\u0103ri\u021bi-m\u0103\u201d<br \/>\nVentilator cu 6 trepte cu selectare automata a vitezei<br \/>\nVentilator de defilare cu torsiune super silen\u021bioas\u0103<br \/>\nEfect 3D: mi\u0219care motorizat\u0103 a deflectorului pentru o mai bun\u0103 distribu\u021bie a aerului<br \/>\nFunc\u021bia \u201e1 W\u201d pentru a reduce consumul de energie \u00een standby<br \/>\nSistem electronic de protec\u021bie pentru diferite componente ale aparatului de aer condi\u021bionat, care se activeaz\u0103 la fiecare pornire<br \/>\nTelecomand\u0103 convenabil\u0103 cu infraro\u0219u cu afi\u0219aj LCD<br \/>\nFunc\u021bie de testare pentru un serviciu convenabil<br \/>\nButon de urgen\u021b\u0103<br \/>\nRepornire automat\u0103<br \/>\nDiagnostic propriu<br \/>\nFunc\u021bie de \u201eauto-cur\u0103\u021bare\u201d pentru prevenirea form\u0103rii mucegaiului, cu uscarea automat\u0103 a elementelor interne<\/p>\n<p>Starway este o marc\u0103 de aparate de aer condi\u021bionat de\u021binut\u0103 de Chunlan Corporation, creat\u0103 special pentru \u021b\u0103rile europene. Prin urmare, aceste aparate de aer condi\u021bionat sunt furnizate \u00een Europa sub marca Starway.<\/p>\n<p>Corpora\u021bia CHUNLAN<br \/>\nCHUNLAN (Group) Corporation este unul dintre cei mai mari produc\u0103tori de echipamente de climatizare din China. De la lansarea primului lot de aparate de aer condi\u021bionat \u00een 1973, corpora\u021bia nu numai c\u0103 \u00ee\u0219i folose\u0219te cei 30 de ani de experien\u021b\u0103 \u0219i cuno\u0219tin\u021be unice \u00een produc\u021bia de aparate de aer condi\u021bionat, ci \u0219i \u00eembun\u0103t\u0103\u021be\u0219te constant echipamentele produse, acord\u00e2nd un rol important muncii de cercetare care ajut\u0103 \u00eembun\u0103t\u0103\u021birea caracteristicilor tehnice ale echipamentelor de climatizare.<br \/>\nAparatele de aer condi\u021bionat CHUNLAN au primit numeroase premii pentru fiabilitate \u0219i niveluri sc\u0103zute de zgomot, ceea ce este confirmat de volumele de v\u00e2nz\u0103ri \u00een cre\u0219tere anual\u0103. Volumul total de produc\u021bie al aparatelor de aer condi\u021bionat Chunlan de peste 30 de ani a ajuns la 40.000.000 de seturi. Produsele corpora\u021biei sunt exportate \u00een peste 100 de \u021b\u0103ri. Unit\u0103\u021bile de produc\u021bie ale CHUNLAN Corporation fabric\u0103 produse pentru OEM Carrier, General, Sanyo, Hitachi, National etc.<br \/>\nIstoricul produc\u021biei de aparate de aer condi\u021bionat Starway<br \/>\n1973 &#8211; a \u00eenceput produc\u021bia de aparate de aer condi\u021bionat;<br \/>\n1990 &#8211; CHUNLAN Corporation devine lider \u00een produc\u021bia de aparate de aer condi\u021bionat \u00een China;<br \/>\n1994 &#8211; a primit certificatul de calitate ISO 9001 de la American Standards Association;<br \/>\n1995 &#8211; a primit de c\u0103tre guvernul chinez titlul de \u201eRege al aparatelor de aer condi\u021bionat\u201d;<br \/>\n2000 &#8211; CHUNLAN a stabilit cel mai mare record de fiabilitate \u201eproduc\u021bie ne\u00eentrerupt\u0103 pentru 60.000 de ore\u201d;<br \/>\n2000 &#8211; nivelul de zgomot \u00een timpul func\u021bion\u0103rii aparatelor de aer condi\u021bionat STARWAY\/CHUNLAN a fost recunoscut ca fiind cel mai sc\u0103zut \u00een timpul unei inspec\u021bii oficiale (de stat);<br \/>\n2006 &#8211; volumul total de produc\u021bie al aparatelor de aer condi\u021bionat STARWAY\/CHUNLAN a ajuns la peste 55.000.000 de unit\u0103\u021bi (seturi).[\/vc_column_text][\/vc_column][\/vc_row]<\/p>\n<\/div>","protected":false},"excerpt":{"rendered":"<p>Sistem split aer conditionat<br \/>\nSuprafata 50m<br \/>\nUnitate interioar\u0103 &#8211; CS-18R\/INVWa<br \/>\nUnitate exterioar\u0103 &#8211; CS-18R\/INVWa<\/p>\n<p>Racire &#8211; 18000 Btu\/h (400~20000)<br \/>\n\u00cenc\u0103lzire &#8211; 18500 Btu\/h (4400~21500)<\/p>\n<p><strong>&#x1f4cd; Cooling (r\u0103cire): ~ \u201315 \u00b0C p\u00e2n\u0103 +50 \u00b0C<\/strong><br \/>\n<strong>&#x1f4cd; Heating (\u00eenc\u0103lzire): ~ \u201315 \u00b0C p\u00e2n\u0103 +30 \u00b0C<\/strong><\/p>\n<p>Tensiune de r\u0103cire &#8211; 7,8 A (2,4 ~ 12,0)<br \/>\nTensiune de \u00eenc\u0103lzire &#8211; 7,1 A (2,4 ~ 12,0)<br \/>\nCurent nominal (IEC60335)<br \/>\npentru racire\/incalzire &#8211; 12 A<\/p>\n<p>Putere de intrare la r\u0103cire 1645W (420~2500)<br \/>\nPuterea de intrare la \u00eenc\u0103lzire &#8211; 1500W (420~2500)<br \/>\nPutere nominal\u0103 de intrare (IEC60335) &#8211; 2500 W<\/p>\n<p>Volumul de aer din camer\u0103 \u00een timpul r\u0103cirii &#8211; 850 m\u00b3\/h<br \/>\nVolumul de aer din camer\u0103 \u00een timpul \u00eenc\u0103lzirii &#8211; 900 m\u00b3\/h<\/p>\n<p>Zgomot<br \/>\nUnitate interioar\u0103 &#8211; 44 dB(A)<br \/>\nUnitate exterioar\u0103 &#8211; 52 dB(A)<\/p>\n<p>Greutate<br \/>\nUnitate interioar\u0103 &#8211; 10 kg<br \/>\nUnitate exterior &#8211; 29 kg<\/p>\n<p>Tensiune nominal\u0103 &#8211; 220-240V 50Hz<br \/>\n\u00cenc\u0103rcare cu agent frigorific R410A\/1,06 kg<br \/>\nUnitate exterioar\u0103 rezistent\u0103 la ap\u0103 IPX4<br \/>\nGarantie &#8211; 2 ani<\/p>\n<p data-wp-editing=\"1\"><img decoding=\"async\" class=\"alignnone wp-image-7559\" src=\"https:\/\/proterm.md\/wp-content\/uploads\/2021\/12\/icopdf-min-250x250.png\" alt=\"\" width=\"32\" height=\"32\" srcset=\"https:\/\/proterm.md\/wp-content\/uploads\/2021\/12\/icopdf-min-250x250.png 250w, https:\/\/proterm.md\/wp-content\/uploads\/2021\/12\/icopdf-min-150x150.png 150w, https:\/\/proterm.md\/wp-content\/uploads\/2021\/12\/icopdf-min-450x450.png 450w, https:\/\/proterm.md\/wp-content\/uploads\/2021\/12\/icopdf-min-300x300.png 300w, https:\/\/proterm.md\/wp-content\/uploads\/2021\/12\/icopdf-min-500x500.png 500w, https:\/\/proterm.md\/wp-content\/uploads\/2021\/12\/icopdf-min-100x100.png 100w, https:\/\/proterm.md\/wp-content\/uploads\/2021\/12\/icopdf-min.png 512w\" sizes=\"(max-width: 32px) 100vw, 32px\" \/><a href=\"https:\/\/proterm.md\/wp-content\/uploads\/2022\/06\/Starway-\u043c\u0430\u043d\u0443\u0430\u043b-\u043d\u0430-\u0440\u0443\u0441\u0441\u043a\u043e\u043c.pdf\" target=\"_blank\" rel=\"noopener\">Starway manual<\/a><\/p>\n","protected":false},"featured_media":13752,"template":"","meta":{"_joinchat":[]},"product_brand":[],"product_cat":[94],"product_tag":[137],"class_list":{"0":"post-13757","1":"product","2":"type-product","3":"status-publish","4":"has-post-thumbnail","6":"product_cat-conditioner_invertor","7":"product_tag-starway","8":"pa_brand-starway","9":"pa_putere_conditioner-18000-btu-50-m2","10":"pa_sales-sales","11":"pa_tip_conditioner-inverter","13":"first","14":"instock","15":"sale","16":"shipping-taxable","17":"product-type-simple"},"_links":{"self":[{"href":"https:\/\/proterm.md\/ro\/wp-json\/wp\/v2\/product\/13757","targetHints":{"allow":["GET"]}}],"collection":[{"href":"https:\/\/proterm.md\/ro\/wp-json\/wp\/v2\/product"}],"about":[{"href":"https:\/\/proterm.md\/ro\/wp-json\/wp\/v2\/types\/product"}],"wp:featuredmedia":[{"embeddable":true,"href":"https:\/\/proterm.md\/ro\/wp-json\/wp\/v2\/media\/13752"}],"wp:attachment":[{"href":"https:\/\/proterm.md\/ro\/wp-json\/wp\/v2\/media?parent=13757"}],"wp:term":[{"taxonomy":"product_brand","embeddable":true,"href":"https:\/\/proterm.md\/ro\/wp-json\/wp\/v2\/product_brand?post=13757"},{"taxonomy":"product_cat","embeddable":true,"href":"https:\/\/proterm.md\/ro\/wp-json\/wp\/v2\/product_cat?post=13757"},{"taxonomy":"product_tag","embeddable":true,"href":"https:\/\/proterm.md\/ro\/wp-json\/wp\/v2\/product_tag?post=13757"}],"curies":[{"name":"wp","href":"https:\/\/api.w.org\/{rel}","templated":true}]}}