{"id":13835,"date":"2026-04-21T09:08:37","date_gmt":"2026-04-21T07:08:37","guid":{"rendered":"https:\/\/proterm.md\/?post_type=product&#038;p=13835"},"modified":"2026-04-21T09:08:37","modified_gmt":"2026-04-21T07:08:37","slug":"kit-de-conectare-panou-solar-zpks","status":"publish","type":"product","link":"https:\/\/proterm.md\/ro\/product\/kit-de-conectare-panou-solar-zpks\/","title":{"rendered":"Kit de conectare panou solar ZPKS"},"content":{"rendered":"<div class=\"wpb-content-wrapper\"><p>[vc_row][vc_column][vc_column_text text_larger=&#8221;no&#8221;]Setul v\u0103 permite s\u0103 conecta\u021bi o baterie format\u0103 din 1 p\u00e2n\u0103 la 8 panouri solare plate la conductele sistemului.[\/vc_column_text][\/vc_column][\/vc_row]<\/p>\n<\/div>","protected":false},"excerpt":{"rendered":"<p>Lista articolelor incluse<br \/>\nRacord de conectare \u00d8 \u00be\u201d<br \/>\nDop \u00d8 \u00be\u201d<br \/>\nSupap\u0103 cu trei c\u0103i cu man\u0219on de sond\u0103 \u0219i dezaerator \u00d8 \u00be\u201d<br \/>\nSemifitting \u00d8 \u00be\u201d<br \/>\nSetul este conceput pentru dou\u0103 panouri solare<\/p>\n<p data-wp-editing=\"1\"><img decoding=\"async\" class=\"alignnone wp-image-7559\" src=\"https:\/\/proterm.md\/wp-content\/uploads\/2021\/12\/icopdf-min-250x250.png\" alt=\"\" width=\"32\" height=\"32\" srcset=\"https:\/\/proterm.md\/wp-content\/uploads\/2021\/12\/icopdf-min-250x250.png 250w, https:\/\/proterm.md\/wp-content\/uploads\/2021\/12\/icopdf-min-150x150.png 150w, https:\/\/proterm.md\/wp-content\/uploads\/2021\/12\/icopdf-min-450x450.png 450w, https:\/\/proterm.md\/wp-content\/uploads\/2021\/12\/icopdf-min-300x300.png 300w, https:\/\/proterm.md\/wp-content\/uploads\/2021\/12\/icopdf-min-500x500.png 500w, https:\/\/proterm.md\/wp-content\/uploads\/2021\/12\/icopdf-min-100x100.png 100w, https:\/\/proterm.md\/wp-content\/uploads\/2021\/12\/icopdf-min.png 512w\" sizes=\"(max-width: 32px) 100vw, 32px\" \/><a href=\"https:\/\/proterm.md\/wp-content\/uploads\/2023\/06\/Kit-fitinguri-ZPKS.pdf\" target=\"_blank\" rel=\"noopener\">Date tehnice<\/a><\/p>\n","protected":false},"featured_media":13838,"template":"","meta":{"_joinchat":[]},"product_brand":[],"product_cat":[59],"product_tag":[126],"class_list":{"0":"post-13835","1":"product","2":"type-product","3":"status-publish","4":"has-post-thumbnail","6":"product_cat-panouri_solare","7":"product_tag-arca","8":"pa_availability-for-pre-order-pre-order","9":"pa_brand-arca","11":"first","12":"instock","13":"shipping-taxable","14":"product-type-simple"},"_links":{"self":[{"href":"https:\/\/proterm.md\/ro\/wp-json\/wp\/v2\/product\/13835","targetHints":{"allow":["GET"]}}],"collection":[{"href":"https:\/\/proterm.md\/ro\/wp-json\/wp\/v2\/product"}],"about":[{"href":"https:\/\/proterm.md\/ro\/wp-json\/wp\/v2\/types\/product"}],"wp:featuredmedia":[{"embeddable":true,"href":"https:\/\/proterm.md\/ro\/wp-json\/wp\/v2\/media\/13838"}],"wp:attachment":[{"href":"https:\/\/proterm.md\/ro\/wp-json\/wp\/v2\/media?parent=13835"}],"wp:term":[{"taxonomy":"product_brand","embeddable":true,"href":"https:\/\/proterm.md\/ro\/wp-json\/wp\/v2\/product_brand?post=13835"},{"taxonomy":"product_cat","embeddable":true,"href":"https:\/\/proterm.md\/ro\/wp-json\/wp\/v2\/product_cat?post=13835"},{"taxonomy":"product_tag","embeddable":true,"href":"https:\/\/proterm.md\/ro\/wp-json\/wp\/v2\/product_tag?post=13835"}],"curies":[{"name":"wp","href":"https:\/\/api.w.org\/{rel}","templated":true}]}}