{"id":13842,"date":"2023-06-23T11:16:57","date_gmt":"2023-06-23T09:16:57","guid":{"rendered":"https:\/\/proterm.md\/?post_type=product&#038;p=13842"},"modified":"2025-07-02T14:58:45","modified_gmt":"2025-07-02T12:58:45","slug":"grup-de-pompare-panou-solar","status":"publish","type":"product","link":"https:\/\/proterm.md\/ro\/product\/grup-de-pompare-panou-solar\/","title":{"rendered":"Grup de pompare panou solar"},"content":{"rendered":"<div class=\"wpb-content-wrapper\"><p>[vc_row][vc_column][vc_column_text text_larger=&#8221;no&#8221;]<img decoding=\"async\" class=\"alignnone wp-image-13850\" src=\"https:\/\/proterm.md\/wp-content\/uploads\/2023\/06\/Arca-solar-pompa-de-circulare-pe-perete-schema.webp\" alt=\"\" width=\"225\" height=\"225\" srcset=\"https:\/\/proterm.md\/wp-content\/uploads\/2023\/06\/Arca-solar-pompa-de-circulare-pe-perete-schema.webp 500w, https:\/\/proterm.md\/wp-content\/uploads\/2023\/06\/Arca-solar-pompa-de-circulare-pe-perete-schema-150x150.webp 150w, https:\/\/proterm.md\/wp-content\/uploads\/2023\/06\/Arca-solar-pompa-de-circulare-pe-perete-schema-300x300.webp 300w, https:\/\/proterm.md\/wp-content\/uploads\/2023\/06\/Arca-solar-pompa-de-circulare-pe-perete-schema-100x100.webp 100w\" sizes=\"(max-width: 225px) 100vw, 225px\" \/><\/p>\n<p>1 Tur.<br \/>\n2 Retur.<br \/>\n3 Robinet cu bil\u0103, albastru, se poate \u00eenchide, cu blocator \u0219i termometru.<br \/>\n4 Asamblarea grupului de siguran\u021b\u0103.<br \/>\n5 Supap\u0103 de siguran\u021b\u0103.<br \/>\n6 Desc\u0103rcare.<br \/>\n7 Manometru cu supap\u0103 de montare.<br \/>\n8 Conexiune pentru vas de expansiune..<br \/>\n9 Pompa de circula\u021bie.<br \/>\n10 Oprire.<br \/>\n11 Umplere \u0219i sp\u0103lare supape.<br \/>\n12 Debitmetru.<br \/>\n13 Izola\u021bie termic\u0103.<br \/>\n14Ventil de aerisire.<br \/>\n15 Supap\u0103 de aerisire cu robinet.<br \/>\n16 Supapa cu bil\u0103, ro\u0219ie, se poate \u00eenchide, cu blocator \u0219i termometru.<\/p>\n<p>Unitate de circula\u021bie pentru sisteme solare termice. Complet cu propilenglicol \u0219i circulator solar rezistent la temperaturi ridicate, supape de re\u021binere, debitmetru, robinete de umplere \u0219i scurgere, robinete cu bil\u0103 cu termometre integrate, supap\u0103 de siguran\u021b\u0103 specific\u0103 pentru sisteme solare complet cu manometru \u0219i racord pentru vas de expansiune, grup deaerator. Izola\u021bie termic\u0103 din PPS negru cu o densitate de 40 kg\/m\u00b3[\/vc_column_text][\/vc_column][\/vc_row]<\/p>\n<\/div>","protected":false},"excerpt":{"rendered":"<p>Fluid de operare &#8211; apa, solutie de glicol max. 50%<br \/>\nTemperatura de functionare 130\u00b0C &#8211; 150\u00b0C<br \/>\nTemperatura supapei de limitare 6 bar, alte presiuni disponibile la cerere.<br \/>\nScala manometru 0\u00f710 bar<br \/>\nScala termometru 0\u00f7160 \u00b0C<br \/>\nPresiune minim\u0103 de deschidere a supapei de re\u021binere \u0394P: 2kPa (200 mm c.a.)<br \/>\nInterval de reglare a debitmetrului 1-6, 2-12, 8-28, 8-38 l\/min<br \/>\nConexiuni disponibile \u00d815, \u00d818, \u00d822, 3\/4&#8243;M, 3\/4&#8243;M, 1&#8243;M, 1&#8243;M<br \/>\nConexiune vas de expansiune 3\/4&#8243;M<br \/>\nConexiune tur\/retur 3\/4&#8243;M, suport \u00d815mm<br \/>\nAlimentare &#8211; 230V<\/p>\n","protected":false},"featured_media":13844,"template":"","meta":{"_joinchat":[]},"product_brand":[],"product_cat":[59,2319],"product_tag":[2208],"class_list":{"0":"post-13842","1":"product","2":"type-product","3":"status-publish","4":"has-post-thumbnail","6":"product_cat-panouri_solare","7":"product_cat-cazangerii","8":"product_tag-icma-s-p-a","9":"pa_brand-icma-s-p-a","11":"first","12":"instock","13":"shipping-taxable","14":"product-type-simple"},"_links":{"self":[{"href":"https:\/\/proterm.md\/ro\/wp-json\/wp\/v2\/product\/13842","targetHints":{"allow":["GET"]}}],"collection":[{"href":"https:\/\/proterm.md\/ro\/wp-json\/wp\/v2\/product"}],"about":[{"href":"https:\/\/proterm.md\/ro\/wp-json\/wp\/v2\/types\/product"}],"wp:featuredmedia":[{"embeddable":true,"href":"https:\/\/proterm.md\/ro\/wp-json\/wp\/v2\/media\/13844"}],"wp:attachment":[{"href":"https:\/\/proterm.md\/ro\/wp-json\/wp\/v2\/media?parent=13842"}],"wp:term":[{"taxonomy":"product_brand","embeddable":true,"href":"https:\/\/proterm.md\/ro\/wp-json\/wp\/v2\/product_brand?post=13842"},{"taxonomy":"product_cat","embeddable":true,"href":"https:\/\/proterm.md\/ro\/wp-json\/wp\/v2\/product_cat?post=13842"},{"taxonomy":"product_tag","embeddable":true,"href":"https:\/\/proterm.md\/ro\/wp-json\/wp\/v2\/product_tag?post=13842"}],"curies":[{"name":"wp","href":"https:\/\/api.w.org\/{rel}","templated":true}]}}