{"id":13857,"date":"2023-06-26T08:55:32","date_gmt":"2023-06-26T06:55:32","guid":{"rendered":"https:\/\/proterm.md\/?post_type=product&#038;p=13857"},"modified":"2026-04-01T09:58:35","modified_gmt":"2026-04-01T07:58:35","slug":"arca-pixel-mx-30-35-pn","status":"publish","type":"product","link":"https:\/\/proterm.md\/ro\/product\/arca-pixel-mx-30-35-pn\/","title":{"rendered":"Cazan Arca Pixel MX 30\/35 PN Gold"},"content":{"rendered":"<div class=\"wpb-content-wrapper\"><p>[vc_row][vc_column][vc_column_text css_animation=&#8221;none&#8221; text_larger=&#8221;no&#8221;]ARZ\u0102TOR PREMIX DIN O\u021aEL INOX CU MICROFL\u0102CAR\u0102<br \/>\nArz\u0103torul din o\u021bel inox cu microfl\u0103car\u0103 aflat \u00een interiorul schimb\u0103torului este folosit cu un range de putere limitat 1:7. \u00cen acest mod solicit\u0103rile termice \u0219i temperatura de lucru limitat\u0103 garanteaz\u0103 o lung\u0103 durat\u0103 de via\u021b\u0103 componenetelor.<\/p>\n<p>SCHIMB\u0102TOR MONOTUB DIN O\u021aEL INOX CU DEBIT M\u0102RIT<br \/>\nSchimb\u0103torul monotub cu debit m\u0103rit \u0219i cu pierderi de sarcin\u0103 sc\u0103zute, constituie o evolu\u021bie important\u0103 pentru sectorul centralelor cu condensare, fa\u021b\u0103 de vechile modele ale schimb\u0103torilor cu fluxuri paralele, \u00eenc\u0103 prezen\u021bi pe pia\u021b\u0103. Cu aceasta solu\u021bie tehnologic\u0103, centrala rezult\u0103 mult mai rezistent\u0103 \u00een prezen\u021ba unor instala\u021bii necura\u021bate complet de reziduri organice sau neorganice. O tehnologie care pentru afidabilitatea sa se aproprie de cea a centralei cu dublu schimb\u0103tor, \u00een conformitate cu rigurozitatea bazei \u0219tiin\u021bifice care utilizeaz\u0103 materiale nobile precum o\u021bel inox pentru a desf\u0103\u0219ura diferite func\u021bii \u00een special cea de condensare direct\u0103.<\/p>\n<p>Cazan Arca Pixel MX 30\/35 PN este un cazan cu condensare cu preamestec miniaturizat\u0103 cu tehnologie electronic\u0103 digital\u0103.<br \/>\nGestiunea centralei, controalele, reglajele, autodiagnosticarea \u0219i siguran\u021bele sunt asigurate de o electronic\u0103 digital\u0103 de ultima genera\u021bie care arat\u0103 pe un display luminos toate func\u021biile generatorului.<br \/>\nMaximizarea randamentului \u0219i deci reducerea consumului cer, pe l\u00e2ng\u0103 o electronic\u0103 performant\u0103 \u0219i dotarea cu o sond\u0103 exterioar\u0103 care \u00eei asigur\u0103 instala\u021biei o temperatur\u0103 minim\u0103 de func\u021bionare, \u00een orice anotimp, eviden\u021biind calit\u0103\u021bile condensatoare ale centralei, care, \u00een sezoanele intermediare, atinge randamente apropriate valorilor din tabel.<br \/>\nFunc\u021bionarea centralei, atinge minimum consumului de gaz c\u00e2nd temperatura turului este sub 55 \u00b0C. Randamentul poate atinge 108,66 % \u00een cele mai bune condi\u021bii de func\u021bionare, plec\u00e2nd de la un minim de 98% \u00een cele mai rele condi\u021bii (cu temperatura apei de 70\u00b0C rezult\u00e2nd imposibilitatea de a condensa).<br \/>\nUn ventilator din aluminiu turnat sub presiune \u0219i un circulator calitate superioara electronic cu consum redus, dau produsului o silen\u021biozitate de func\u021bionare dintre cele mai \u00eenalte ale categoriei.<br \/>\nGrupul hidraulic este realizat din monobloc de alam\u0103 cu robinet de \u00eenc\u0103rcare cu debitul redus \u0219i by-pass de serie. Schimb\u0103torul din inox ap\u0103-ap\u0103 cu 14 pl\u0103ci permite erogarea apei calde menajere \u00een mare cantitate \u0219i cu temperatura controlat\u0103 oferind o mare rezisten\u021ba la depuneri de calcar.<br \/>\nSolu\u021bia cu van\u0103 cu 3 c\u0103i motorizate cu consum electric redus, permite un control mai rapid al func\u021biei anti \u00eenghe\u021b \u0219i cel al producerii apei calde menajere chiar cu debite limitate.[\/vc_column_text][\/vc_column][\/vc_row]<\/p>\n<\/div>","protected":false},"excerpt":{"rendered":"<p><strong><em><span style=\"color: #003366;\">Versiunea Gold folose\u0219te mai multe componente din alam\u0103 (brass) inclusiv pe retur, ceea ce cre\u0219te rezisten\u021ba la uzur\u0103, depuneri de calcar \u0219i coroziune.\u00a0 Grup hidraulic alam\u0103 complet\u0103 (tur + retur)<\/span><\/em><\/strong><\/p>\n<p>Putere Termic\u0103 Nominal\u0103 rif. PCI (80\u00b0C\/60\u00b0C): 29 kW<br \/>\nPutere Termic\u0103 Minim\u0103 rif. PCI (80\u00b0C\/60\u00b0C): 4 kW<br \/>\nPutere Nominal\u0103 rif. PCI (80\u00b0C\/60\u00b0C): 28.3 kW<br \/>\nPutere Nominal\u0103 cu condensare rif. PCI (50\u00b0C\/30\u00b0C): 30.5 kW<br \/>\nPutere Minim\u0103 rif. PCI (80\u00b0C\/60\u00b0C): 3.7 kW<br \/>\nPutere Minim\u0103 cu condensare rif. PCI (50\u00b0C\/30\u00b0C): 4.1 kW<br \/>\nDebit termic util sanitar: 34.8 kW<br \/>\nRandament Util Debit rif. PCI (80\u00b0C\/60\u00b0C): 97.46 %<br \/>\nRandament cu sarcin\u0103 redus\u0103 rif. PCI (30% di Pn-50\u00b0C\/30\u00b0C): 97 %<br \/>\nDebit Gaz cu debit nom. Metan G20 (2E+): 3.1 m3\/h<br \/>\nPresiune gaz din re\u021bea Metan G20 (2E+): 20 mbar<br \/>\nCO2 (G20): 9%<br \/>\nNOx: clasa 6<br \/>\n\u00cenc\u0103lzire ap\u0103 profil de sarcin\u0103 declarat: profil XL<br \/>\n\u00cenc\u0103lzire ambient clas\u0103 energetic\u0103: clasa A<br \/>\nEficen\u021b\u0103 energetic\u0103 de sezon \u00eenc\u0103lzire: 93.2 %<br \/>\nSet point minim \u00cenc\u0103lzire: 35 \u00b0C<br \/>\nSet point maxim \u00cenc\u0103lzire: 80 \u00b0C<br \/>\nVolum de ap\u0103 \u00een central\u0103: 0.8 l<br \/>\nVolum de ap\u0103 vas de expansiune: 10 l<br \/>\nPresiune vas de expansiune: 1 bar<br \/>\nPresiune minim\u0103 circuit primar: 0.5 bar<br \/>\nPresiune maxim\u0103 circuit primar: 3 bar<br \/>\nPresiune pomp\u0103 disponibil\u0103 instala\u021bie de \u00eenc\u0103lzire la debit de Q=1000: 230 mbar<br \/>\nSet point minim Sanitar: 35 \u00b0C<br \/>\nSet point maxim Sanitar: 60 \u00b0C<br \/>\nDebit continuu ap\u0103 cald\u0103 \u2206T= 30\u00b0C: 16.2 l\/min<br \/>\nDebit continuu ap\u0103 cald\u0103 \u2206T= 35\u00b0C: 13.8 l\/min<br \/>\nDebit Sanitar Minim: 3 l\/min<br \/>\nPresiune Sanitar Maxim\u0103: 10 bar<br \/>\nPresiune Sanitar Minim\u0103: 0.8 bar<br \/>\nTensiune\/frecven\u021b\u0103 de alimentare: 230\/50 V\/Hz<br \/>\nPutere electric\u0103 absorbit\u0103: 34 W<br \/>\nRacorduri \u00cenc\u0103lzire: 3\/4&#8243;<br \/>\nRacorduri Sanitar: 1\/2&#8243;<br \/>\nRacorduri Gaz: 3\/4&#8243;<br \/>\n\u00cen\u0103l\u0163ime: 700 mm<br \/>\nAd\u00e2ncime: 250 mm<br \/>\nL\u0103\u021bime: 400 mm<br \/>\nGreutate: 34 Kg<br \/>\nGrad de protec\u021bie: IPX4D<br \/>\nOmologare CE: 1312<\/p>\n<p><a href=\"https:\/\/proterm.md\/wp-content\/uploads\/2021\/12\/Arca MX Seriesi.pdf\" target=\"_blank\" rel=\"nofollow noopener\"><img decoding=\"async\" class=\"alignnone size-full wp-image-7710\" src=\"https:\/\/proterm.md\/wp-content\/uploads\/2021\/02\/pdf.png\" alt=\"PDF download\" width=\"40\" height=\"40\" \/>Catalog<\/a><\/p>\n","protected":false},"featured_media":7725,"template":"","meta":{"_joinchat":[]},"product_brand":[],"product_cat":[83,53,15],"product_tag":[126],"class_list":{"0":"post-13857","1":"product","2":"type-product","3":"status-publish","4":"has-post-thumbnail","6":"product_cat-cazane_gaz_arca","7":"product_cat-cazane_gaz","8":"product_cat-instalatii_incalzire","9":"product_tag-arca","10":"pa_brand-arca","11":"pa_classic-boiler-or-condensed-condesed","12":"pa_heating-surface-238","13":"pa_power-boiler-kw-247","15":"first","16":"instock","17":"shipping-taxable","18":"product-type-simple"},"_links":{"self":[{"href":"https:\/\/proterm.md\/ro\/wp-json\/wp\/v2\/product\/13857","targetHints":{"allow":["GET"]}}],"collection":[{"href":"https:\/\/proterm.md\/ro\/wp-json\/wp\/v2\/product"}],"about":[{"href":"https:\/\/proterm.md\/ro\/wp-json\/wp\/v2\/types\/product"}],"wp:featuredmedia":[{"embeddable":true,"href":"https:\/\/proterm.md\/ro\/wp-json\/wp\/v2\/media\/7725"}],"wp:attachment":[{"href":"https:\/\/proterm.md\/ro\/wp-json\/wp\/v2\/media?parent=13857"}],"wp:term":[{"taxonomy":"product_brand","embeddable":true,"href":"https:\/\/proterm.md\/ro\/wp-json\/wp\/v2\/product_brand?post=13857"},{"taxonomy":"product_cat","embeddable":true,"href":"https:\/\/proterm.md\/ro\/wp-json\/wp\/v2\/product_cat?post=13857"},{"taxonomy":"product_tag","embeddable":true,"href":"https:\/\/proterm.md\/ro\/wp-json\/wp\/v2\/product_tag?post=13857"}],"curies":[{"name":"wp","href":"https:\/\/api.w.org\/{rel}","templated":true}]}}