{"id":13858,"date":"2025-06-19T09:48:20","date_gmt":"2025-06-19T07:48:20","guid":{"rendered":"https:\/\/proterm.md\/?post_type=product&#038;p=13858"},"modified":"2025-06-19T09:48:20","modified_gmt":"2025-06-19T07:48:20","slug":"arca-pixel-fast-b-60-mx","status":"publish","type":"product","link":"https:\/\/proterm.md\/ro\/product\/arca-pixel-fast-b-60-mx\/","title":{"rendered":"ARCA Pixel Fast B 60 MX cu boiler 60L"},"content":{"rendered":"<div class=\"wpb-content-wrapper\"><p>[vc_row][vc_column][vc_column_text css_animation=&#8221;none&#8221; text_larger=&#8221;no&#8221;]Centrala termica pe gaz cu condensatie ARCA PIXELFAST B este o centrala termica cu tehnologie digital\u0103, pentru \u00eenc\u0103lzire \u0219i pentru producerea apei calde sanitare, echipata cu un rezervor de stocare a apei calde de consum din o\u021bel inoxidabil, cu volum de 60 litri.[\/vc_column_text][\/vc_column][\/vc_row]<\/p>\n<\/div>","protected":false},"excerpt":{"rendered":"<p>Material schimb\u0103tor de c\u0103ldur\u0103: Inox<br \/>\nTip Combustibil &#8211; Gaz \/ GPL<br \/>\nPutere Maxim\u0103 (KW) &#8211; 25<br \/>\n\u00cen\u0103l\u021bime (Cm) &#8211; 90<br \/>\nL\u0103\u021bime (Cm) &#8211; 60<br \/>\nAd\u00e2ncime (Cm) &#8211; 40<br \/>\nGreutate (Kg) &#8211; 31<br \/>\nBoiler \u00cencorporat &#8211; Da<br \/>\nTensiune Alimentare (V) &#8211; 230<br \/>\nPresiune (Bar) &#8211; 3<br \/>\nAportul nominal de c\u0103ldur\u0103 &#8211; 20,5kW<br \/>\nDebit termic minim &#8211; 3,7kW<br \/>\nPutere termic\u0103 (util\u0103) (80\/60)- 19,7kW<br \/>\nPutere termic\u0103 minim\u0103 (util\u0103) (80\/60) &#8211; 3,4kW<br \/>\nPutere termic\u0103 de condensare (50\/30) &#8211; 21,1kW<br \/>\nPutere termic\u0103 minim\u0103 de condensare (50\/30) &#8211; 3,8kW<br \/>\nEficien\u021b\u0103 termic\u0103 util\u0103 80\/60 (%) &#8211; 96,2\/93,1<br \/>\nEficien\u021b\u0103 termic\u0103 util\u0103 50\/30 (%) &#8211; 103,3\/103,7<br \/>\nEficien\u021b\u0103 termic\u0103 util\u0103 40\/30 (%) &#8211; 105,3\/106,1<br \/>\nPierderea carcasei cu arz\u0103torul oprit\/pornit (%) &#8211; 0,3\/0,3<br \/>\nPierdere la co\u0219 cu arz\u0103tor oprit\/pornit (%) &#8211; 0,02\/1,8<br \/>\nSistem de incalzire<br \/>\nPresiunea maxim\u0103 a apei &#8211; 2,5 bar<br \/>\nPresiunea minima a apei &#8211; 0,5 bar<br \/>\nTemperatura apei &#8211; Min 35\u00b0C Max. 80\u00b0C<br \/>\nDebit apa &#8211; 860 l\/h 20 \u00b0C<br \/>\nConsum minim de ap\u0103 &#8211; 350 l\/h<br \/>\nCapacitate de retragere \u00een primele 10 minute (\u2206t de 30\u00b0C) &#8211; 12,8 l\/min<br \/>\nTemperaturile apei &#8211; Max 60 \u00b0C min 35 \u00b0C<br \/>\nPresiunea maxim\u0103 a apei &#8211; max 7 bar<br \/>\nViteza ventilatorului Min 1200 rpm &#8211; 20 Hz &#8211; Max 6900 rpm &#8211; 115 Hz<br \/>\nCapacitate termic\u0103 sanitar\u0103 3,7 KW &#8211; 25,5 kW<br \/>\nPutere nominal\u0103 sanitar\u0103 (util\u0103) 3,4 KW &#8211; 24,7 kW<\/p>\n<p data-wp-editing=\"1\"><a href=\"https:\/\/proterm.md\/wp-content\/uploads\/2023\/06\/Pixel-Fast-B-60-MX-1.pdf\" target=\"_blank\" rel=\"noopener\"><img decoding=\"async\" class=\"alignnone size-full wp-image-7710\" src=\"https:\/\/proterm.md\/wp-content\/uploads\/2021\/02\/pdf.png\" alt=\"PDF download\" width=\"40\" height=\"40\" \/>Catalog<\/a><\/p>\n<p><a href=\"https:\/\/proterm.md\/wp-content\/uploads\/2023\/06\/Specificatii-PixelfastB-60-MX.pdf\" target=\"_blank\" rel=\"nofollow noopener\"><img decoding=\"async\" class=\"alignnone size-full wp-image-7710\" src=\"https:\/\/proterm.md\/wp-content\/uploads\/2021\/02\/pdf.png\" alt=\"PDF download\" width=\"40\" height=\"40\" \/>Specificatii<\/a><\/p>\n","protected":false},"featured_media":13862,"template":"","meta":{"_joinchat":[]},"product_brand":[],"product_cat":[83,53,15],"product_tag":[126],"class_list":{"0":"post-13858","1":"product","2":"type-product","3":"status-publish","4":"has-post-thumbnail","6":"product_cat-cazane_gaz_arca","7":"product_cat-cazane_gaz","8":"product_cat-instalatii_incalzire","9":"product_tag-arca","10":"pa_brand-arca","11":"pa_classic-boiler-or-condensed-condesed","12":"pa_heating-surface-596","13":"pa_power-boiler-kw-600","15":"first","16":"instock","17":"shipping-taxable","18":"product-type-simple"},"_links":{"self":[{"href":"https:\/\/proterm.md\/ro\/wp-json\/wp\/v2\/product\/13858","targetHints":{"allow":["GET"]}}],"collection":[{"href":"https:\/\/proterm.md\/ro\/wp-json\/wp\/v2\/product"}],"about":[{"href":"https:\/\/proterm.md\/ro\/wp-json\/wp\/v2\/types\/product"}],"wp:featuredmedia":[{"embeddable":true,"href":"https:\/\/proterm.md\/ro\/wp-json\/wp\/v2\/media\/13862"}],"wp:attachment":[{"href":"https:\/\/proterm.md\/ro\/wp-json\/wp\/v2\/media?parent=13858"}],"wp:term":[{"taxonomy":"product_brand","embeddable":true,"href":"https:\/\/proterm.md\/ro\/wp-json\/wp\/v2\/product_brand?post=13858"},{"taxonomy":"product_cat","embeddable":true,"href":"https:\/\/proterm.md\/ro\/wp-json\/wp\/v2\/product_cat?post=13858"},{"taxonomy":"product_tag","embeddable":true,"href":"https:\/\/proterm.md\/ro\/wp-json\/wp\/v2\/product_tag?post=13858"}],"curies":[{"name":"wp","href":"https:\/\/api.w.org\/{rel}","templated":true}]}}