{"id":14055,"date":"2026-04-02T14:08:19","date_gmt":"2026-04-02T12:08:19","guid":{"rendered":"https:\/\/proterm.md\/?post_type=product&#038;p=14055"},"modified":"2026-04-02T14:08:19","modified_gmt":"2026-04-02T12:08:19","slug":"mufa-alama-la-strangere-metaloplast","status":"publish","type":"product","link":"https:\/\/proterm.md\/ro\/product\/mufa-alama-la-strangere-metaloplast\/","title":{"rendered":"Muf\u0103 alam\u0103 la strangere \u00d816"},"content":{"rendered":"<p>Mufa la strangere pentru \u021beav\u0103 multistrat \/ metaloplast. Articolele sunt echipate cu inele O-ring care garanteaz\u0103 etan\u0219area . Fitingurile sunt placate cu nichel la exterior \u0219i galbene la interior, pentru a se conforma cu DM174. Fitingurile sunt folosite in sisteme hidro-termo-sanitare. Interval de temperatura: de la -25\u00b0C la 120\u00b0C \u2013 Presiune de lucru: max 16 bar.<\/p>","protected":false},"excerpt":{"rendered":"<div class=\"woocommerce-product-details__short-description\">\n<p>Tip -Racord drept demontabil<br \/>\nDiametrul tevii &#8211; 16 mm<br \/>\nPresiune maxima &#8211; 16 bar<br \/>\nMaterial &#8211; alama<br \/>\nTemperatura de functionare -25 +120 \u00b0 \u0421<br \/>\nMaterial conducta &#8211; metaloplast PE-Xb \/ AL \/ PE-Xb (conform UNI 21003)<br \/>\nScop &#8211; alimentare cu apa \/ incalzire<br \/>\nCuplu de str\u00e2ngere &#8211; nominal 40Nm \/ max.50Nm<br \/>\nTara de origine &#8211; Italia<\/p>\n<\/div>\n","protected":false},"featured_media":14056,"template":"","meta":{"_joinchat":[]},"product_brand":[],"product_cat":[545],"product_tag":[2317],"class_list":{"0":"post-14055","1":"product","2":"type-product","3":"status-publish","4":"has-post-thumbnail","6":"product_cat-fitinguri_cheie_demontabile_pex-al_ape_italia","7":"product_tag-ape-racorderie","8":"pa_brand-ape-raccorderie","9":"pa_connections-straight-connection","10":"pa_diametru-408","12":"first","13":"instock","14":"shipping-taxable","15":"product-type-simple"},"_links":{"self":[{"href":"https:\/\/proterm.md\/ro\/wp-json\/wp\/v2\/product\/14055","targetHints":{"allow":["GET"]}}],"collection":[{"href":"https:\/\/proterm.md\/ro\/wp-json\/wp\/v2\/product"}],"about":[{"href":"https:\/\/proterm.md\/ro\/wp-json\/wp\/v2\/types\/product"}],"wp:featuredmedia":[{"embeddable":true,"href":"https:\/\/proterm.md\/ro\/wp-json\/wp\/v2\/media\/14056"}],"wp:attachment":[{"href":"https:\/\/proterm.md\/ro\/wp-json\/wp\/v2\/media?parent=14055"}],"wp:term":[{"taxonomy":"product_brand","embeddable":true,"href":"https:\/\/proterm.md\/ro\/wp-json\/wp\/v2\/product_brand?post=14055"},{"taxonomy":"product_cat","embeddable":true,"href":"https:\/\/proterm.md\/ro\/wp-json\/wp\/v2\/product_cat?post=14055"},{"taxonomy":"product_tag","embeddable":true,"href":"https:\/\/proterm.md\/ro\/wp-json\/wp\/v2\/product_tag?post=14055"}],"curies":[{"name":"wp","href":"https:\/\/api.w.org\/{rel}","templated":true}]}}