{"id":14163,"date":"2023-10-07T10:14:46","date_gmt":"2023-10-07T08:14:46","guid":{"rendered":"https:\/\/proterm.md\/?post_type=product&#038;p=14163"},"modified":"2025-05-30T14:03:46","modified_gmt":"2025-05-30T12:03:46","slug":"wilo-stratos-pico-25","status":"publish","type":"product","link":"https:\/\/proterm.md\/ro\/product\/wilo-stratos-pico-25\/","title":{"rendered":"Pompa de circulatie WILO Stratos PICO 25\/0.5-6-N 1"},"content":{"rendered":"<div class=\"wpb-content-wrapper\"><p>[vc_row][vc_column][vc_column_text css_animation=&#8221;bounceIn&#8221; text_larger=&#8221;no&#8221;]Pompele de circula\u021bie de \u00eenalt\u0103 performan\u021b\u0103 Wilo Stratos PICO cu rotoare f\u0103r\u0103 pretuvier \u0219i racorduri filetate controlate electronic ofer\u0103 eficien\u021b\u0103 maxim\u0103 \u0219i cea mai mare disponibilitate. Interac\u021biunea motoarelor cu comutarea electronic\u0103 \u0219i posibilitatea de reglare cu o precizie de 0,1 m permit Wilo-Stratos PICO s\u0103 ating\u0103 o eficien\u021b\u0103 energetic\u0103 maxim\u0103. Operarea \u0219i \u00eentre\u021binerea sa intuitiv\u0103, precum \u0219i func\u021biile de protec\u021bie automat\u0103 sus\u021binute de simboluri de pe afi\u0219ajul LCD, asigur\u0103 cel mai \u00eenalt nivel de u\u0219urin\u021b\u0103 \u00een utilizare. Poate fi folosit \u00een orice sistem de \u00eenc\u0103lzire a apei, sistem de aer condi\u021bionat \u0219i instala\u021bie de circula\u021bie industrial\u0103.<\/p>\n<p><strong>Avantaje:<\/strong><br \/>\n* Instalare electric\u0103 simpl\u0103 datorit\u0103 Wilo-Connector<br \/>\n* Fiabilitate ridicat\u0103 datorit\u0103 sistemului de auto-protec\u021bie \u00eencorporat cu func\u021bii automate de protec\u021bie la func\u021bionare uscat\u0103 \u0219i la repornire<br \/>\n* Control simplu al debitului de curent, al presiunii curente, al consumului de energie electric\u0103 \u00een kilowa\u021bi-or\u0103<br \/>\n* Eficien\u021b\u0103 energetic\u0103 maxim\u0103 datorit\u0103 combina\u021biei dintre tehnologia motorului EC, Dynamic Adapt plus \u0219i capabilit\u0103\u021bile de reglare de precizie<br \/>\n* Operare u\u0219oar\u0103 datorit\u0103 asistentului de configurare, afi\u0219ajului mare \u0219i tehnologiei butoanelor verzi<br \/>\n*Op\u021bional: Operare cu terminale mobile prin Bluetooth folosind modulul Wilo-Smart Connect BT<\/p>\n<p><strong>Echipamente<\/strong><br \/>\n* Turnare la cheie pe corpul pompei<br \/>\n* Conexiune electric\u0103 rapid\u0103 cu Wilo-Connector<br \/>\n* Eliminare automat\u0103 a aerului<br \/>\n* Motor electric rezistent la curenti de blocare<br \/>\n* Filtru de particule fine<br \/>\n* Izola\u021bie termic\u0103 \u00een serie pentru utilizarea \u00een sistemele de \u00eenc\u0103lzire<br \/>\n* Interfa\u021b\u0103 de conectivitate Wilo pentru module externe[\/vc_column_text][\/vc_column][\/vc_row]<\/p>\n<\/div>","protected":false},"excerpt":{"rendered":"<p>Productivitate maxim\u0103 &#8211; 3,7 m\u00b3\/or\u0103<br \/>\n\u00cen\u0103l\u021bimea pomp\u0103rii &#8211; 6 metri<br \/>\nAplica\u021bie &#8211; ACM<br \/>\nLichid de lucru &#8211; ap\u0103 \/ glicol (max. 50%)<br \/>\nTemperatura fluidului de lucru -10&#8230;110 \u00b0C<br \/>\nPresiune maxim\u0103 de lucru &#8211; 10 bar<br \/>\nConexiune &#8211; G 1\u00bd&#8221; \/ Rp 1&#8243; (\u00d8 40)<br \/>\nTensiune nominal\u0103 1~230 V<br \/>\nConsum de energie 3 &#8211; 40 W<br \/>\nCarcasa pompei &#8211; fonta<br \/>\nRotor\u00a0 PP-GF40<br \/>\nArbore &#8211; o\u021bel inoxidabil<br \/>\nLungimea de instalare &#8211; 130 mm<br \/>\nComunica\u021bie wireless &#8211; op\u021bional<br \/>\nModuri de control (\u0394p-v), (\u0394p-c), (n-const) \u0219i asistent de configurare<br \/>\nGrad de protectie &#8211; IPX4D<br \/>\nGreutate &#8211; 2 kg<br \/>\nGarantie &#8211; 2 ani<br \/>\n\u021aara de origine &#8211; Fran\u021ba<\/p>\n","protected":false},"featured_media":14164,"template":"","meta":{"_joinchat":[]},"product_brand":[],"product_cat":[62,40],"product_tag":[266],"class_list":{"0":"post-14163","1":"product","2":"type-product","3":"status-publish","4":"has-post-thumbnail","6":"product_cat-pompa_circulatie","7":"product_cat-pompa_apa","8":"product_tag-wilo","9":"pa_brand-wilo","10":"pa_maximum-productivity-3-7","11":"pa_pumping-height-269","13":"first","14":"instock","15":"shipping-taxable","16":"product-type-simple"},"_links":{"self":[{"href":"https:\/\/proterm.md\/ro\/wp-json\/wp\/v2\/product\/14163","targetHints":{"allow":["GET"]}}],"collection":[{"href":"https:\/\/proterm.md\/ro\/wp-json\/wp\/v2\/product"}],"about":[{"href":"https:\/\/proterm.md\/ro\/wp-json\/wp\/v2\/types\/product"}],"wp:featuredmedia":[{"embeddable":true,"href":"https:\/\/proterm.md\/ro\/wp-json\/wp\/v2\/media\/14164"}],"wp:attachment":[{"href":"https:\/\/proterm.md\/ro\/wp-json\/wp\/v2\/media?parent=14163"}],"wp:term":[{"taxonomy":"product_brand","embeddable":true,"href":"https:\/\/proterm.md\/ro\/wp-json\/wp\/v2\/product_brand?post=14163"},{"taxonomy":"product_cat","embeddable":true,"href":"https:\/\/proterm.md\/ro\/wp-json\/wp\/v2\/product_cat?post=14163"},{"taxonomy":"product_tag","embeddable":true,"href":"https:\/\/proterm.md\/ro\/wp-json\/wp\/v2\/product_tag?post=14163"}],"curies":[{"name":"wp","href":"https:\/\/api.w.org\/{rel}","templated":true}]}}