{"id":14168,"date":"2023-10-09T08:51:07","date_gmt":"2023-10-09T06:51:07","guid":{"rendered":"https:\/\/proterm.md\/?post_type=product&#038;p=14168"},"modified":"2026-03-26T09:39:48","modified_gmt":"2026-03-26T07:39:48","slug":"grup-de-siguranta-tivoli","status":"publish","type":"product","link":"https:\/\/proterm.md\/ro\/product\/grup-de-siguranta-tivoli\/","title":{"rendered":"Suport vas de expansiune echipat"},"content":{"rendered":"<p>Grupul de siguran\u021b\u0103 din inox, 3 bar, pentru cazan, cu suport de vas expansiune formeaz\u0103 un sistem complet care protejeaz\u0103 sistemele de \u00eenc\u0103lzire \u0219i de ap\u0103 cald\u0103 menajer\u0103 \u00eempotriva cre\u0219terii periculoase a presiunii cauzate de cre\u0219terea temperaturii \u0219i de dilatarea termic\u0103 a apei din instala\u021bie.<\/p>\n<p>Domeniu de aplicare: sisteme de \u00eenc\u0103lzire \u00eenchise<br \/>\nfluide de lucru: ap\u0103, solu\u021bii de glicol p\u00e2n\u0103 la 50%<br \/>\ngrupul de siguran\u021b\u0103 WATTS GAG\/MR20 protejeaz\u0103 \u00eempotriva suprapresiunii \u00een sistemul de \u00eenc\u0103lzire<br \/>\nelimin\u0103 aerul \u0219i gazele din sistem<br \/>\npermite conectarea vasului de expansiune la sistemul de incalzire cu posibilitatea intretinerii acestuia fara a goli sistemul<br \/>\nsupap\u0103 de siguran\u021b\u0103 cu un prag de r\u0103spuns fix de 3 bar (0,3 mPa)<br \/>\naerisire automata cu o capacitate de 18 l\/min si racord de 3\/8\u2033<br \/>\nmanometru cu diametrul de 63 mm cu un domeniu de m\u0103surare de 0-4 bari \u0219i racord de 3\/8\u2033<br \/>\ncadran manometru cu sector verde \u0219i indicator ro\u0219u<\/p>","protected":false},"excerpt":{"rendered":"<p>Suport vas de expansiune echipat Tivoli<br \/>\nModel &#8211; UC6004<br \/>\nTemperatura mediului de lucru de la -10 la + 80\u00b0\u0421<br \/>\nTemperatura de depozitare de la -30 la +50\u00b0C<br \/>\nConexiune la sistem 3\/4&#8243; (M)<br \/>\nConexiune rezervor 3\/4&#8243; (F)<br \/>\nSupap\u0103 de siguran\u021b\u0103 1\/2&#8243; (F) x 3\/4&#8243; (F), 3 bar<br \/>\nDezaerator 3\/8&#8243; (M), 18 l\/min<br \/>\nManometru \u00d863 (0-6 bar) 3\/8&#8243; (M), presiunea maximala 10 Bar<br \/>\nMaterial carcasa &#8211; inox poleit cu vopsea rosie<br \/>\nMaterial &#8211; Otel<br \/>\nFlan\u0219\u0103 pentru montare pe perete<br \/>\nCuloare Crom, ro\u0219u<\/p>\n","protected":false},"featured_media":14971,"template":"","meta":{"_joinchat":[]},"product_brand":[],"product_cat":[2319,60],"product_tag":[],"class_list":{"0":"post-14168","1":"product","2":"type-product","3":"status-publish","4":"has-post-thumbnail","6":"product_cat-cazangerii","7":"product_cat-vas_expansiune","9":"first","10":"instock","11":"shipping-taxable","12":"product-type-simple"},"_links":{"self":[{"href":"https:\/\/proterm.md\/ro\/wp-json\/wp\/v2\/product\/14168","targetHints":{"allow":["GET"]}}],"collection":[{"href":"https:\/\/proterm.md\/ro\/wp-json\/wp\/v2\/product"}],"about":[{"href":"https:\/\/proterm.md\/ro\/wp-json\/wp\/v2\/types\/product"}],"wp:featuredmedia":[{"embeddable":true,"href":"https:\/\/proterm.md\/ro\/wp-json\/wp\/v2\/media\/14971"}],"wp:attachment":[{"href":"https:\/\/proterm.md\/ro\/wp-json\/wp\/v2\/media?parent=14168"}],"wp:term":[{"taxonomy":"product_brand","embeddable":true,"href":"https:\/\/proterm.md\/ro\/wp-json\/wp\/v2\/product_brand?post=14168"},{"taxonomy":"product_cat","embeddable":true,"href":"https:\/\/proterm.md\/ro\/wp-json\/wp\/v2\/product_cat?post=14168"},{"taxonomy":"product_tag","embeddable":true,"href":"https:\/\/proterm.md\/ro\/wp-json\/wp\/v2\/product_tag?post=14168"}],"curies":[{"name":"wp","href":"https:\/\/api.w.org\/{rel}","templated":true}]}}