{"id":14211,"date":"2023-10-27T12:50:32","date_gmt":"2023-10-27T10:50:32","guid":{"rendered":"https:\/\/proterm.md\/?post_type=product&#038;p=14211"},"modified":"2026-04-06T13:54:46","modified_gmt":"2026-04-06T11:54:46","slug":"chit-pompare-cu-vana-termostatica-barberi-dn25","status":"publish","type":"product","link":"https:\/\/proterm.md\/ro\/product\/chit-pompare-cu-vana-termostatica-barberi-dn25\/","title":{"rendered":"Chit pompare cu vana termostatica Barberi DN25"},"content":{"rendered":"<div class=\"wpb-content-wrapper\"><p>[vc_row][vc_column][vc_column_text text_larger=&#8221;no&#8221;]Grup pre-asamblat pentru a asigura reglarea punctului fix \u0219i circula\u021bia fluidului mixt. Asigur\u0103 circula\u021bia lichidului de r\u0103cire provenit din circuitul primar \u0219i men\u021binerea constant\u0103 a valorii de temperatur\u0103 setat\u0103 (punct fix) cu ajutorul unui ventil de amestec cu element termostatic. \u00ce\u0219i g\u0103se\u0219te aplica\u021bia \u00een sistemele de \u00eenc\u0103lzire, \u00een special \u00een sistemele de \u00eenc\u0103lzire prin pardoseal\u0103. Grupul include o pomp\u0103 de circula\u021bie, supape de \u00eenchidere \u00een conductele de alimentare \u0219i retur, o supap\u0103 de amestec termostatic\u0103, termometre \u00een conductele de alimentare \u0219i retur, o supap\u0103 de re\u021binere pentru prevenirea circula\u021biei naturale a apei \u0219i carcase termoizolante. Proiectarea grupelor din seria 02G.DN25 prevede instalarea unei supape de bypass diferen\u0163ial, iar \u00een cazul grupurilor din seriile 32G.DN25 \u015fi 24G.DN25 este posibil\u0103 doar instalarea extern\u0103 a unei supape de bypass diferen\u0163ial. Designul grupelor din seria 24G.DN25 prevede instalarea unui contor de energie cu lungimea de 110 sau 130 mm. Toate grupurile sunt reversibile (linia de alimentare \u0219i linia de retur pot fi schimbate).[\/vc_column_text][\/vc_column][\/vc_row]<\/p>\n<\/div>","protected":false},"excerpt":{"rendered":"<p class=\"LC20lb MBeuO DKV0Md\"><strong>Grup pompare\u00a0 Barberi\u00a0 DN25, cu izolatie fara pompa.\u00a0<\/strong><\/p>\n<p>Temperatura maxima de functionare: 90 \u00b0C<br \/>\nPresiune maxim\u0103 de lucru: 10 bar<br \/>\nRacorduri filetate: ISO 228-1<br \/>\nFluide de lucru compatibile: ap\u0103, solu\u021bii de glicol (max. 30%)<br \/>\nScala termometrului: 0\u2013120 \u00b0C<br \/>\nConexiuni filetate DN25<br \/>\nSetare din fabric\u0103: 38 \u0219i 45 \u00b0C<br \/>\nInterval de reglare a temperaturii: 25\u201350 \u00b0C<br \/>\nPompa nu este inclusa<br \/>\nProducator &#8211; Italia<\/p>\n<p><img decoding=\"async\" class=\"alignnone wp-image-7559\" src=\"https:\/\/proterm.md\/wp-content\/uploads\/2021\/12\/icopdf-min-250x250.png\" alt=\"\" width=\"32\" height=\"32\" srcset=\"https:\/\/proterm.md\/wp-content\/uploads\/2021\/12\/icopdf-min-250x250.png 250w, https:\/\/proterm.md\/wp-content\/uploads\/2021\/12\/icopdf-min-150x150.png 150w, https:\/\/proterm.md\/wp-content\/uploads\/2021\/12\/icopdf-min-450x450.png 450w, https:\/\/proterm.md\/wp-content\/uploads\/2021\/12\/icopdf-min-300x300.png 300w, https:\/\/proterm.md\/wp-content\/uploads\/2021\/12\/icopdf-min-500x500.png 500w, https:\/\/proterm.md\/wp-content\/uploads\/2021\/12\/icopdf-min-100x100.png 100w, https:\/\/proterm.md\/wp-content\/uploads\/2021\/12\/icopdf-min.png 512w\" sizes=\"(max-width: 32px) 100vw, 32px\" \/>\u00a0<a href=\"https:\/\/proterm.md\/wp-content\/uploads\/2023\/10\/Barberi-Instructiuni.pdf\" target=\"_blank\" rel=\"noopener\">Instructiuni<\/a><\/p>\n<p><img decoding=\"async\" class=\"alignnone wp-image-7559\" src=\"https:\/\/proterm.md\/wp-content\/uploads\/2021\/12\/icopdf-min-250x250.png\" alt=\"\" width=\"32\" height=\"32\" srcset=\"https:\/\/proterm.md\/wp-content\/uploads\/2021\/12\/icopdf-min-250x250.png 250w, https:\/\/proterm.md\/wp-content\/uploads\/2021\/12\/icopdf-min-150x150.png 150w, https:\/\/proterm.md\/wp-content\/uploads\/2021\/12\/icopdf-min-450x450.png 450w, https:\/\/proterm.md\/wp-content\/uploads\/2021\/12\/icopdf-min-300x300.png 300w, https:\/\/proterm.md\/wp-content\/uploads\/2021\/12\/icopdf-min-500x500.png 500w, https:\/\/proterm.md\/wp-content\/uploads\/2021\/12\/icopdf-min-100x100.png 100w, https:\/\/proterm.md\/wp-content\/uploads\/2021\/12\/icopdf-min.png 512w\" sizes=\"(max-width: 32px) 100vw, 32px\" \/>\u00a0<a href=\"https:\/\/proterm.md\/wp-content\/uploads\/2023\/10\/Barberi-fisa-tehnica.pdf\" target=\"_blank\" rel=\"noopener\">Fisa tehnica<\/a><\/p>\n","protected":false},"featured_media":14215,"template":"","meta":{"_joinchat":[]},"product_brand":[],"product_cat":[2319],"product_tag":[2223],"class_list":{"0":"post-14211","1":"product","2":"type-product","3":"status-publish","4":"has-post-thumbnail","6":"product_cat-cazangerii","7":"product_tag-barberi","8":"pa_availability-for-pre-order-pre-order","9":"pa_brand-barberi","10":"pa_diametru-417","12":"first","13":"instock","14":"shipping-taxable","15":"product-type-simple"},"_links":{"self":[{"href":"https:\/\/proterm.md\/ro\/wp-json\/wp\/v2\/product\/14211","targetHints":{"allow":["GET"]}}],"collection":[{"href":"https:\/\/proterm.md\/ro\/wp-json\/wp\/v2\/product"}],"about":[{"href":"https:\/\/proterm.md\/ro\/wp-json\/wp\/v2\/types\/product"}],"wp:featuredmedia":[{"embeddable":true,"href":"https:\/\/proterm.md\/ro\/wp-json\/wp\/v2\/media\/14215"}],"wp:attachment":[{"href":"https:\/\/proterm.md\/ro\/wp-json\/wp\/v2\/media?parent=14211"}],"wp:term":[{"taxonomy":"product_brand","embeddable":true,"href":"https:\/\/proterm.md\/ro\/wp-json\/wp\/v2\/product_brand?post=14211"},{"taxonomy":"product_cat","embeddable":true,"href":"https:\/\/proterm.md\/ro\/wp-json\/wp\/v2\/product_cat?post=14211"},{"taxonomy":"product_tag","embeddable":true,"href":"https:\/\/proterm.md\/ro\/wp-json\/wp\/v2\/product_tag?post=14211"}],"curies":[{"name":"wp","href":"https:\/\/api.w.org\/{rel}","templated":true}]}}