{"id":14220,"date":"2023-10-30T14:13:04","date_gmt":"2023-10-30T12:13:04","guid":{"rendered":"https:\/\/proterm.md\/?post_type=product&#038;p=14220"},"modified":"2025-07-11T15:03:23","modified_gmt":"2025-07-11T13:03:23","slug":"wc-suspendat-cu-microlift-creavite-free","status":"publish","type":"product","link":"https:\/\/proterm.md\/ro\/product\/wc-suspendat-cu-microlift-creavite-free\/","title":{"rendered":"WC suspendat cu microlift Creavite Free"},"content":{"rendered":"<p>WC suspendat Creavite Free cu sistem de inchidere lenta (microlift), ideal pentru bai moderne. Fabricat din ceramica sanitara de inalta calitate, cu un design elegant si usor de intretinut. Asigura economie de spatiu si ofera un aspect minimalist. Compatibil cu majoritatea cadrelor incastrate. Capacul este prevazut cu sistem soft-close pentru o inchidere silentioasa si confortabila.<br \/>\nCreavit este o companie fondat\u0103 pe principii concepute pentru a asigura cea mai bun\u0103 satisfac\u021bie a clien\u021bilor \u0219i cea mai bun\u0103 calitate a produsului. Cu o garan\u021bie de 12 ani pentru produsele lor, Creavit acord\u0103 aten\u021bie utiliz\u0103rii pe termen lung, durabilit\u0103\u021bii, func\u021bionalit\u0103\u021bii, esteticii \u0219i sensibilit\u0103\u021bii fa\u021b\u0103 de mediu a fiec\u0103rui produs pe care \u00eel creeaz\u0103.<\/p>","protected":false},"excerpt":{"rendered":"<p>Caracteristici:<br \/>\n&#8211; \u00cen\u0103l\u021bimea t\u0103vii: 400 mm<br \/>\n&#8211; L\u0103\u021bime t\u0103vi: 355 mm<br \/>\n&#8211; Ad\u00e2ncime tigaie: 510 mm<br \/>\n&#8211; Capac \u0219i carcase cu \u00eenchidere silen\u021bioas\u0103 din Duroplast: KC0903.02.0000E<br \/>\n&#8211; Ecologic<br \/>\nDimensiuni compacte<br \/>\nSistem anti-stropire<\/p>\n","protected":false},"featured_media":16952,"template":"","meta":{"_joinchat":[]},"product_brand":[],"product_cat":[121,715],"product_tag":[],"class_list":{"0":"post-14220","1":"product","2":"type-product","3":"status-publish","4":"has-post-thumbnail","6":"product_cat-carcase_butoane_veceu","7":"product_cat-wc","8":"pa_tip-wc","10":"first","11":"instock","12":"shipping-taxable","13":"product-type-simple"},"_links":{"self":[{"href":"https:\/\/proterm.md\/ro\/wp-json\/wp\/v2\/product\/14220","targetHints":{"allow":["GET"]}}],"collection":[{"href":"https:\/\/proterm.md\/ro\/wp-json\/wp\/v2\/product"}],"about":[{"href":"https:\/\/proterm.md\/ro\/wp-json\/wp\/v2\/types\/product"}],"wp:featuredmedia":[{"embeddable":true,"href":"https:\/\/proterm.md\/ro\/wp-json\/wp\/v2\/media\/16952"}],"wp:attachment":[{"href":"https:\/\/proterm.md\/ro\/wp-json\/wp\/v2\/media?parent=14220"}],"wp:term":[{"taxonomy":"product_brand","embeddable":true,"href":"https:\/\/proterm.md\/ro\/wp-json\/wp\/v2\/product_brand?post=14220"},{"taxonomy":"product_cat","embeddable":true,"href":"https:\/\/proterm.md\/ro\/wp-json\/wp\/v2\/product_cat?post=14220"},{"taxonomy":"product_tag","embeddable":true,"href":"https:\/\/proterm.md\/ro\/wp-json\/wp\/v2\/product_tag?post=14220"}],"curies":[{"name":"wp","href":"https:\/\/api.w.org\/{rel}","templated":true}]}}