{"id":14229,"date":"2023-10-30T16:05:48","date_gmt":"2023-10-30T14:05:48","guid":{"rendered":"https:\/\/proterm.md\/?post_type=product&#038;p=14229"},"modified":"2025-05-30T14:03:45","modified_gmt":"2025-05-30T12:03:45","slug":"closet-compact-confort-lux-cu-microlift","status":"publish","type":"product","link":"https:\/\/proterm.md\/ro\/product\/closet-compact-confort-lux-cu-microlift\/","title":{"rendered":"Closet compact Confort lux cu microlift"},"content":{"rendered":"<p>Cheia succesului produselor ceramice marca ROSA este experien\u021ba \u0219i priceperea speciali\u0219tilor companiei, materii prime de \u00eenalt\u0103 calitate \u0219i echipamente europene moderne. Fabrica folose\u0219te cele mai noi tehnologii \u00een dezvoltarea \u0219i produc\u021bia de ceramic\u0103 sanitar\u0103. Angaja\u021bii \u021bin cont de toate nevoile \u0219i a\u0219tept\u0103rile consumatorilor, extinz\u00e2nd \u00een mod constant gama, dezvolt\u00e2nd noi modele \u0219i \u00eembun\u0103t\u0103\u021bindu-le func\u021bionalitatea \u0219i echipamentele.<\/p>","protected":false},"excerpt":{"rendered":"<p>Serial &#8211; confort lux cu microlift<br \/>\nTip &#8211; de podea<br \/>\nFunc\u021bia bideu &#8211; nu<br \/>\nRezervor inclus &#8211; da<br \/>\nScaun inclus &#8211; da<br \/>\nEvacuare &#8211; oblica inclinata din spate<br \/>\nCuloare &#8211; alba<br \/>\nGreutatea veceului &#8211; 18,7 kg.<br \/>\nGreutate rezervor &#8211; 11 kg.<br \/>\nAlimentare cu ap\u0103 &#8211; din parte-a de jos<br \/>\nScaun dur microlift &#8211; PoliPlast<br \/>\n\u021aara de origine &#8211; Rusia<br \/>\nProducator &#8211; Rosa<\/p>\n","protected":false},"featured_media":14231,"template":"","meta":{"_joinchat":[]},"product_brand":[],"product_cat":[715],"product_tag":[718],"class_list":{"0":"post-14229","1":"product","2":"type-product","3":"status-publish","4":"has-post-thumbnail","6":"product_cat-wc","7":"product_tag-rosa_brend","8":"pa_brand-rosa_logo","9":"pa_tip-wc","11":"first","12":"instock","13":"shipping-taxable","14":"product-type-simple"},"_links":{"self":[{"href":"https:\/\/proterm.md\/ro\/wp-json\/wp\/v2\/product\/14229","targetHints":{"allow":["GET"]}}],"collection":[{"href":"https:\/\/proterm.md\/ro\/wp-json\/wp\/v2\/product"}],"about":[{"href":"https:\/\/proterm.md\/ro\/wp-json\/wp\/v2\/types\/product"}],"wp:featuredmedia":[{"embeddable":true,"href":"https:\/\/proterm.md\/ro\/wp-json\/wp\/v2\/media\/14231"}],"wp:attachment":[{"href":"https:\/\/proterm.md\/ro\/wp-json\/wp\/v2\/media?parent=14229"}],"wp:term":[{"taxonomy":"product_brand","embeddable":true,"href":"https:\/\/proterm.md\/ro\/wp-json\/wp\/v2\/product_brand?post=14229"},{"taxonomy":"product_cat","embeddable":true,"href":"https:\/\/proterm.md\/ro\/wp-json\/wp\/v2\/product_cat?post=14229"},{"taxonomy":"product_tag","embeddable":true,"href":"https:\/\/proterm.md\/ro\/wp-json\/wp\/v2\/product_tag?post=14229"}],"curies":[{"name":"wp","href":"https:\/\/api.w.org\/{rel}","templated":true}]}}