{"id":14352,"date":"2024-01-11T15:02:49","date_gmt":"2024-01-11T13:02:49","guid":{"rendered":"https:\/\/proterm.md\/?post_type=product&#038;p=14352"},"modified":"2025-05-30T14:03:06","modified_gmt":"2025-05-30T12:03:06","slug":"motor-electric-simel-550-w","status":"publish","type":"product","link":"https:\/\/proterm.md\/ro\/product\/motor-electric-simel-550-w\/","title":{"rendered":"Motor electric SIMEL 550 W  3011"},"content":{"rendered":"<div class=\"wpb-content-wrapper\"><p>[vc_row mobile_bg_img_hidden=&#8221;no&#8221; tablet_bg_img_hidden=&#8221;no&#8221; woodmart_parallax=&#8221;0&#8243; woodmart_gradient_switch=&#8221;no&#8221; row_reverse_mobile=&#8221;0&#8243; row_reverse_tablet=&#8221;0&#8243; woodmart_disable_overflow=&#8221;0&#8243;][vc_column][vc_column_text text_larger=&#8221;no&#8221;]Motor monofazat \u0219i trifazat, clasa B . Proiectat pentru a se potrivi cerin\u021belor celor care doresc puteri de 550 W , dar care trebuie s\u0103 economiseasc\u0103 c\u00e2t mai mult volum \u00een aplica\u021bia lor. Se folosesc la arzatoare pe ulei si gaz.[\/vc_column_text][\/vc_column][\/vc_row]<\/p>\n<\/div>","protected":false},"excerpt":{"rendered":"<p>Motor electric SIMEL pentru arzatoare supraalimentate 3011:<br \/>\nPutere 550 W<br \/>\nAlimentare &#8211; 220\/380 V, 50 Hz<br \/>\nCurent &#8211; 2,4\/1,4 A<br \/>\nClasa de protectie &#8211; IP 44<br \/>\nConform standardului EN 60034-1<br \/>\nRota\u021bii pe minut &#8211; 2800<br \/>\nDimensiune &#8211; 194<br \/>\nTara de origine &#8211; Italia<br \/>\nSe folosesc pentru arzatoare cu gaz si ulei uzat, ventilatie, tratarea apei.<\/p>\n","protected":false},"featured_media":14353,"template":"","meta":{"_joinchat":[]},"product_brand":[],"product_cat":[58,15],"product_tag":[2232],"class_list":{"0":"post-14352","1":"product","2":"type-product","3":"status-publish","4":"has-post-thumbnail","6":"product_cat-arzatoare","7":"product_cat-instalatii_incalzire","8":"product_tag-simel","9":"pa_brand-simel","11":"first","12":"instock","13":"shipping-taxable","14":"product-type-simple"},"_links":{"self":[{"href":"https:\/\/proterm.md\/ro\/wp-json\/wp\/v2\/product\/14352","targetHints":{"allow":["GET"]}}],"collection":[{"href":"https:\/\/proterm.md\/ro\/wp-json\/wp\/v2\/product"}],"about":[{"href":"https:\/\/proterm.md\/ro\/wp-json\/wp\/v2\/types\/product"}],"wp:featuredmedia":[{"embeddable":true,"href":"https:\/\/proterm.md\/ro\/wp-json\/wp\/v2\/media\/14353"}],"wp:attachment":[{"href":"https:\/\/proterm.md\/ro\/wp-json\/wp\/v2\/media?parent=14352"}],"wp:term":[{"taxonomy":"product_brand","embeddable":true,"href":"https:\/\/proterm.md\/ro\/wp-json\/wp\/v2\/product_brand?post=14352"},{"taxonomy":"product_cat","embeddable":true,"href":"https:\/\/proterm.md\/ro\/wp-json\/wp\/v2\/product_cat?post=14352"},{"taxonomy":"product_tag","embeddable":true,"href":"https:\/\/proterm.md\/ro\/wp-json\/wp\/v2\/product_tag?post=14352"}],"curies":[{"name":"wp","href":"https:\/\/api.w.org\/{rel}","templated":true}]}}