{"id":14368,"date":"2024-01-15T16:42:43","date_gmt":"2024-01-15T14:42:43","guid":{"rendered":"https:\/\/proterm.md\/?post_type=product&#038;p=14368"},"modified":"2025-10-10T14:49:42","modified_gmt":"2025-10-10T12:49:42","slug":"vas-expansiune-12l","status":"publish","type":"product","link":"https:\/\/proterm.md\/ro\/product\/vas-expansiune-12l\/","title":{"rendered":"Vas expansiune 12L"},"content":{"rendered":"<p>Vase de expansiune sunt proiectate pentru utilizare \u00een sisteme de alimentare cu ap\u0103\/\u00eenc\u0103lzire\/r\u0103cire\/instala\u021bii de men\u021binere a presiunii\/de alimentare cu ap\u0103 \u0219i sta\u021bii de stingere a incendiilor\/sisteme solare.<\/p>","protected":false},"excerpt":{"rendered":"<p>Temperatura de functionare de la -10C\u00b0 la +99C\u00b0<br \/>\nPresiune prestabilit\u0103 &#8211; 1 bar<br \/>\nPresiune maxima &#8211; 10 bar<br \/>\nLatime, mm: 215<br \/>\n\u00cen\u0103l\u021bime, mm: 400<br \/>\nDiametrul filetului &#8211; 1\/2M<br \/>\nCuloarea &#8211; rosie<br \/>\nDomeniu de utilizare: pentru sisteme de alimentare cu ap\u0103 \u0219i c\u0103ldur\u0103<br \/>\nTip &#8211; ag\u0103\u021bat<br \/>\nMaterial flansa &#8211; otel galvanizat<br \/>\nGreutate net\u0103 &#8211; 2.20 kg<br \/>\nForma &#8211; cilindric\u0103<\/p>\n<h6>Not\u0103 &#8211; Presiunea aerului din rezervor trebuie verificat\u0103 la fiecare 3 luni de c\u0103tre un centru de service autorizat.<\/h6>\n","protected":false},"featured_media":14365,"template":"","meta":{"_joinchat":[]},"product_brand":[],"product_cat":[60],"product_tag":[2239],"class_list":{"0":"post-14368","1":"product","2":"type-product","3":"status-publish","4":"has-post-thumbnail","6":"product_cat-vas_expansiune","7":"product_tag-cruwa-by-oren","8":"pa_availability-for-pre-order-pre-order","9":"pa_brand-cruwa-by-oren","10":"pa_expansion-tank-volume-2184","11":"pa_filet-1-2","13":"first","14":"instock","15":"shipping-taxable","16":"product-type-simple"},"_links":{"self":[{"href":"https:\/\/proterm.md\/ro\/wp-json\/wp\/v2\/product\/14368","targetHints":{"allow":["GET"]}}],"collection":[{"href":"https:\/\/proterm.md\/ro\/wp-json\/wp\/v2\/product"}],"about":[{"href":"https:\/\/proterm.md\/ro\/wp-json\/wp\/v2\/types\/product"}],"wp:featuredmedia":[{"embeddable":true,"href":"https:\/\/proterm.md\/ro\/wp-json\/wp\/v2\/media\/14365"}],"wp:attachment":[{"href":"https:\/\/proterm.md\/ro\/wp-json\/wp\/v2\/media?parent=14368"}],"wp:term":[{"taxonomy":"product_brand","embeddable":true,"href":"https:\/\/proterm.md\/ro\/wp-json\/wp\/v2\/product_brand?post=14368"},{"taxonomy":"product_cat","embeddable":true,"href":"https:\/\/proterm.md\/ro\/wp-json\/wp\/v2\/product_cat?post=14368"},{"taxonomy":"product_tag","embeddable":true,"href":"https:\/\/proterm.md\/ro\/wp-json\/wp\/v2\/product_tag?post=14368"}],"curies":[{"name":"wp","href":"https:\/\/api.w.org\/{rel}","templated":true}]}}