{"id":14666,"date":"2024-02-14T13:59:39","date_gmt":"2024-02-14T11:59:39","guid":{"rendered":"https:\/\/proterm.md\/?post_type=product&#038;p=14666"},"modified":"2025-09-03T10:47:54","modified_gmt":"2025-09-03T08:47:54","slug":"buderus-gb-022-24kw","status":"publish","type":"product","link":"https:\/\/proterm.md\/ro\/product\/buderus-gb-022-24kw\/","title":{"rendered":"Buderus GB 022-24KW"},"content":{"rendered":"<div class=\"wpb-content-wrapper\"><p>[vc_row][vc_column][vc_column_text text_larger=&#8221;no&#8221;]<strong>Instalare \u0219i \u00eentre\u021binere rapide-\u00a0<\/strong>Opera\u021biunile de instalare \u0219i \u00eentre\u021binere pot fi efectuate simplu datorit\u0103 designului compact. Centrala termic\u0103 are o greutate mai mic\u0103 de 36 kg \u0219i permite accesul frontal la componentele interioare. Astfel, se economise\u0219te timp \u0219i se reduc cheltuielile de \u00eentre\u021binere.<\/p>\n<p><strong>Totul sub control-\u00a0<\/strong>Sistemul de comand\u0103 Logamatic EMS \u00eempreun\u0103 cu automatizarea Logamatic RC200 asigur\u0103 un control extrem de simplu \u0219i intuitiv al echipamentului. Acesta gestioneaz\u0103 prepararea apei calde menajere, precum \u0219i generarea de c\u0103ldur\u0103 pentru un circuit de \u00eenc\u0103lzire, at\u00e2t \u00een modul dependent de condi\u021biile meteo (cu senzor de temperatur\u0103 exterior ca accesoriu op\u021bional), c\u00e2t \u0219i \u00een cel dependent de temperatura interioar\u0103. \u00cen plus, unitatea este dotat\u0103 cu propriul program de gestionare a timpului \u0219i func\u021bia vacan\u021b\u0103.<\/p>\n<p><strong>Extrem de eficient\u0103-\u00a0<\/strong>Instalarea unei automatiz\u0103ri dependente de condi\u021biile meteo \u00een sistemul de comand\u0103 Logamatic EMS spore\u0219te considerabil eficien\u021ba centralei termice Logamax plus GB022, aceasta ating\u00e2nd o eficien\u021b\u0103 energetic\u0103 sezonier\u0103 de 94% pentru \u00eenc\u0103lzirea locuin\u021bei. Astfel, clasificarea energetic\u0103 cre\u0219te de la A la A+.<\/p>\n<p><strong>Op\u021biuni de conexiuni flexibile-\u00a0<\/strong>Conceptul de design este bine proiectat, at\u00e2t \u00een interior c\u00e2t \u0219i la exterior. Acesta asigur\u0103 op\u021biuni multiple \u00een cazul sistemelor cu conducte de gaze arse extinse, sporind flexibilitatea \u0219i posibilit\u0103\u021bile de montare. Acest lucru spore\u0219te nivelul de flexibilitate la instalarea centralei termice\u00a0 GB022.<\/p>\n<p><strong>Buderus \u2013 expertul \u00een sisteme-\u00a0<\/strong>Buderus g\u00e2nde\u0219te \u00een termeni de sisteme, ceea ce \u00eenseamn\u0103 c\u0103 centrala termic\u0103 Logamax plus GB022 poate fi combinat\u0103 cu o surs\u0103 de c\u0103ldur\u0103 pe baz\u0103 de energie regenerabil\u0103, cum ar fi un sistem termic solar. Acesta controleaz\u0103 energia solar\u0103 \u00een mod inteligent \u0219i asigur\u0103 prepararea eficient\u0103 a apei calde menajere.<\/p>\n<p><strong>Func\u021bionalitatea se \u00eembin\u0103 cu designul atractiv-\u00a0<\/strong>Centrala termic\u0103 GB 022 este deosebit de adaptabil\u0103. Cu un raport mare de modulare de 1 : 5, aceasta se adapteaz\u0103 \u00een mod eficient cerin\u021belor \u00een materie de ap\u0103 cald\u0103 menajer\u0103, fiind foarte eficient\u0103 din punctul de vedere al consumului.<\/p>\n<p>Echipamentul se caracterizeaz\u0103 printr-o putere ridicat\u0103 pentru prepararea apei calde menajere de p\u00e2n\u0103 la 25 kW. Astfel, exist\u0103 \u00eentotdeauna o cantitate suficient\u0103 de ap\u0103 cald\u0103 disponibil\u0103. \u00cen plus, centrala termic\u0103 are o func\u021bionare extrem de silen\u021bioas\u0103. Cu alte cuvinte, pute\u021bi face du\u0219 la orice or\u0103 din zi sau din noapte f\u0103r\u0103 a deranja pe nimeni.<\/p>\n<p><strong>Design func\u021bional-\u00a0<\/strong>Cu un design compact \u0219i modern, dar \u00een acela\u0219i timp robust, centrala termic\u0103 Buderus GB 022 se integreaz\u0103 perfect \u00een orice spa\u021biu locativ, oferind elegan\u021ba locului \u00een care este amplasat\u0103. Nu sunt vizibile conexiunile hidraulice sub echipament \u00een partea din fa\u021b\u0103 \u0219i cu o ad\u00e2ncime de numai 300 mm \u0219i o \u00een\u0103l\u021bime de 710 mm, poate fi perfect integrat\u0103 \u00een cele mai mici \u00eenc\u0103peri, cum ar fi pe hol. Integrarea \u00eentr-un sistem de \u00eenc\u0103lzire existent este posibil\u0103 datorit\u0103 designului modular \u0219i utiliz\u0103rii unei tehnologii de comand\u0103 cu eficien\u021b\u0103 dovedit\u0103.<\/p>\n<p>Cazan pe gaz \u00een condensa\u021bie Buderus, montat pe perete, capabil s\u0103 furnizeze ap\u0103 cald\u0103 \u0219i c\u0103ldur\u0103 oric\u0103rui obiect. calitate germana. Magazinul Proterm Grup vinde cazane pe gaz din seria LogoMaxPlus. Suna\u021bi pentru informa\u021bii mai detaliate la +373 60 79 70 79.[\/vc_column_text][\/vc_column][\/vc_row]<\/p>\n<\/div>","protected":false},"excerpt":{"rendered":"<p>Tip Produs &#8211; Centrala in Condensare<br \/>\nPutere &#8211; 24kW<br \/>\nTiraj &#8211; Fortat<br \/>\nRandament Termic &#8211; La puterea nominala &#8211; 94%<br \/>\nReglare Temperatura ACM 30\u00baC &#8211; 60\u00baC<br \/>\nPresiune &#8211; 3Bar<br \/>\nTemperatura max regim incalzire pana la 90\u00baC<br \/>\nSchimbator de caldura primar &#8211; Aliaj AlSiMg<br \/>\nTip schimbator de caldura secundar &#8211; Inox<br \/>\nTara de productie &#8211; Germania<br \/>\nDimensiuni (LxIxA) (mm) 400x700x300<br \/>\nGreutatea &#8211; 36 Kg<br \/>\n<a href=\"https:\/\/proterm.md\/wp-content\/uploads\/2024\/02\/brosura-buderus-gb-022-24kw.pdf\" target=\"_blank\" rel=\"nofollow noopener\" data-wp-editing=\"1\"><img decoding=\"async\" class=\"alignnone wp-image-7710 size-full\" src=\"https:\/\/proterm.md\/wp-content\/uploads\/2021\/02\/pdf.png\" alt=\"PDF download\" width=\"40\" height=\"40\" \/>Brosura\u00a0Buderus<\/a><\/p>\n<p><a href=\"https:\/\/proterm.md\/wp-content\/uploads\/2024\/02\/buderus-logamax-plus-gb022-24-219066.pdf\" target=\"_blank\" rel=\"nofollow noopener\" data-wp-editing=\"1\"><img decoding=\"async\" class=\"alignnone wp-image-7710 size-full\" src=\"https:\/\/proterm.md\/wp-content\/uploads\/2021\/02\/pdf.png\" alt=\"PDF download\" width=\"40\" height=\"40\" \/>Date tehnice<\/a><\/p>\n<p>&nbsp;<\/p>\n","protected":false},"featured_media":14672,"template":"","meta":{"_joinchat":[]},"product_brand":[],"product_cat":[699,53,15],"product_tag":[698],"class_list":{"0":"post-14666","1":"product","2":"type-product","3":"status-publish","4":"has-post-thumbnail","6":"product_cat-buderus_cazan_gaz","7":"product_cat-cazane_gaz","8":"product_cat-instalatii_incalzire","9":"product_tag-buderus_brend","10":"pa_brand-buderus","11":"pa_classic-boiler-or-condensed-condesed","12":"pa_heating-surface-230","13":"pa_power-boiler-kw-232","15":"first","16":"instock","17":"shipping-taxable","18":"product-type-simple"},"_links":{"self":[{"href":"https:\/\/proterm.md\/ro\/wp-json\/wp\/v2\/product\/14666","targetHints":{"allow":["GET"]}}],"collection":[{"href":"https:\/\/proterm.md\/ro\/wp-json\/wp\/v2\/product"}],"about":[{"href":"https:\/\/proterm.md\/ro\/wp-json\/wp\/v2\/types\/product"}],"wp:featuredmedia":[{"embeddable":true,"href":"https:\/\/proterm.md\/ro\/wp-json\/wp\/v2\/media\/14672"}],"wp:attachment":[{"href":"https:\/\/proterm.md\/ro\/wp-json\/wp\/v2\/media?parent=14666"}],"wp:term":[{"taxonomy":"product_brand","embeddable":true,"href":"https:\/\/proterm.md\/ro\/wp-json\/wp\/v2\/product_brand?post=14666"},{"taxonomy":"product_cat","embeddable":true,"href":"https:\/\/proterm.md\/ro\/wp-json\/wp\/v2\/product_cat?post=14666"},{"taxonomy":"product_tag","embeddable":true,"href":"https:\/\/proterm.md\/ro\/wp-json\/wp\/v2\/product_tag?post=14666"}],"curies":[{"name":"wp","href":"https:\/\/api.w.org\/{rel}","templated":true}]}}