{"id":14713,"date":"2024-02-24T09:16:44","date_gmt":"2024-02-24T07:16:44","guid":{"rendered":"https:\/\/proterm.md\/?post_type=product&#038;p=14713"},"modified":"2026-02-09T08:52:11","modified_gmt":"2026-02-09T06:52:11","slug":"gofra-flexibila-wc-40cm","status":"publish","type":"product","link":"https:\/\/proterm.md\/ro\/product\/gofra-flexibila-wc-40cm\/","title":{"rendered":"Gofra flexibila WC 40cm"},"content":{"rendered":"<p>Racord extensibil pentru WC este fabricat\u0103 dintr-un material rezistent \u0219i durabil, ideal pentru utilizarea \u00een instala\u021biile sanitare. Aceste \u021bevi au un design ondulat care le confer\u0103 o rezisten\u021b\u0103 sporit\u0103 la presiune \u0219i la \u00eencovoiere, f\u0103c\u00e2ndu-le potrivite pentru utilizarea \u00een instala\u021biile sanitare. Acestea sunt concepute special pentru a asigura evacuarea eficient\u0103 a apelor uzate \u0219i sunt potrivite pentru o gam\u0103 larg\u0103 de aplica\u021bii, de la locuin\u021be reziden\u021biale la cl\u0103diri comerciale \u0219i industriale.<\/p>","protected":false},"excerpt":{"rendered":"<p>Diametrul racordului (mm):110mm<br \/>\nLungime min-max:\u00a0 180-400mm<br \/>\nMaterial: polipropilena<br \/>\nTip: extensibil, flexibil<br \/>\nProducator &#8211; Metline<\/p>\n","protected":false},"featured_media":14699,"template":"","meta":{"_joinchat":[]},"product_brand":[],"product_cat":[715],"product_tag":[2242],"class_list":{"0":"post-14713","1":"product","2":"type-product","3":"status-publish","4":"has-post-thumbnail","6":"product_cat-wc","7":"product_tag-metline","8":"pa_brand-metline","9":"pa_diametru-449","10":"pa_the-length-radiator-180-400mm","11":"pa_tip-gofra","13":"first","14":"instock","15":"shipping-taxable","16":"product-type-simple"},"_links":{"self":[{"href":"https:\/\/proterm.md\/ro\/wp-json\/wp\/v2\/product\/14713","targetHints":{"allow":["GET"]}}],"collection":[{"href":"https:\/\/proterm.md\/ro\/wp-json\/wp\/v2\/product"}],"about":[{"href":"https:\/\/proterm.md\/ro\/wp-json\/wp\/v2\/types\/product"}],"wp:featuredmedia":[{"embeddable":true,"href":"https:\/\/proterm.md\/ro\/wp-json\/wp\/v2\/media\/14699"}],"wp:attachment":[{"href":"https:\/\/proterm.md\/ro\/wp-json\/wp\/v2\/media?parent=14713"}],"wp:term":[{"taxonomy":"product_brand","embeddable":true,"href":"https:\/\/proterm.md\/ro\/wp-json\/wp\/v2\/product_brand?post=14713"},{"taxonomy":"product_cat","embeddable":true,"href":"https:\/\/proterm.md\/ro\/wp-json\/wp\/v2\/product_cat?post=14713"},{"taxonomy":"product_tag","embeddable":true,"href":"https:\/\/proterm.md\/ro\/wp-json\/wp\/v2\/product_tag?post=14713"}],"curies":[{"name":"wp","href":"https:\/\/api.w.org\/{rel}","templated":true}]}}