{"id":14728,"date":"2024-02-26T12:10:10","date_gmt":"2024-02-26T10:10:10","guid":{"rendered":"https:\/\/proterm.md\/?post_type=product&#038;p=14728"},"modified":"2025-05-30T14:02:50","modified_gmt":"2025-05-30T12:02:50","slug":"sifon-lavoar-1-1-4-x-40-50-mm","status":"publish","type":"product","link":"https:\/\/proterm.md\/ro\/product\/sifon-lavoar-1-1-4-x-40-50-mm\/","title":{"rendered":"Sifon lavoar B1LF45"},"content":{"rendered":"<p>Un sifon pentru chiuvet\u0103 este un dispozitiv care este folosit pentru a scurge apa dintr-o chiuvet\u0103 \u00een canalizare, \u00eempiedic\u00e2nd mirosurile s\u0103 ias\u0103 din conducte.<\/p>","protected":false},"excerpt":{"rendered":"<p>Model &#8211; B1LF45<br \/>\nCap tubular lung<br \/>\nTip &#8211; Sifon<br \/>\nDestinatie &#8211; Pentru lavoar<br \/>\nCuloare &#8211; Alb<br \/>\nDiametrul orificiului iesire &#8211; 1 1\/4\u201dx 40\/50 mm<\/p>\n","protected":false},"featured_media":14731,"template":"","meta":{"_joinchat":[]},"product_brand":[],"product_cat":[691],"product_tag":[2242],"class_list":{"0":"post-14728","1":"product","2":"type-product","3":"status-publish","4":"has-post-thumbnail","6":"product_cat-sifoane-furtune-flexibile","7":"product_tag-metline","8":"pa_brand-metline","9":"pa_diametru-sifoane-o-1-1-4-x-40-50-mm","10":"pa_tip-sifon-lavoar","12":"first","13":"instock","14":"shipping-taxable","15":"product-type-simple"},"_links":{"self":[{"href":"https:\/\/proterm.md\/ro\/wp-json\/wp\/v2\/product\/14728","targetHints":{"allow":["GET"]}}],"collection":[{"href":"https:\/\/proterm.md\/ro\/wp-json\/wp\/v2\/product"}],"about":[{"href":"https:\/\/proterm.md\/ro\/wp-json\/wp\/v2\/types\/product"}],"wp:featuredmedia":[{"embeddable":true,"href":"https:\/\/proterm.md\/ro\/wp-json\/wp\/v2\/media\/14731"}],"wp:attachment":[{"href":"https:\/\/proterm.md\/ro\/wp-json\/wp\/v2\/media?parent=14728"}],"wp:term":[{"taxonomy":"product_brand","embeddable":true,"href":"https:\/\/proterm.md\/ro\/wp-json\/wp\/v2\/product_brand?post=14728"},{"taxonomy":"product_cat","embeddable":true,"href":"https:\/\/proterm.md\/ro\/wp-json\/wp\/v2\/product_cat?post=14728"},{"taxonomy":"product_tag","embeddable":true,"href":"https:\/\/proterm.md\/ro\/wp-json\/wp\/v2\/product_tag?post=14728"}],"curies":[{"name":"wp","href":"https:\/\/api.w.org\/{rel}","templated":true}]}}