{"id":14736,"date":"2024-02-27T09:50:12","date_gmt":"2024-02-27T07:50:12","guid":{"rendered":"https:\/\/proterm.md\/?post_type=product&#038;p=14736"},"modified":"2025-05-30T14:02:50","modified_gmt":"2025-05-30T12:02:50","slug":"sifon-bucatarie-b3f45","status":"publish","type":"product","link":"https:\/\/proterm.md\/ro\/product\/sifon-bucatarie-b3f45\/","title":{"rendered":"Sifon bucatarie B3F45"},"content":{"rendered":"<p>Un sifon de buc\u0103t\u0103rie este o parte integrant\u0103 a sistemului sanitar, conceput pentru a scurge apa din chiuvet\u0103. Convenabil, fiabil, u\u0219or de instalat.<\/p>","protected":false},"excerpt":{"rendered":"<p>Model &#8211; B3F45<br \/>\nCap tubular scurt<br \/>\nTip &#8211; Sifon<br \/>\nDestinatie &#8211; Pentru bucatarie<br \/>\nCuloare &#8211; Alb<br \/>\nDiametrul orificiului iesire &#8211; 3 1\/2\u201dx40\/50 mm<\/p>\n","protected":false},"featured_media":14738,"template":"","meta":{"_joinchat":[]},"product_brand":[],"product_cat":[691],"product_tag":[2242],"class_list":{"0":"post-14736","1":"product","2":"type-product","3":"status-publish","4":"has-post-thumbnail","6":"product_cat-sifoane-furtune-flexibile","7":"product_tag-metline","8":"pa_brand-metline","9":"pa_diametru-sifoane-o-3-1-2-x-40-50-mm","10":"pa_tip-sifon-chiuveta","12":"first","13":"instock","14":"shipping-taxable","15":"product-type-simple"},"_links":{"self":[{"href":"https:\/\/proterm.md\/ro\/wp-json\/wp\/v2\/product\/14736","targetHints":{"allow":["GET"]}}],"collection":[{"href":"https:\/\/proterm.md\/ro\/wp-json\/wp\/v2\/product"}],"about":[{"href":"https:\/\/proterm.md\/ro\/wp-json\/wp\/v2\/types\/product"}],"wp:featuredmedia":[{"embeddable":true,"href":"https:\/\/proterm.md\/ro\/wp-json\/wp\/v2\/media\/14738"}],"wp:attachment":[{"href":"https:\/\/proterm.md\/ro\/wp-json\/wp\/v2\/media?parent=14736"}],"wp:term":[{"taxonomy":"product_brand","embeddable":true,"href":"https:\/\/proterm.md\/ro\/wp-json\/wp\/v2\/product_brand?post=14736"},{"taxonomy":"product_cat","embeddable":true,"href":"https:\/\/proterm.md\/ro\/wp-json\/wp\/v2\/product_cat?post=14736"},{"taxonomy":"product_tag","embeddable":true,"href":"https:\/\/proterm.md\/ro\/wp-json\/wp\/v2\/product_tag?post=14736"}],"curies":[{"name":"wp","href":"https:\/\/api.w.org\/{rel}","templated":true}]}}