{"id":14810,"date":"2025-12-01T12:16:26","date_gmt":"2025-12-01T10:16:26","guid":{"rendered":"https:\/\/proterm.md\/?post_type=product&#038;p=14810"},"modified":"2026-01-01T10:07:45","modified_gmt":"2026-01-01T08:07:45","slug":"trap-dus-60cm-mtld1070","status":"publish","type":"product","link":"https:\/\/proterm.md\/ro\/product\/trap-dus-60cm-mtld1070\/","title":{"rendered":"Trap dus 70cm MTLD1070"},"content":{"rendered":"<div class=\"wpb-content-wrapper\"><p>[vc_row][vc_column][vc_column_text text_larger=&#8221;no&#8221;]Rigole du\u0219 din seria Metline MTLD sunt cea mai bun\u0103 solu\u021bie pentru cei care doresc s\u0103 ofere hidroizola\u021bii de \u00eenalt\u0103 calitate \u00een baie.<\/p>\n<p>Panta intern\u0103 a rigolei cre\u0219te debitul scurgerii \u0219i accelereaz\u0103 colectarea apei de pe suprafa\u021ba podelei. Sifonele de du\u0219 sunt o parte important\u0103 a sistemului de drenaj din baie. Ele previn \u00eenfundarea \u021bevilor \u0219i asigur\u0103 scurgerea sigur\u0103 a apei.[\/vc_column_text][\/vc_column][\/vc_row]<\/p>\n<\/div>","protected":false},"excerpt":{"rendered":"<p>Corp din plastic;<br \/>\nGrile \u0219i cadru \u2013 o\u021bel inoxidabil AISI 304;<br \/>\nBanda hidroizolatoare in complect<br \/>\nInstalare: l\u00e2ng\u0103 perete (pe podea)<br \/>\nForma: dreptunghiulara<br \/>\nLungime: 70 cm<br \/>\nConducta de racord din HDPE \u2013 \u00d8 50 mm<br \/>\n\u00cen\u0103l\u021bimea canalului \u2013 55 mm<br \/>\nInaltime: 75 mm<br \/>\nSifon reglabil;<br \/>\nCur\u0103\u021bare u\u0219oar\u0103;<br \/>\nCapcan\u0103 murdarie<br \/>\n100% impermeabilizare<br \/>\nFunc\u021bie anti-miros<br \/>\nMarca: METLINE<\/p>\n","protected":false},"featured_media":14811,"template":"","meta":{"_joinchat":[]},"product_brand":[],"product_cat":[108],"product_tag":[2242],"class_list":{"0":"post-14810","1":"product","2":"type-product","3":"status-publish","4":"has-post-thumbnail","6":"product_cat-trap_de_dus","7":"product_tag-metline","8":"pa_brand-metline","9":"pa_the-length-radiator-154","11":"first","12":"instock","13":"shipping-taxable","14":"product-type-simple"},"_links":{"self":[{"href":"https:\/\/proterm.md\/ro\/wp-json\/wp\/v2\/product\/14810","targetHints":{"allow":["GET"]}}],"collection":[{"href":"https:\/\/proterm.md\/ro\/wp-json\/wp\/v2\/product"}],"about":[{"href":"https:\/\/proterm.md\/ro\/wp-json\/wp\/v2\/types\/product"}],"wp:featuredmedia":[{"embeddable":true,"href":"https:\/\/proterm.md\/ro\/wp-json\/wp\/v2\/media\/14811"}],"wp:attachment":[{"href":"https:\/\/proterm.md\/ro\/wp-json\/wp\/v2\/media?parent=14810"}],"wp:term":[{"taxonomy":"product_brand","embeddable":true,"href":"https:\/\/proterm.md\/ro\/wp-json\/wp\/v2\/product_brand?post=14810"},{"taxonomy":"product_cat","embeddable":true,"href":"https:\/\/proterm.md\/ro\/wp-json\/wp\/v2\/product_cat?post=14810"},{"taxonomy":"product_tag","embeddable":true,"href":"https:\/\/proterm.md\/ro\/wp-json\/wp\/v2\/product_tag?post=14810"}],"curies":[{"name":"wp","href":"https:\/\/api.w.org\/{rel}","templated":true}]}}