{"id":14822,"date":"2025-12-01T12:16:26","date_gmt":"2025-12-01T10:16:26","guid":{"rendered":"https:\/\/proterm.md\/?post_type=product&#038;p=14822"},"modified":"2026-01-01T10:07:45","modified_gmt":"2026-01-01T08:07:45","slug":"trap-dus-70cm-mtl-slim","status":"publish","type":"product","link":"https:\/\/proterm.md\/ro\/product\/trap-dus-70cm-mtl-slim\/","title":{"rendered":"Trap dus 70cm MTL SLIM"},"content":{"rendered":"<div class=\"wpb-content-wrapper\"><p>[vc_row][vc_column][vc_column_text text_larger=&#8221;no&#8221;]Cadru \u0219i gr\u0103tar din o\u021bel inoxidabil 304<br \/>\nCanal \u00eenclinat pentru o curgere mai rapid\u0103<br \/>\nReglarea \u00een\u0103l\u021bimii \u0219uruburilor<br \/>\nO\u021bel inoxidabil sudat dintr-o bucat\u0103.<br \/>\nPicior bidirec\u021bional cu \u0219urub din o\u021bel inoxidabil.<br \/>\nSifon din plastic ABS<br \/>\nRotire la 360\u00b0, ie\u0219ire lateral\u0103 \u0219i inferioar\u0103 fix\u0103, reglabil\u0103 pe \u00een\u0103l\u021bime \u0219i sifon cu garnitur\u0103 mobil\u0103 pentru instalare u\u0219oar\u0103.<br \/>\nSifon conectat ferm la scurgere pentru impermeabilizare 100%.<br \/>\nBanda autoadeziva pentru impermeabilizare de calitate.<br \/>\nCapcana de de\u0219euri poate fi cur\u0103\u021bat\u0103 \u0219i capcana anti-miros.<\/p>\n<p>Panta intern\u0103 a rigolei cre\u0219te debitul scurgerii \u0219i accelereaz\u0103 colectarea apei de pe suprafa\u021ba podelei. Sifonele de du\u0219 sunt o parte important\u0103 a sistemului de drenaj din baie. Ele previn \u00eenfundarea \u021bevilor \u0219i asigur\u0103 scurgerea sigur\u0103 a apei.[\/vc_column_text][\/vc_column][\/vc_row]<\/p>\n<\/div>","protected":false},"excerpt":{"rendered":"<p>Lungime trap -700mm<br \/>\nCadru din otel inoxidabil de 1,5 mm.<br \/>\nSuprafata din otel inoxidabil 2mm<br \/>\nGratar subtire din otel inoxidabil 5 mm<br \/>\nL\u0103\u021bimea gr\u0103tarului \u2013 12 mm.<br \/>\nL\u0103\u021bimea cadrului din o\u021bel inoxidabil 135 mm<br \/>\nGratar din otel inoxidabil latime 70 mm<br \/>\n\u00cen\u0103l\u021bimea cadrului din o\u021bel inoxidabil este de 55 mm.<br \/>\n\u00cen\u0103l\u021bimea produsului cu sifon rotativ este de 60 mm.<br \/>\nDiametrul conductei de canalizare 50 mm (lateral, rotire 360\u00b0 \u0219i reglare \u00een\u0103l\u021bime)<br \/>\nVas anti-miros 29 mm<br \/>\nGrosimea minima a betonului este de 43 mm.<br \/>\nInaltime de instalare 62-82 mm<br \/>\nUn sifon cu diametrul de 50 mm asigur\u0103 pomparea apei cu o vitez\u0103 de 48 ml\/min.<br \/>\nCapacitate de re\u021binere a apei aprox. 210 ml.<br \/>\n\u0218urub de reglare a \u00een\u0103l\u021bimii 2 mm.<br \/>\nMarca: METLINE<\/p>\n","protected":false},"featured_media":14818,"template":"","meta":{"_joinchat":[]},"product_brand":[],"product_cat":[108],"product_tag":[2242],"class_list":{"0":"post-14822","1":"product","2":"type-product","3":"status-publish","4":"has-post-thumbnail","6":"product_cat-trap_de_dus","7":"product_tag-metline","8":"pa_brand-metline","9":"pa_the-length-radiator-154","11":"first","12":"instock","13":"shipping-taxable","14":"product-type-simple"},"_links":{"self":[{"href":"https:\/\/proterm.md\/ro\/wp-json\/wp\/v2\/product\/14822","targetHints":{"allow":["GET"]}}],"collection":[{"href":"https:\/\/proterm.md\/ro\/wp-json\/wp\/v2\/product"}],"about":[{"href":"https:\/\/proterm.md\/ro\/wp-json\/wp\/v2\/types\/product"}],"wp:featuredmedia":[{"embeddable":true,"href":"https:\/\/proterm.md\/ro\/wp-json\/wp\/v2\/media\/14818"}],"wp:attachment":[{"href":"https:\/\/proterm.md\/ro\/wp-json\/wp\/v2\/media?parent=14822"}],"wp:term":[{"taxonomy":"product_brand","embeddable":true,"href":"https:\/\/proterm.md\/ro\/wp-json\/wp\/v2\/product_brand?post=14822"},{"taxonomy":"product_cat","embeddable":true,"href":"https:\/\/proterm.md\/ro\/wp-json\/wp\/v2\/product_cat?post=14822"},{"taxonomy":"product_tag","embeddable":true,"href":"https:\/\/proterm.md\/ro\/wp-json\/wp\/v2\/product_tag?post=14822"}],"curies":[{"name":"wp","href":"https:\/\/api.w.org\/{rel}","templated":true}]}}