{"id":14823,"date":"2024-03-02T10:40:23","date_gmt":"2024-03-02T08:40:23","guid":{"rendered":"https:\/\/proterm.md\/?post_type=product&#038;p=14823"},"modified":"2025-05-30T14:02:29","modified_gmt":"2025-05-30T12:02:29","slug":"trap-dus-50cm-mtl-concept","status":"publish","type":"product","link":"https:\/\/proterm.md\/ro\/product\/trap-dus-50cm-mtl-concept\/","title":{"rendered":"Trap dus 50cm MTL CONCEPT"},"content":{"rendered":"<div class=\"wpb-content-wrapper\"><p>[vc_row][vc_column][vc_column_text text_larger=&#8221;no&#8221;]Rigola din o\u021bel inoxidabil de la marca METLINE este un produs de instala\u021bii sanitare conceput pentru a scurge apa uzat\u0103 \u00een sistemul de canalizare. Se instaleaz\u0103 direct \u00een podeaua cabinei de du\u0219 sau a compartimentului de du\u0219. Const\u0103 dintr-un corp cu o gril\u0103 decorativ\u0103, un sifon \u0219i o supap\u0103 de re\u021binere. Designul scurgerii asigur\u0103 scurgerea rapid\u0103 a apei, iar supapa de re\u021binere previne r\u0103sp\u00e2ndirea mirosurilor nepl\u0103cute din canalizare. Produsul este rezistent la schimb\u0103rile de temperatur\u0103, detergen\u021bi \u0219i dezinfectan\u021bi, are o marj\u0103 mare de siguran\u021b\u0103 \u0219i o durat\u0103 lung\u0103 de via\u021b\u0103.<\/p>\n<p>Pentru a economisi mult mai mult spa\u021biu pentru baia dvs. atunci c\u00e2nd instala\u021bi aceast\u0103 scurgere de perete, spa\u021biul dvs. disponibil va fi mult mai mare, pute\u021bi sta oriunde, nu v\u0103 face\u021bi griji niciodat\u0103 pentru spa\u021biul \u00een care sta\u021bi pe scurgere deoarece scurgerea este ascuns\u0103 \u00een perete, este foarte \u00een condi\u021bii de siguran\u021b\u0103.<\/p>\n<p>Panta intern\u0103 a rigolei cre\u0219te debitul scurgerii \u0219i accelereaz\u0103 colectarea apei de pe suprafa\u021ba podelei. Sifonele de du\u0219 sunt o parte important\u0103 a sistemului de drenaj din baie. Ele previn \u00eenfundarea \u021bevilor \u0219i asigur\u0103 scurgerea sigur\u0103 a apei.<\/p>\n<p>Cadru \u0219i gr\u0103tar din o\u021bel inoxidabil 304<br \/>\nCanal \u00eenclinat pentru o curgere mai rapid\u0103<br \/>\nReglarea \u00een\u0103l\u021bimii \u0219uruburilor<br \/>\nO\u021bel inoxidabil sudat dintr-o bucat\u0103.<br \/>\nPicior bidirec\u021bional cu \u0219urub din o\u021bel inoxidabil.<br \/>\nSifon din plastic ABS<br \/>\nRotire la 360\u00b0, ie\u0219ire lateral\u0103 \u0219i inferioar\u0103 fix\u0103, reglabil\u0103 pe \u00een\u0103l\u021bime \u0219i sifon cu garnitur\u0103 mobil\u0103 pentru instalare u\u0219oar\u0103.<br \/>\nSifon conectat ferm la scurgere pentru impermeabilizare 100%.<br \/>\nBanda autoadeziva pentru impermeabilizare de calitate.<br \/>\nCapcana de de\u0219euri poate fi cur\u0103\u021bat\u0103 \u0219i capcana anti-miros.<br \/>\nOfer\u0103 scurgerea corect\u0103 a apei din interiorul peretelui.[\/vc_column_text][\/vc_column][\/vc_row]<\/p>\n<\/div>","protected":false},"excerpt":{"rendered":"<p>Montare &#8211; in perete<br \/>\nLungimea produsului &#8211; 536 mm.<br \/>\nPARTICULARIT\u0102\u021aI:<br \/>\nSifon rotativ 360\u00b0, lateral,<br \/>\n\u00cen\u0103l\u021bimea de instalare este de numai 80 mm,<br \/>\n\u00cen\u0103l\u021bimea barierei de ap\u0103 este de 50 mm,<br \/>\nRata de scurgere: 36 litri\/minut,<br \/>\nCur\u0103\u021bare u\u0219oar\u0103 p\u00e2n\u0103 la conducta de scurgere,<\/p>\n<p>Otel inoxidabil (AISI-304) 4mm<br \/>\nrezistenta la rugina,<br \/>\nrezistente la substan\u021be chimice (de exemplu, produse de cur\u0103\u021bare pentru baie, produse de cur\u0103\u021bare a scurgerilor etc.)<br \/>\nmat<\/p>\n<p>INSTALARE:<br \/>\nFabricat din o\u021bel inoxidabil de \u00eenalt\u0103 calitate.<br \/>\nbariera de miros de canalizare,<br \/>\nDesign simplu<\/p>\n<p>SIFON:<br \/>\nRotire la 360\u00b0,<br \/>\nDN \u00d850 pe lateral,<br \/>\ncapcana de miros,<br \/>\nCapacitate de scurgere: 36 l\/min.,<\/p>\n<p>(Set complet)<br \/>\ncapac<br \/>\ncapcana de miros,<br \/>\ncarcas\u0103 \u00eencorporat\u0103,<br \/>\nsifon<br \/>\npicioare reglabile pe inaltime.<\/p>\n","protected":false},"featured_media":14825,"template":"","meta":{"_joinchat":[]},"product_brand":[],"product_cat":[108],"product_tag":[2242],"class_list":{"0":"post-14823","1":"product","2":"type-product","3":"status-publish","4":"has-post-thumbnail","6":"product_cat-trap_de_dus","7":"product_tag-metline","8":"pa_brand-metline","9":"pa_the-length-radiator-152","11":"first","12":"instock","13":"shipping-taxable","14":"product-type-simple"},"_links":{"self":[{"href":"https:\/\/proterm.md\/ro\/wp-json\/wp\/v2\/product\/14823","targetHints":{"allow":["GET"]}}],"collection":[{"href":"https:\/\/proterm.md\/ro\/wp-json\/wp\/v2\/product"}],"about":[{"href":"https:\/\/proterm.md\/ro\/wp-json\/wp\/v2\/types\/product"}],"wp:featuredmedia":[{"embeddable":true,"href":"https:\/\/proterm.md\/ro\/wp-json\/wp\/v2\/media\/14825"}],"wp:attachment":[{"href":"https:\/\/proterm.md\/ro\/wp-json\/wp\/v2\/media?parent=14823"}],"wp:term":[{"taxonomy":"product_brand","embeddable":true,"href":"https:\/\/proterm.md\/ro\/wp-json\/wp\/v2\/product_brand?post=14823"},{"taxonomy":"product_cat","embeddable":true,"href":"https:\/\/proterm.md\/ro\/wp-json\/wp\/v2\/product_cat?post=14823"},{"taxonomy":"product_tag","embeddable":true,"href":"https:\/\/proterm.md\/ro\/wp-json\/wp\/v2\/product_tag?post=14823"}],"curies":[{"name":"wp","href":"https:\/\/api.w.org\/{rel}","templated":true}]}}