{"id":14831,"date":"2026-02-24T12:02:53","date_gmt":"2026-02-24T10:02:53","guid":{"rendered":"https:\/\/proterm.md\/?post_type=product&#038;p=14831"},"modified":"2026-02-24T12:02:53","modified_gmt":"2026-02-24T10:02:53","slug":"supapa-de-siguranta-reglabila-2f-f","status":"publish","type":"product","link":"https:\/\/proterm.md\/ro\/product\/supapa-de-siguranta-reglabila-2f-f\/","title":{"rendered":"Supap\u0103 de siguranta reglabila &#8211; 2&#8243;F\/F"},"content":{"rendered":"<p>Supapele de re\u021binere sunt unidirec\u021bionale, asta \u00eensemna controlul debitului \u00eentr-o singur\u0103 direc\u021bie.<br \/>\nSupapa este conceput\u0103 pentru a preveni revenirea fluxului de lichide sau gaze, \u00een limitele valorilor admise pentru temperatur\u0103 \u0219i presiune.<\/p>","protected":false},"excerpt":{"rendered":"<p>Supap\u0103 de suprapresiune reglabil\u0103 cu sistem de eliberare controlat\u0103.<br \/>\nFluid de lucru: Lichid, gaz \u0219i abur.<br \/>\nPresiune nominal\u0103: 16 bar.<br \/>\nPresiune nominal\u0103 de reglare (PnR): interval de control de la 0,5 la 16 bar.<br \/>\nGaran\u021bie etan\u0219eitate: -5% din (PnR).<br \/>\nSuprapresiune la deschidere: +10% din (PnR).<br \/>\nPresiune de \u00eenchidere: -20% din (PnR).<br \/>\nTemperatura fluidului de lucru: de la 0 la +180\u00b0C.<br \/>\nRacord \u021beav\u0103: filet conform ISO 228\/1.<br \/>\nTip conexiune: filet\/filet interior de 2&#8243;.<br \/>\nRezistent la coroziune \u0219i impact mecanic.<br \/>\nFabricat \u00een Italia.<\/p>\n","protected":false},"featured_media":10354,"template":"","meta":{"_joinchat":[]},"product_brand":[],"product_cat":[113],"product_tag":[],"class_list":{"0":"post-14831","1":"product","2":"type-product","3":"status-publish","4":"has-post-thumbnail","6":"product_cat-supa_sens_si_siguranta","7":"pa_filet-446","8":"pa_thread-type-inside","10":"first","11":"instock","12":"shipping-taxable","13":"product-type-simple"},"_links":{"self":[{"href":"https:\/\/proterm.md\/ro\/wp-json\/wp\/v2\/product\/14831","targetHints":{"allow":["GET"]}}],"collection":[{"href":"https:\/\/proterm.md\/ro\/wp-json\/wp\/v2\/product"}],"about":[{"href":"https:\/\/proterm.md\/ro\/wp-json\/wp\/v2\/types\/product"}],"wp:featuredmedia":[{"embeddable":true,"href":"https:\/\/proterm.md\/ro\/wp-json\/wp\/v2\/media\/10354"}],"wp:attachment":[{"href":"https:\/\/proterm.md\/ro\/wp-json\/wp\/v2\/media?parent=14831"}],"wp:term":[{"taxonomy":"product_brand","embeddable":true,"href":"https:\/\/proterm.md\/ro\/wp-json\/wp\/v2\/product_brand?post=14831"},{"taxonomy":"product_cat","embeddable":true,"href":"https:\/\/proterm.md\/ro\/wp-json\/wp\/v2\/product_cat?post=14831"},{"taxonomy":"product_tag","embeddable":true,"href":"https:\/\/proterm.md\/ro\/wp-json\/wp\/v2\/product_tag?post=14831"}],"curies":[{"name":"wp","href":"https:\/\/api.w.org\/{rel}","templated":true}]}}