{"id":14836,"date":"2024-03-07T09:22:11","date_gmt":"2024-03-07T07:22:11","guid":{"rendered":"https:\/\/proterm.md\/?post_type=product&#038;p=14836"},"modified":"2025-05-30T14:02:11","modified_gmt":"2025-05-30T12:02:11","slug":"supapa-de-sens-1-mf","status":"publish","type":"product","link":"https:\/\/proterm.md\/ro\/product\/supapa-de-sens-1-mf\/","title":{"rendered":"Supapa de sens 1&#8243; MF"},"content":{"rendered":"<p>O supap\u0103 de sens este un dispozitiv conceput pentru a controla direc\u021bia fluxului de lichid sau gaz \u00eentr-o conduct\u0103. Se deschide atunci c\u00e2nd un lichid sau un gaz curge \u00eentr-o direc\u021bie, permi\u021b\u00e2ndu-i s\u0103 treac\u0103, dar se \u00eenchide dac\u0103 se \u00eencearc\u0103 inversarea fluxului. Supapele de re\u021binere sunt utilizate pe scar\u0103 larg\u0103 \u00eentr-o varietate de sisteme de utilit\u0103\u021bi pentru a preveni refluxul, pentru a proteja echipamentele \u0219i pentru a asigura siguran\u021ba procesului.<\/p>","protected":false},"excerpt":{"rendered":"<p>Racord &#8211; 1&#8243; M\/F<br \/>\nMaterial &#8211; alama.<br \/>\nMontare: orizontal\u0103, vertical\u0103, \u00eenclinat\u0103<br \/>\nPresiune maxim\u0103 de lucru &#8211; 10 bar<br \/>\nTemperatura maxima de functionare &#8211; 99 \u00b0C<br \/>\nAplicare &#8211; in sisteme de distributie a apei calde sau reci, in sisteme de incalzire sau in retele de aer comprimat.<\/p>\n","protected":false},"featured_media":14837,"template":"","meta":{"_joinchat":[]},"product_brand":[],"product_cat":[113],"product_tag":[1555],"class_list":{"0":"post-14836","1":"product","2":"type-product","3":"status-publish","4":"has-post-thumbnail","6":"product_cat-supa_sens_si_siguranta","7":"product_tag-klepsan","8":"pa_filet-443","9":"pa_thread-type-combined","11":"first","12":"instock","13":"shipping-taxable","14":"product-type-simple"},"_links":{"self":[{"href":"https:\/\/proterm.md\/ro\/wp-json\/wp\/v2\/product\/14836","targetHints":{"allow":["GET"]}}],"collection":[{"href":"https:\/\/proterm.md\/ro\/wp-json\/wp\/v2\/product"}],"about":[{"href":"https:\/\/proterm.md\/ro\/wp-json\/wp\/v2\/types\/product"}],"wp:featuredmedia":[{"embeddable":true,"href":"https:\/\/proterm.md\/ro\/wp-json\/wp\/v2\/media\/14837"}],"wp:attachment":[{"href":"https:\/\/proterm.md\/ro\/wp-json\/wp\/v2\/media?parent=14836"}],"wp:term":[{"taxonomy":"product_brand","embeddable":true,"href":"https:\/\/proterm.md\/ro\/wp-json\/wp\/v2\/product_brand?post=14836"},{"taxonomy":"product_cat","embeddable":true,"href":"https:\/\/proterm.md\/ro\/wp-json\/wp\/v2\/product_cat?post=14836"},{"taxonomy":"product_tag","embeddable":true,"href":"https:\/\/proterm.md\/ro\/wp-json\/wp\/v2\/product_tag?post=14836"}],"curies":[{"name":"wp","href":"https:\/\/api.w.org\/{rel}","templated":true}]}}