{"id":14842,"date":"2025-12-01T12:16:39","date_gmt":"2025-12-01T10:16:39","guid":{"rendered":"https:\/\/proterm.md\/?post_type=product&#038;p=14842"},"modified":"2025-12-16T10:17:55","modified_gmt":"2025-12-16T08:17:55","slug":"reductor-de-presiune-ara-11-4-f","status":"publish","type":"product","link":"https:\/\/proterm.md\/ro\/product\/reductor-de-presiune-ara-11-4-f\/","title":{"rendered":"Reductor de presiune ARA 11\/4&#8243; F"},"content":{"rendered":"<div class=\"wpb-content-wrapper\"><p>[vc_row][vc_column][vc_column_text css=&#8221;&#8221; text_larger=&#8221;no&#8221;]Robinetele de reglare a apei sunt robinete utilizate, fiind instalate la intr\u0103rile \u00een cl\u0103diri, la etaje sau la apartamente, pentru a echilibra presiunea din sistem la nivelul dorit \u0219i pentru a preveni afectarea dispozitivelor din sistem de c\u0103tre presiune. Corpul regulatoarelor de ap\u0103 este din alam\u0103 nichelat\u0103. Pentru a monitoriza presiunea, regulatoarele de ap\u0103 pot fi echipate cu un manometru, dac\u0103 se dore\u0219te.[\/vc_column_text][\/vc_column][\/vc_row]<\/p>\n<\/div>","protected":false},"excerpt":{"rendered":"<p>Presiunea maxim\u0103 de admisie este &#8211; 12 bar.<br \/>\nPresiunea de lucru 1-7 bar<br \/>\nDomeniu de reglare &#8211; 0.5 \u00f7 6 bar.<br \/>\nTemperatura maxim\u0103 este de &#8211; 80\u00b0C.<br \/>\nDimensiune: 1 1\/4&#8243; F\/F<br \/>\nProducator: ARA VALF.<\/p>\n","protected":false},"featured_media":17541,"template":"","meta":{"_joinchat":[]},"product_brand":[],"product_cat":[115,71],"product_tag":[],"class_list":{"0":"post-14842","1":"product","2":"type-product","3":"status-publish","4":"has-post-thumbnail","6":"product_cat-reductor_presiune","7":"product_cat-robineti_racorduri","8":"pa_brand-klepsan","9":"pa_filet-11-4","10":"pa_thread-type-combined","12":"first","13":"instock","14":"sale","15":"shipping-taxable","16":"product-type-simple"},"_links":{"self":[{"href":"https:\/\/proterm.md\/ro\/wp-json\/wp\/v2\/product\/14842","targetHints":{"allow":["GET"]}}],"collection":[{"href":"https:\/\/proterm.md\/ro\/wp-json\/wp\/v2\/product"}],"about":[{"href":"https:\/\/proterm.md\/ro\/wp-json\/wp\/v2\/types\/product"}],"wp:featuredmedia":[{"embeddable":true,"href":"https:\/\/proterm.md\/ro\/wp-json\/wp\/v2\/media\/17541"}],"wp:attachment":[{"href":"https:\/\/proterm.md\/ro\/wp-json\/wp\/v2\/media?parent=14842"}],"wp:term":[{"taxonomy":"product_brand","embeddable":true,"href":"https:\/\/proterm.md\/ro\/wp-json\/wp\/v2\/product_brand?post=14842"},{"taxonomy":"product_cat","embeddable":true,"href":"https:\/\/proterm.md\/ro\/wp-json\/wp\/v2\/product_cat?post=14842"},{"taxonomy":"product_tag","embeddable":true,"href":"https:\/\/proterm.md\/ro\/wp-json\/wp\/v2\/product_tag?post=14842"}],"curies":[{"name":"wp","href":"https:\/\/api.w.org\/{rel}","templated":true}]}}