{"id":14866,"date":"2024-03-14T16:17:36","date_gmt":"2024-03-14T14:17:36","guid":{"rendered":"https:\/\/proterm.md\/?post_type=product&#038;p=14866"},"modified":"2025-06-24T14:52:10","modified_gmt":"2025-06-24T12:52:10","slug":"robinet-cu-flansa-dn100","status":"publish","type":"product","link":"https:\/\/proterm.md\/ro\/product\/robinet-cu-flansa-dn100\/","title":{"rendered":"Robinet cu flansa \u00d8100"},"content":{"rendered":"<p>Robinet cu flansa, cu un arbore care nu se ridic\u0103 \u0219i un tip de conexiune cu flan\u0219\u0103, este destinat\u0103 utiliz\u0103rii ca dispozitiv de \u00eenchidere pentru conductele de \u00eenc\u0103lzire, alimentare cu ap\u0103 \u0219i aer condi\u021bionat. Reducerea debitului nu este permis\u0103. Se caracterizeaz\u0103 printr-un grad ridicat de etan\u0219eitate, u\u0219urin\u021b\u0103 \u00een utilizare \u0219i design fiabil.<\/p>","protected":false},"excerpt":{"rendered":"<p>Diametru nominal DN 100<br \/>\nTip produs: Robinet cu flansa<br \/>\nTemperatura maximala\u00a0 + 110\u00b0\u0421<br \/>\nMaterial corp: Fonta<br \/>\nMaterial capac: Fonta<br \/>\nPresiunea max &#8211; 16 bar<br \/>\nFlanse racordare: EN 1092 &#8211; PN 16<br \/>\nConstructie: Tija neascendenta<br \/>\nVopsea: Epoxy interior exterior pentru apa potabila<br \/>\nCuloare: Albastru<br \/>\nSertar: Fonta + EPDM<\/p>\n","protected":false},"featured_media":14864,"template":"","meta":{"_joinchat":[]},"product_brand":[],"product_cat":[2281],"product_tag":[1555],"class_list":{"0":"post-14866","1":"product","2":"type-product","3":"status-publish","4":"has-post-thumbnail","6":"product_cat-robineti-industriali","7":"product_tag-klepsan","8":"pa_brand-klepsan","9":"pa_diametru-372","10":"pa_name-boiler-robinet-flansa","12":"first","13":"instock","14":"shipping-taxable","15":"product-type-simple"},"_links":{"self":[{"href":"https:\/\/proterm.md\/ro\/wp-json\/wp\/v2\/product\/14866","targetHints":{"allow":["GET"]}}],"collection":[{"href":"https:\/\/proterm.md\/ro\/wp-json\/wp\/v2\/product"}],"about":[{"href":"https:\/\/proterm.md\/ro\/wp-json\/wp\/v2\/types\/product"}],"wp:featuredmedia":[{"embeddable":true,"href":"https:\/\/proterm.md\/ro\/wp-json\/wp\/v2\/media\/14864"}],"wp:attachment":[{"href":"https:\/\/proterm.md\/ro\/wp-json\/wp\/v2\/media?parent=14866"}],"wp:term":[{"taxonomy":"product_brand","embeddable":true,"href":"https:\/\/proterm.md\/ro\/wp-json\/wp\/v2\/product_brand?post=14866"},{"taxonomy":"product_cat","embeddable":true,"href":"https:\/\/proterm.md\/ro\/wp-json\/wp\/v2\/product_cat?post=14866"},{"taxonomy":"product_tag","embeddable":true,"href":"https:\/\/proterm.md\/ro\/wp-json\/wp\/v2\/product_tag?post=14866"}],"curies":[{"name":"wp","href":"https:\/\/api.w.org\/{rel}","templated":true}]}}