{"id":14867,"date":"2024-03-15T12:58:59","date_gmt":"2024-03-15T10:58:59","guid":{"rendered":"https:\/\/proterm.md\/?post_type=product&#038;p=14867"},"modified":"2025-12-12T12:28:17","modified_gmt":"2025-12-12T10:28:17","slug":"supapa-fonta-de-sens-cu-arc-intre-flanse-dn-80","status":"publish","type":"product","link":"https:\/\/proterm.md\/ro\/product\/supapa-fonta-de-sens-cu-arc-intre-flanse-dn-80\/","title":{"rendered":"Supapa de sens cu arc intre flanse DN 80"},"content":{"rendered":"<p>Sunt proiectate pentru a func\u021biona cu limitarea minim\u0103 a debitului. Cum func\u021bioneaz\u0103 semi-discurile duble cu arc \u00een conduct\u0103? Discul din cauciuc asigur\u0103 o etan\u0219are pozitiv\u0103 \u00eempotriva oric\u0103rui reflux, iar scaunul flexibil previne formarea zgomotului. Supapa de re\u021binere cu pl\u0103ci duble ofer\u0103 mai mult\u0103 flexibilitate \u0219i costuri mai mici \u00een conducte. Comparativ cu supapele de re\u021binere clasice, instalarea este mai u\u0219oar\u0103, iar distan\u021ba dintre flan\u0219e este mai mic\u0103. Sunt produse \u00een conformitate cu standardele interna\u021bionale de flan\u0219\u0103 (DIN, ANSI, JIS \u0219i BS).<\/p>","protected":false},"excerpt":{"rendered":"<p>Presiune nominala: 16 bar<br \/>\nTemperatura maxima de lucru: 100 \u00b0C<br \/>\nTemperatura minima de lucru: -10 \u00b0C<br \/>\nTip etansare: EPDM<br \/>\nDiametru racord DN 80<br \/>\nModel: dublu disc<\/p>\n<p>Clapete de retinere cu arc, dublu disc ce avantaje are?<br \/>\n&#8211; cost de achizitie redus;<br \/>\n&#8211; design compact;<br \/>\n&#8211; instalare usoara;<br \/>\n&#8211; principiul non-slam de functionare;<br \/>\n&#8211; greutate redusa;<br \/>\n&#8211; potrivit pentru o instalare orizontala si verticala.<\/p>\n","protected":false},"featured_media":14868,"template":"","meta":{"_joinchat":[]},"product_brand":[],"product_cat":[2281],"product_tag":[2276],"class_list":{"0":"post-14867","1":"product","2":"type-product","3":"status-publish","4":"has-post-thumbnail","6":"product_cat-robineti-industriali","7":"product_tag-tkc-endustriyel","8":"pa_brand-tkc-endustriyel","9":"pa_diametru-260","10":"pa_name-boiler-supapa-de-sens-cu-arc","12":"first","13":"instock","14":"shipping-taxable","15":"product-type-simple"},"_links":{"self":[{"href":"https:\/\/proterm.md\/ro\/wp-json\/wp\/v2\/product\/14867","targetHints":{"allow":["GET"]}}],"collection":[{"href":"https:\/\/proterm.md\/ro\/wp-json\/wp\/v2\/product"}],"about":[{"href":"https:\/\/proterm.md\/ro\/wp-json\/wp\/v2\/types\/product"}],"wp:featuredmedia":[{"embeddable":true,"href":"https:\/\/proterm.md\/ro\/wp-json\/wp\/v2\/media\/14868"}],"wp:attachment":[{"href":"https:\/\/proterm.md\/ro\/wp-json\/wp\/v2\/media?parent=14867"}],"wp:term":[{"taxonomy":"product_brand","embeddable":true,"href":"https:\/\/proterm.md\/ro\/wp-json\/wp\/v2\/product_brand?post=14867"},{"taxonomy":"product_cat","embeddable":true,"href":"https:\/\/proterm.md\/ro\/wp-json\/wp\/v2\/product_cat?post=14867"},{"taxonomy":"product_tag","embeddable":true,"href":"https:\/\/proterm.md\/ro\/wp-json\/wp\/v2\/product_tag?post=14867"}],"curies":[{"name":"wp","href":"https:\/\/api.w.org\/{rel}","templated":true}]}}