{"id":14871,"date":"2024-03-15T13:26:19","date_gmt":"2024-03-15T11:26:19","guid":{"rendered":"https:\/\/proterm.md\/?post_type=product&#038;p=14871"},"modified":"2025-05-30T14:02:09","modified_gmt":"2025-05-30T12:02:09","slug":"compensator-antivibrant-dn80","status":"publish","type":"product","link":"https:\/\/proterm.md\/ro\/product\/compensator-antivibrant-dn80\/","title":{"rendered":"Compensator antivibrant DN80"},"content":{"rendered":"<p>Compensatorul anti-vibra\u021bii este proiectat pentru a reduce vibra\u021biile \u0219i zgomotul care apar \u00een conducte din cauza func\u021bion\u0103rii pompelor sau a altor echipamente. De asemenea, compenseaz\u0103 deplas\u0103rile de temperatur\u0103 ale conductelor \u0219i faciliteaz\u0103 instalarea \u00een cazul unei u\u0219oare nealiniere a elementelor sistemului conectate.<br \/>\nRacord compensator elastic cu flanse, este o piesa cu larga utilizare in instalatiile industriale, scopul intrebuintarii fiind pentru protejarea tevilor si coloanelor din instalatii la compresie, extensie, montaje neliniare si indoire. Mai este folosit si pentru reducerea vibratiilor si a zgomotelor provocate de acestea, reducand si efectele datorate asa ziselor lovituri de berbec. Flansele sunt fabricate din otel galvanizat iar corpul elastic din cauciuc EPDM (fara contaminare cu gust si miros a apei potabile ).<\/p>","protected":false},"excerpt":{"rendered":"<p>Dimensiune racord : DN 80<br \/>\nPresiune maxima de lucru : 16 bar<br \/>\nCorp : EPDM<br \/>\nFlanse: Fonta ductila<br \/>\nTemp.:-20&#8230;.+90\u00b0C<br \/>\nPN = 16 bar &#8211; max. 40\u00b0C<br \/>\nPN = 10 bar &#8211; max. 60\u00b0C<br \/>\nPN =  6 bar &#8211; max. 90\u00b0C<br \/>\nFlanse PN 16<br \/>\nFluid: apa rece, calda<br \/>\nExpansiune axiala: +10 mm<br \/>\nCompresie axiala: -20 mm<br \/>\nDeplasare laterala: 15 mm<br \/>\nDeplasare unghiulara: 10\u00b0<\/p>\n","protected":false},"featured_media":14872,"template":"","meta":{"_joinchat":[]},"product_brand":[],"product_cat":[2281],"product_tag":[2276],"class_list":{"0":"post-14871","1":"product","2":"type-product","3":"status-publish","4":"has-post-thumbnail","6":"product_cat-robineti-industriali","7":"product_tag-tkc-endustriyel","8":"pa_brand-tkc-endustriyel","9":"pa_diametru-260","10":"pa_name-boiler-compensator-antivibrant","12":"first","13":"instock","14":"shipping-taxable","15":"product-type-simple"},"_links":{"self":[{"href":"https:\/\/proterm.md\/ro\/wp-json\/wp\/v2\/product\/14871","targetHints":{"allow":["GET"]}}],"collection":[{"href":"https:\/\/proterm.md\/ro\/wp-json\/wp\/v2\/product"}],"about":[{"href":"https:\/\/proterm.md\/ro\/wp-json\/wp\/v2\/types\/product"}],"wp:featuredmedia":[{"embeddable":true,"href":"https:\/\/proterm.md\/ro\/wp-json\/wp\/v2\/media\/14872"}],"wp:attachment":[{"href":"https:\/\/proterm.md\/ro\/wp-json\/wp\/v2\/media?parent=14871"}],"wp:term":[{"taxonomy":"product_brand","embeddable":true,"href":"https:\/\/proterm.md\/ro\/wp-json\/wp\/v2\/product_brand?post=14871"},{"taxonomy":"product_cat","embeddable":true,"href":"https:\/\/proterm.md\/ro\/wp-json\/wp\/v2\/product_cat?post=14871"},{"taxonomy":"product_tag","embeddable":true,"href":"https:\/\/proterm.md\/ro\/wp-json\/wp\/v2\/product_tag?post=14871"}],"curies":[{"name":"wp","href":"https:\/\/api.w.org\/{rel}","templated":true}]}}